{"id":25798,"date":"2025-08-08T13:41:11","date_gmt":"2025-08-08T18:41:11","guid":{"rendered":"http:\/\/forumecuador.local\/?page_id=25798"},"modified":"2025-10-03T21:21:25","modified_gmt":"2025-10-04T02:21:25","slug":"aunestoyaqui","status":"publish","type":"page","link":"https:\/\/forumecuador.com\/es\/aunestoyaqui\/","title":{"rendered":"#AUNESTOYAQUI"},"content":{"rendered":"\t\t<div data-elementor-type=\"wp-page\" data-elementor-id=\"25798\" class=\"elementor elementor-25798\" data-elementor-post-type=\"page\">\n\t\t\t\t<div class=\"elementor-element elementor-element-447f8b2 e-flex e-con-boxed e-con e-parent\" data-id=\"447f8b2\" data-element_type=\"container\" data-e-type=\"container\">\n\t\t\t\t\t<div class=\"e-con-inner\">\n\t\t\t\t<div class=\"elementor-element elementor-element-f412d83 elementor-widget elementor-widget-spacer\" data-id=\"f412d83\" data-element_type=\"widget\" data-e-type=\"widget\" data-widget_type=\"spacer.default\">\n\t\t\t\t<div class=\"elementor-widget-container\">\n\t\t\t\t\t\t\t<div class=\"elementor-spacer\">\n\t\t\t<div class=\"elementor-spacer-inner\"><\/div>\n\t\t<\/div>\n\t\t\t\t\t\t<\/div>\n\t\t\t\t<\/div>\n\t\t\t\t\t<\/div>\n\t\t\t\t<\/div>\n\t\t<div class=\"elementor-element elementor-element-ae4b206 e-flex e-con-boxed e-con e-parent\" data-id=\"ae4b206\" data-element_type=\"container\" data-e-type=\"container\">\n\t\t\t\t\t<div class=\"e-con-inner\">\n\t\t\t\t<div class=\"elementor-element elementor-element-36f08b5 elementor-widget elementor-widget-heading\" data-id=\"36f08b5\" data-element_type=\"widget\" data-e-type=\"widget\" data-widget_type=\"heading.default\">\n\t\t\t\t<div class=\"elementor-widget-container\">\n\t\t\t\t\t<h2 class=\"elementor-heading-title elementor-size-default\">#A\u00daNESTOYAQU\u00cd<\/h2>\t\t\t\t<\/div>\n\t\t\t\t<\/div>\n\t\t\t\t\t<\/div>\n\t\t\t\t<\/div>\n\t\t<div class=\"elementor-element elementor-element-f73f16f e-flex e-con-boxed e-con e-parent\" data-id=\"f73f16f\" data-element_type=\"container\" data-e-type=\"container\">\n\t\t\t\t\t<div class=\"e-con-inner\">\n\t\t\t\t<div class=\"elementor-element elementor-element-763474d elementor-widget elementor-widget-text-editor\" data-id=\"763474d\" data-element_type=\"widget\" data-e-type=\"widget\" data-widget_type=\"text-editor.default\">\n\t\t\t\t<div class=\"elementor-widget-container\">\n\t\t\t\t\t\t\t\t\t<p>Conoce nuestra campa\u00f1a a favor del Adulto Mayor por una vida digna y saludable<\/p>\t\t\t\t\t\t\t\t<\/div>\n\t\t\t\t<\/div>\n\t\t\t\t<div class=\"elementor-element elementor-element-6830890 elementor-widget elementor-widget-text-editor\" data-id=\"6830890\" data-element_type=\"widget\" data-e-type=\"widget\" data-widget_type=\"text-editor.default\">\n\t\t\t\t<div class=\"elementor-widget-container\">\n\t\t\t\t\t\t\t\t\t<p>La campa\u00f1a \u201cA\u00fan Estoy Aqu\u00ed\u201d busca crear conciencia sobre la importancia de brindar un cuidado digno a nuestros adultos mayores. No se trata solo de asistirles en sus necesidades f\u00edsicas, sino tambi\u00e9n de comprender la profundidad de sus emociones y la importancia de su bienestar emocional.<\/p>\t\t\t\t\t\t\t\t<\/div>\n\t\t\t\t<\/div>\n\t\t\t\t\t<\/div>\n\t\t\t\t<\/div>\n\t\t<div class=\"elementor-element elementor-element-7ab7ea9 e-grid e-con-boxed e-con e-parent\" data-id=\"7ab7ea9\" data-element_type=\"container\" data-e-type=\"container\">\n\t\t\t\t\t<div class=\"e-con-inner\">\n\t\t\t\t<div class=\"elementor-element elementor-element-b3d4210 elementor-widget elementor-widget-image\" data-id=\"b3d4210\" data-element_type=\"widget\" data-e-type=\"widget\" data-widget_type=\"image.default\">\n\t\t\t\t<div class=\"elementor-widget-container\">\n\t\t\t\t\t\t\t\t\t\t\t\t\t\t\t<img fetchpriority=\"high\" decoding=\"async\" width=\"1024\" height=\"459\" src=\"https:\/\/forumecuador.com\/wp-content\/uploads\/2025\/08\/arte8-1024x459.jpg\" class=\"attachment-large size-large wp-image-8839\" alt=\"\" srcset=\"https:\/\/forumecuador.com\/wp-content\/uploads\/2025\/08\/arte8-1024x459.jpg 1024w, https:\/\/forumecuador.com\/wp-content\/uploads\/2025\/08\/arte8-600x269.jpg 600w, https:\/\/forumecuador.com\/wp-content\/uploads\/2025\/08\/arte8-300x134.jpg 300w, https:\/\/forumecuador.com\/wp-content\/uploads\/2025\/08\/arte8-768x344.jpg 768w, https:\/\/forumecuador.com\/wp-content\/uploads\/2025\/08\/arte8.jpg 1160w\" sizes=\"(max-width: 1024px) 100vw, 1024px\" \/>\t\t\t\t\t\t\t\t\t\t\t\t\t\t\t<\/div>\n\t\t\t\t<\/div>\n\t\t\t\t<div class=\"elementor-element elementor-element-165e075 elementor-widget elementor-widget-text-editor\" data-id=\"165e075\" data-element_type=\"widget\" data-e-type=\"widget\" data-widget_type=\"text-editor.default\">\n\t\t\t\t<div class=\"elementor-widget-container\">\n\t\t\t\t\t\t\t\t\t<p>Nos invita a detenernos, mirar con atenci\u00f3n y escuchar las voces sabias de nuestros adultos mayores. Honremos su presencia, cuid\u00e9moslos con amor y respeto, y asegur\u00e9monos de que siempre se sientan valorados. Al hacerlo, construiremos una sociedad m\u00e1s compasiva y emp\u00e1tica para todas las edades. Juntos, crearemos un mundo donde la experiencia y sabidur\u00eda de nuestros mayores sean verdaderamente celebradas.<\/p>\t\t\t\t\t\t\t\t<\/div>\n\t\t\t\t<\/div>\n\t\t\t\t\t<\/div>\n\t\t\t\t<\/div>\n\t\t<div class=\"elementor-element elementor-element-ed657a4 e-flex e-con-boxed e-con e-parent\" data-id=\"ed657a4\" data-element_type=\"container\" data-e-type=\"container\">\n\t\t\t\t\t<div class=\"e-con-inner\">\n\t\t\t\t<div class=\"elementor-element elementor-element-6c2f6ea elementor-widget elementor-widget-spacer\" data-id=\"6c2f6ea\" data-element_type=\"widget\" data-e-type=\"widget\" data-widget_type=\"spacer.default\">\n\t\t\t\t<div class=\"elementor-widget-container\">\n\t\t\t\t\t\t\t<div class=\"elementor-spacer\">\n\t\t\t<div class=\"elementor-spacer-inner\"><\/div>\n\t\t<\/div>\n\t\t\t\t\t\t<\/div>\n\t\t\t\t<\/div>\n\t\t\t\t\t<\/div>\n\t\t\t\t<\/div>\n\t\t<div class=\"elementor-element elementor-element-ea8f75e e-flex e-con-boxed e-con e-parent\" data-id=\"ea8f75e\" data-element_type=\"container\" data-e-type=\"container\">\n\t\t\t\t\t<div class=\"e-con-inner\">\n\t\t\t\t<div class=\"elementor-element elementor-element-ff6a4a4 elementor-widget elementor-widget-heading\" data-id=\"ff6a4a4\" data-element_type=\"widget\" data-e-type=\"widget\" data-widget_type=\"heading.default\">\n\t\t\t\t<div class=\"elementor-widget-container\">\n\t\t\t\t\t<h2 class=\"elementor-heading-title elementor-size-default\">\u00bfDeseas unirte a la campa\u00f1a?<\/h2>\t\t\t\t<\/div>\n\t\t\t\t<\/div>\n\t\t\t\t\t<\/div>\n\t\t\t\t<\/div>\n\t\t<div class=\"elementor-element elementor-element-3a6ce97 e-flex e-con-boxed e-con e-parent\" data-id=\"3a6ce97\" data-element_type=\"container\" data-e-type=\"container\">\n\t\t\t\t\t<div class=\"e-con-inner\">\n\t\t\t\t<div class=\"elementor-element elementor-element-0c95439 elementor-widget elementor-widget-text-editor\" data-id=\"0c95439\" data-element_type=\"widget\" data-e-type=\"widget\" data-widget_type=\"text-editor.default\">\n\t\t\t\t<div class=\"elementor-widget-container\">\n\t\t\t\t\t\t\t\t\t<p class=\"elementor-heading-title elementor-size-default\">\u00a1Comun\u00edcate con nosotros!<\/p>\t\t\t\t\t\t\t\t<\/div>\n\t\t\t\t<\/div>\n\t\t\t\t\t<\/div>\n\t\t\t\t<\/div>\n\t\t<div class=\"elementor-element elementor-element-134cf40 e-flex e-con-boxed e-con e-parent\" data-id=\"134cf40\" data-element_type=\"container\" data-e-type=\"container\">\n\t\t\t\t\t<div class=\"e-con-inner\">\n\t\t<div class=\"elementor-element elementor-element-30e35c1 e-con-full e-flex e-con e-child\" data-id=\"30e35c1\" data-element_type=\"container\" data-e-type=\"container\">\n\t\t\t\t<\/div>\n\t\t<div class=\"elementor-element elementor-element-abf2911 e-con-full e-flex e-con e-child\" data-id=\"abf2911\" data-element_type=\"container\" data-e-type=\"container\">\n\t\t\t\t<div class=\"elementor-element elementor-element-7fb226a elementor-button-align-center elementor-widget elementor-widget-form\" data-id=\"7fb226a\" data-element_type=\"widget\" data-e-type=\"widget\" data-settings=\"{&quot;step_next_label&quot;:&quot;Siguiente&quot;,&quot;step_previous_label&quot;:&quot;Prevui&quot;,&quot;button_width&quot;:&quot;100&quot;,&quot;step_type&quot;:&quot;number_text&quot;,&quot;step_icon_shape&quot;:&quot;circle&quot;}\" data-widget_type=\"form.default\">\n\t\t\t\t<div class=\"elementor-widget-container\">\n\t\t\t\t\t\t\t<form class=\"elementor-form\" method=\"post\" name=\"New Form\" aria-label=\"New Form\">\n\t\t\t<input type=\"hidden\" name=\"post_id\" value=\"25798\"\/>\n\t\t\t<input type=\"hidden\" name=\"form_id\" value=\"7fb226a\"\/>\n\t\t\t<input type=\"hidden\" name=\"referer_title\" value=\"#AUNESTOYAQUI - FORUM ECUADOR\" \/>\n\n\t\t\t\t\t\t\t<input type=\"hidden\" name=\"queried_id\" value=\"25798\"\/>\n\t\t\t\n\t\t\t<div class=\"elementor-form-fields-wrapper elementor-labels-above\">\n\t\t\t\t\t\t\t\t<div class=\"elementor-field-type-text elementor-field-group elementor-column elementor-field-group-name elementor-col-100\">\n\t\t\t\t\t\t\t\t\t\t\t\t<label for=\"form-field-name\" class=\"elementor-field-label\">\n\t\t\t\t\t\t\t\tNombre\t\t\t\t\t\t\t<\/label>\n\t\t\t\t\t\t\t\t\t\t\t\t\t\t<input size=\"1\" type=\"text\" name=\"form_fields[name]\" id=\"form-field-name\" class=\"elementor-field elementor-size-sm  elementor-field-textual\">\n\t\t\t\t\t\t\t\t\t\t\t<\/div>\n\t\t\t\t\t\t\t\t<div class=\"elementor-field-type-email elementor-field-group elementor-column elementor-field-group-email elementor-col-100 elementor-field-required\">\n\t\t\t\t\t\t\t\t\t\t\t\t<label for=\"form-field-email\" class=\"elementor-field-label\">\n\t\t\t\t\t\t\t\tCorreo\t\t\t\t\t\t\t<\/label>\n\t\t\t\t\t\t\t\t\t\t\t\t\t\t<input size=\"1\" type=\"email\" name=\"form_fields[email]\" id=\"form-field-email\" class=\"elementor-field elementor-size-sm  elementor-field-textual\" required=\"required\">\n\t\t\t\t\t\t\t\t\t\t\t<\/div>\n\t\t\t\t\t\t\t\t<div class=\"elementor-field-type-tel elementor-field-group elementor-column elementor-field-group-message elementor-col-100\">\n\t\t\t\t\t\t\t\t\t\t\t\t<label for=\"form-field-message\" class=\"elementor-field-label\">\n\t\t\t\t\t\t\t\tTelefono\t\t\t\t\t\t\t<\/label>\n\t\t\t\t\t\t\t\t<input size=\"1\" type=\"tel\" name=\"form_fields[message]\" id=\"form-field-message\" class=\"elementor-field elementor-size-sm  elementor-field-textual\" pattern=\"[0-9()#&amp;+*-=.]+\" title=\"Only numbers and phone characters (#, -, *, etc) are accepted.\">\n\n\t\t\t\t\t\t<\/div>\n\t\t\t\t\t\t\t\t<div class=\"elementor-field-type-textarea elementor-field-group elementor-column elementor-field-group-field_cab104f elementor-col-100\">\n\t\t\t\t\t\t\t\t\t\t\t\t<label for=\"form-field-field_cab104f\" class=\"elementor-field-label\">\n\t\t\t\t\t\t\t\tMensaje\t\t\t\t\t\t\t<\/label>\n\t\t\t\t\t\t<textarea class=\"elementor-field-textual elementor-field  elementor-size-sm\" name=\"form_fields[field_cab104f]\" id=\"form-field-field_cab104f\" rows=\"4\"><\/textarea>\t\t\t\t<\/div>\n\t\t\t\t\t\t\t\t<div class=\"elementor-field-group elementor-column elementor-field-type-submit elementor-col-100 e-form__buttons\">\n\t\t\t\t\t<button class=\"elementor-button elementor-size-sm\" type=\"submit\">\n\t\t\t\t\t\t<span class=\"elementor-button-content-wrapper\">\n\t\t\t\t\t\t\t\t\t\t\t\t\t\t\t\t\t\t\t\t\t\t<span class=\"elementor-button-text\">Enviar<\/span>\n\t\t\t\t\t\t\t\t\t\t\t\t\t<\/span>\n\t\t\t\t\t<\/button>\n\t\t\t\t<\/div>\n\t\t\t<\/div>\n\t\t<\/form>\n\t\t\t\t\t\t<\/div>\n\t\t\t\t<\/div>\n\t\t\t\t<\/div>\n\t\t<div class=\"elementor-element elementor-element-12e28b1 e-con-full e-flex e-con e-child\" data-id=\"12e28b1\" data-element_type=\"container\" data-e-type=\"container\">\n\t\t\t\t<\/div>\n\t\t\t\t\t<\/div>\n\t\t\t\t<\/div>\n\t\t<div class=\"elementor-element elementor-element-31bd4b5 e-flex e-con-boxed e-con e-parent\" data-id=\"31bd4b5\" data-element_type=\"container\" data-e-type=\"container\">\n\t\t\t\t\t<div class=\"e-con-inner\">\n\t\t\t\t<div class=\"elementor-element elementor-element-a162d0c elementor-widget elementor-widget-spacer\" data-id=\"a162d0c\" data-element_type=\"widget\" data-e-type=\"widget\" data-widget_type=\"spacer.default\">\n\t\t\t\t<div class=\"elementor-widget-container\">\n\t\t\t\t\t\t\t<div class=\"elementor-spacer\">\n\t\t\t<div class=\"elementor-spacer-inner\"><\/div>\n\t\t<\/div>\n\t\t\t\t\t\t<\/div>\n\t\t\t\t<\/div>\n\t\t\t\t\t<\/div>\n\t\t\t\t<\/div>\n\t\t\t\t<\/div>\n\t\t","protected":false},"excerpt":{"rendered":"<p>#A\u00daNESTOYAQU\u00cd Conoce nuestra campa\u00f1a a favor del Adulto Mayor por una vida digna y saludable La campa\u00f1a \u201cA\u00fan Estoy Aqu\u00ed\u201d busca crear conciencia sobre la importancia de brindar un cuidado digno a nuestros adultos mayores. No se trata solo de asistirles en sus necesidades f\u00edsicas, sino tambi\u00e9n de comprender la profundidad de sus emociones y [&hellip;]<\/p>\n","protected":false},"author":3,"featured_media":0,"parent":0,"menu_order":0,"comment_status":"closed","ping_status":"closed","template":"","meta":{"_acf_changed":false,"site-sidebar-layout":"no-sidebar","site-content-layout":"page-builder","ast-site-content-layout":"full-width-container","site-content-style":"unboxed","site-sidebar-style":"unboxed","ast-global-header-display":"","ast-banner-title-visibility":"","ast-main-header-display":"","ast-hfb-above-header-display":"","ast-hfb-below-header-display":"","ast-hfb-mobile-header-display":"","site-post-title":"disabled","ast-breadcrumbs-content":"","ast-featured-img":"disabled","footer-sml-layout":"","ast-disable-related-posts":"","theme-transparent-header-meta":"disabled","adv-header-id-meta":"","stick-header-meta":"","header-above-stick-meta":"","header-main-stick-meta":"","header-below-stick-meta":"","astra-migrate-meta-layouts":"set","ast-page-background-enabled":"default","ast-page-background-meta":{"desktop":{"background-color":"","background-image":"","background-repeat":"repeat","background-position":"center center","background-size":"auto","background-attachment":"scroll","background-type":"","background-media":"","overlay-type":"","overlay-color":"","overlay-opacity":"","overlay-gradient":""},"tablet":{"background-color":"","background-image":"","background-repeat":"repeat","background-position":"center center","background-size":"auto","background-attachment":"scroll","background-type":"","background-media":"","overlay-type":"","overlay-color":"","overlay-opacity":"","overlay-gradient":""},"mobile":{"background-color":"","background-image":"","background-repeat":"repeat","background-position":"center center","background-size":"auto","background-attachment":"scroll","background-type":"","background-media":"","overlay-type":"","overlay-color":"","overlay-opacity":"","overlay-gradient":""}},"ast-content-background-meta":{"desktop":{"background-color":"var(--ast-global-color-5)","background-image":"","background-repeat":"repeat","background-position":"center center","background-size":"auto","background-attachment":"scroll","background-type":"","background-media":"","overlay-type":"","overlay-color":"","overlay-opacity":"","overlay-gradient":""},"tablet":{"background-color":"var(--ast-global-color-5)","background-image":"","background-repeat":"repeat","background-position":"center center","background-size":"auto","background-attachment":"scroll","background-type":"","background-media":"","overlay-type":"","overlay-color":"","overlay-opacity":"","overlay-gradient":""},"mobile":{"background-color":"var(--ast-global-color-5)","background-image":"","background-repeat":"repeat","background-position":"center center","background-size":"auto","background-attachment":"scroll","background-type":"","background-media":"","overlay-type":"","overlay-color":"","overlay-opacity":"","overlay-gradient":""}},"footnotes":""},"class_list":["post-25798","page","type-page","status-publish","hentry"],"acf":[],"yoast_head":"<!-- This site is optimized with the Yoast SEO plugin v27.5 - https:\/\/yoast.com\/product\/yoast-seo-wordpress\/ -->\n<title>#AUNESTOYAQUI - FORUM ECUADOR<\/title>\n<meta name=\"robots\" content=\"index, follow, max-snippet:-1, max-image-preview:large, max-video-preview:-1\" \/>\n<link rel=\"canonical\" href=\"https:\/\/forumecuador.com\/es\/aunestoyaqui\/\" \/>\n<meta property=\"og:locale\" content=\"es_ES\" \/>\n<meta property=\"og:type\" content=\"article\" \/>\n<meta property=\"og:title\" content=\"#AUNESTOYAQUI - FORUM ECUADOR\" \/>\n<meta property=\"og:description\" content=\"#A\u00daNESTOYAQU\u00cd Conoce nuestra campa\u00f1a a favor del Adulto Mayor por una vida digna y saludable La campa\u00f1a \u201cA\u00fan Estoy Aqu\u00ed\u201d busca crear conciencia sobre la importancia de brindar un cuidado digno a nuestros adultos mayores. No se trata solo de asistirles en sus necesidades f\u00edsicas, sino tambi\u00e9n de comprender la profundidad de sus emociones y [&hellip;]\" \/>\n<meta property=\"og:url\" content=\"https:\/\/forumecuador.com\/es\/aunestoyaqui\/\" \/>\n<meta property=\"og:site_name\" content=\"FORUM ECUADOR\" \/>\n<meta property=\"article:modified_time\" content=\"2025-10-04T02:21:25+00:00\" \/>\n<meta property=\"og:image\" content=\"https:\/\/forumecuador.com\/wp-content\/uploads\/2025\/08\/arte8.jpg\" \/>\n\t<meta property=\"og:image:width\" content=\"1160\" \/>\n\t<meta property=\"og:image:height\" content=\"520\" \/>\n\t<meta property=\"og:image:type\" content=\"image\/jpeg\" \/>\n<meta name=\"twitter:card\" content=\"summary_large_image\" \/>\n<meta name=\"twitter:label1\" content=\"Tiempo de lectura\" \/>\n\t<meta name=\"twitter:data1\" content=\"1 minuto\" \/>\n<script type=\"application\/ld+json\" class=\"yoast-schema-graph\">{\"@context\":\"https:\\\/\\\/schema.org\",\"@graph\":[{\"@type\":\"WebPage\",\"@id\":\"https:\\\/\\\/forumecuador.com\\\/aunestoyaqui\\\/\",\"url\":\"https:\\\/\\\/forumecuador.com\\\/aunestoyaqui\\\/\",\"name\":\"#AUNESTOYAQUI - FORUM ECUADOR\",\"isPartOf\":{\"@id\":\"https:\\\/\\\/forumecuador.com\\\/#website\"},\"primaryImageOfPage\":{\"@id\":\"https:\\\/\\\/forumecuador.com\\\/aunestoyaqui\\\/#primaryimage\"},\"image\":{\"@id\":\"https:\\\/\\\/forumecuador.com\\\/aunestoyaqui\\\/#primaryimage\"},\"thumbnailUrl\":\"https:\\\/\\\/forumecuador.com\\\/wp-content\\\/uploads\\\/2025\\\/08\\\/arte8-1024x459.jpg\",\"datePublished\":\"2025-08-08T18:41:11+00:00\",\"dateModified\":\"2025-10-04T02:21:25+00:00\",\"breadcrumb\":{\"@id\":\"https:\\\/\\\/forumecuador.com\\\/aunestoyaqui\\\/#breadcrumb\"},\"inLanguage\":\"es\",\"potentialAction\":[{\"@type\":\"ReadAction\",\"target\":[\"https:\\\/\\\/forumecuador.com\\\/aunestoyaqui\\\/\"]}]},{\"@type\":\"ImageObject\",\"inLanguage\":\"es\",\"@id\":\"https:\\\/\\\/forumecuador.com\\\/aunestoyaqui\\\/#primaryimage\",\"url\":\"https:\\\/\\\/forumecuador.com\\\/wp-content\\\/uploads\\\/2025\\\/08\\\/arte8-1024x459.jpg\",\"contentUrl\":\"https:\\\/\\\/forumecuador.com\\\/wp-content\\\/uploads\\\/2025\\\/08\\\/arte8-1024x459.jpg\"},{\"@type\":\"BreadcrumbList\",\"@id\":\"https:\\\/\\\/forumecuador.com\\\/aunestoyaqui\\\/#breadcrumb\",\"itemListElement\":[{\"@type\":\"ListItem\",\"position\":1,\"name\":\"Portada\",\"item\":\"https:\\\/\\\/forumecuador.com\\\/\"},{\"@type\":\"ListItem\",\"position\":2,\"name\":\"#AUNESTOYAQUI\"}]},{\"@type\":\"WebSite\",\"@id\":\"https:\\\/\\\/forumecuador.com\\\/#website\",\"url\":\"https:\\\/\\\/forumecuador.com\\\/\",\"name\":\"FORUM ECUADOR\",\"description\":\"FORMACI\u00d3N CONTINUA DIPLOMADOS\",\"publisher\":{\"@id\":\"https:\\\/\\\/forumecuador.com\\\/#organization\"},\"potentialAction\":[{\"@type\":\"SearchAction\",\"target\":{\"@type\":\"EntryPoint\",\"urlTemplate\":\"https:\\\/\\\/forumecuador.com\\\/?s={search_term_string}\"},\"query-input\":{\"@type\":\"PropertyValueSpecification\",\"valueRequired\":true,\"valueName\":\"search_term_string\"}}],\"inLanguage\":\"es\"},{\"@type\":\"Organization\",\"@id\":\"https:\\\/\\\/forumecuador.com\\\/#organization\",\"name\":\"FORUM ECUADOR\",\"url\":\"https:\\\/\\\/forumecuador.com\\\/\",\"logo\":{\"@type\":\"ImageObject\",\"inLanguage\":\"es\",\"@id\":\"https:\\\/\\\/forumecuador.com\\\/#\\\/schema\\\/logo\\\/image\\\/\",\"url\":\"https:\\\/\\\/forumecuador.com\\\/wp-content\\\/uploads\\\/2025\\\/08\\\/cropped-logo-horizontal-fondo-blanco.png\",\"contentUrl\":\"https:\\\/\\\/forumecuador.com\\\/wp-content\\\/uploads\\\/2025\\\/08\\\/cropped-logo-horizontal-fondo-blanco.png\",\"width\":900,\"height\":151,\"caption\":\"FORUM ECUADOR\"},\"image\":{\"@id\":\"https:\\\/\\\/forumecuador.com\\\/#\\\/schema\\\/logo\\\/image\\\/\"}}]}<\/script>\n<!-- \/ Yoast SEO plugin. -->","yoast_head_json":{"title":"#AUNESTOYAQUI - FORUM ECUADOR","robots":{"index":"index","follow":"follow","max-snippet":"max-snippet:-1","max-image-preview":"max-image-preview:large","max-video-preview":"max-video-preview:-1"},"canonical":"https:\/\/forumecuador.com\/es\/aunestoyaqui\/","og_locale":"es_ES","og_type":"article","og_title":"#AUNESTOYAQUI - FORUM ECUADOR","og_description":"#A\u00daNESTOYAQU\u00cd Conoce nuestra campa\u00f1a a favor del Adulto Mayor por una vida digna y saludable La campa\u00f1a \u201cA\u00fan Estoy Aqu\u00ed\u201d busca crear conciencia sobre la importancia de brindar un cuidado digno a nuestros adultos mayores. No se trata solo de asistirles en sus necesidades f\u00edsicas, sino tambi\u00e9n de comprender la profundidad de sus emociones y [&hellip;]","og_url":"https:\/\/forumecuador.com\/es\/aunestoyaqui\/","og_site_name":"FORUM ECUADOR","article_modified_time":"2025-10-04T02:21:25+00:00","og_image":[{"width":1160,"height":520,"url":"https:\/\/forumecuador.com\/wp-content\/uploads\/2025\/08\/arte8.jpg","type":"image\/jpeg"}],"twitter_card":"summary_large_image","twitter_misc":{"Tiempo de lectura":"1 minuto"},"schema":{"@context":"https:\/\/schema.org","@graph":[{"@type":"WebPage","@id":"https:\/\/forumecuador.com\/aunestoyaqui\/","url":"https:\/\/forumecuador.com\/aunestoyaqui\/","name":"#AUNESTOYAQUI - FORUM ECUADOR","isPartOf":{"@id":"https:\/\/forumecuador.com\/#website"},"primaryImageOfPage":{"@id":"https:\/\/forumecuador.com\/aunestoyaqui\/#primaryimage"},"image":{"@id":"https:\/\/forumecuador.com\/aunestoyaqui\/#primaryimage"},"thumbnailUrl":"https:\/\/forumecuador.com\/wp-content\/uploads\/2025\/08\/arte8-1024x459.jpg","datePublished":"2025-08-08T18:41:11+00:00","dateModified":"2025-10-04T02:21:25+00:00","breadcrumb":{"@id":"https:\/\/forumecuador.com\/aunestoyaqui\/#breadcrumb"},"inLanguage":"es","potentialAction":[{"@type":"ReadAction","target":["https:\/\/forumecuador.com\/aunestoyaqui\/"]}]},{"@type":"ImageObject","inLanguage":"es","@id":"https:\/\/forumecuador.com\/aunestoyaqui\/#primaryimage","url":"https:\/\/forumecuador.com\/wp-content\/uploads\/2025\/08\/arte8-1024x459.jpg","contentUrl":"https:\/\/forumecuador.com\/wp-content\/uploads\/2025\/08\/arte8-1024x459.jpg"},{"@type":"BreadcrumbList","@id":"https:\/\/forumecuador.com\/aunestoyaqui\/#breadcrumb","itemListElement":[{"@type":"ListItem","position":1,"name":"Portada","item":"https:\/\/forumecuador.com\/"},{"@type":"ListItem","position":2,"name":"#AUNESTOYAQUI"}]},{"@type":"WebSite","@id":"https:\/\/forumecuador.com\/#website","url":"https:\/\/forumecuador.com\/","name":"FORUM ECUADOR","description":"FORMACI\u00d3N CONTINUA DIPLOMADOS","publisher":{"@id":"https:\/\/forumecuador.com\/#organization"},"potentialAction":[{"@type":"SearchAction","target":{"@type":"EntryPoint","urlTemplate":"https:\/\/forumecuador.com\/?s={search_term_string}"},"query-input":{"@type":"PropertyValueSpecification","valueRequired":true,"valueName":"search_term_string"}}],"inLanguage":"es"},{"@type":"Organization","@id":"https:\/\/forumecuador.com\/#organization","name":"FORUM ECUADOR","url":"https:\/\/forumecuador.com\/","logo":{"@type":"ImageObject","inLanguage":"es","@id":"https:\/\/forumecuador.com\/#\/schema\/logo\/image\/","url":"https:\/\/forumecuador.com\/wp-content\/uploads\/2025\/08\/cropped-logo-horizontal-fondo-blanco.png","contentUrl":"https:\/\/forumecuador.com\/wp-content\/uploads\/2025\/08\/cropped-logo-horizontal-fondo-blanco.png","width":900,"height":151,"caption":"FORUM ECUADOR"},"image":{"@id":"https:\/\/forumecuador.com\/#\/schema\/logo\/image\/"}}]}},"_links":{"self":[{"href":"https:\/\/forumecuador.com\/es\/wp-json\/wp\/v2\/pages\/25798","targetHints":{"allow":["GET"]}}],"collection":[{"href":"https:\/\/forumecuador.com\/es\/wp-json\/wp\/v2\/pages"}],"about":[{"href":"https:\/\/forumecuador.com\/es\/wp-json\/wp\/v2\/types\/page"}],"author":[{"embeddable":true,"href":"https:\/\/forumecuador.com\/es\/wp-json\/wp\/v2\/users\/3"}],"replies":[{"embeddable":true,"href":"https:\/\/forumecuador.com\/es\/wp-json\/wp\/v2\/comments?post=25798"}],"version-history":[{"count":0,"href":"https:\/\/forumecuador.com\/es\/wp-json\/wp\/v2\/pages\/25798\/revisions"}],"wp:attachment":[{"href":"https:\/\/forumecuador.com\/es\/wp-json\/wp\/v2\/media?parent=25798"}],"curies":[{"name":"wp","href":"https:\/\/api.w.org\/{rel}","templated":true}]}}