{"id":26472,"date":"2025-08-12T16:43:08","date_gmt":"2025-08-12T21:43:08","guid":{"rendered":"http:\/\/forumecuador.local\/?post_type=product&#038;p=26472"},"modified":"2025-08-12T17:05:28","modified_gmt":"2025-08-12T22:05:28","slug":"diplomado-arteterapia-tecnicas-y-aplicaciones-terapeuticas","status":"publish","type":"product","link":"https:\/\/forumecuador.com\/es\/product\/diplomado-arteterapia-tecnicas-y-aplicaciones-terapeuticas\/","title":{"rendered":"Diplomado Arteterapia : T\u00e9cnicas y aplicaciones terap\u00e9uticas"},"content":{"rendered":"<h4>DIPLOMADO ARTETERAPIA: T\u00c9CNICAS Y APLICACIONES TERAP\u00c9UTICAS<\/h4>\n<p><strong>Modalidad:<\/strong> Online con profesor en vivo<br \/>\n<strong>Horario:<\/strong> Lunes a Mi\u00e9rcoles de 19:00 a 21h30<br \/>\n<strong style=\"font-size: 1rem;\"><span style=\"font-size: 1rem;\"><strong>Inicio de clases<\/strong><\/span>:<\/strong><span style=\"font-size: 1rem;\"> 25 DE AGOSTO DEL 2025<br \/>\n<\/span><strong>Duraci\u00f3n:<\/strong>\u00a0 8 semanas &#8211; 120 horas acad\u00e9micas<\/p>\n<p><span style=\"color: #000000;\"><strong>ANTECEDENTES<\/strong><\/span><\/p>\n<p><strong>\u00a1Reconecta con tu vocaci\u00f3n y mejora vidas a trav\u00e9s del arte!<\/strong><\/p>\n<p>Desde la pr\u00e1ctica cl\u00ednica, es evidente que el lenguaje verbal no siempre es\u00a0suficiente para acceder al mundo interno del paciente, existen experiencias que se alojan en lo no dicho, en lo preverbal, en lo fragmentado, la palabra, por s\u00ed sola, a veces se encuentra limitada ante el sufrimiento\u00a0ps\u00edquico profundo.<\/p>\n<p>El Diplomado en Arteterapia surge como una respuesta formativa rigurosa\u00a0para enriquecer la intervenci\u00f3n psicoterap\u00e9utica mediante el uso cl\u00ednico\u00a0del lenguaje art\u00edstico, su propuesta integra herramientas expresivas,\u00a0proyectivas y simb\u00f3licas, sostenidas en marcos te\u00f3ricos consistentes y\u00a0pr\u00e1cticas \u00e9ticamente fundamentada, con la finalidad de fortalecer los\u00a0procesos de simbolizaci\u00f3n, contenci\u00f3n y transformaci\u00f3n ps\u00edquica.<\/p>\n<p>El sustento te\u00f3rico de este diplomado se articula en tres\u00a0pilares fundamentales:<\/p>\n<p><strong>Psicodin\u00e1mica:<\/strong>\u00a0Aporta la comprensi\u00f3n del s\u00edmbolo, el deseo y el inconsciente como contenidos que emergen a trav\u00e9s de la imagen, el color y la forma. Facilita el\u00a0acceso a lo reprimido mediante herramientas proyectivas.<\/p>\n<p>G<strong>estalt y Humanismo:<\/strong>\u00a0Proveen una mirada centrada en la experiencia del \u201caqu\u00ed y ahora\u201d, promoviendo la autenticidad, la integraci\u00f3n emocional y el uso terap\u00e9utico del acto\u00a0creativo.<\/p>\n<p><strong>Transpersonal:\u00a0<\/strong>Abre posibilidades para abordar estados ampliados de conciencia, espiritualidad y sentido vital como parte de un acompa\u00f1amiento terap\u00e9utico integral.<\/p>\n<p>\u00bfA qui\u00e9n est\u00e1 dirigido?<\/p>\n<p>Este diplomado ha sido dise\u00f1ado exclusivamente para psic\u00f3logos que\u00a0comprenden que, en m\u00faltiples procesos terap\u00e9uticos, la palabra no basta,\u00a0est\u00e1 orientado a quienes acompa\u00f1an a pacientes con trauma, duelo,\u00a0alexitimia o bloqueo emocional, y necesitan incorporar herramientas simb\u00f3licas, expresivas y proyectivas que ampl\u00eden su capacidad de escucha\u00a0cl\u00ednica e intervenci\u00f3n terap\u00e9utica.<\/p>\n<p>La propuesta se dirige a profesionales que desean integrar recursos provenientes de tres marcos te\u00f3ricos fundamentales psicodin\u00e1mico, humanista y transpersonal y fortalecer un encuadre cl\u00ednico m\u00e1s sensible, profundo y \u00e9ticamente sostenido.<\/p>\n<p><strong>\u201cDonde el lenguaje calla, el s\u00edmbolo <\/strong><strong>habla.\u201d\u00a0<\/strong><em>\u2013 Carl Gustav Jung<\/em><\/p>\n<p>Entonces, \u00bfPorqu\u00e9 es importante el\u00a0diplomado?<\/p>\n<p>Fortalecer la pr\u00e1ctica cl\u00ednica de los profesionales de la psicolog\u00eda mediante\u00a0la integraci\u00f3n de herramientas arteterap\u00e9uticas aplicables en evaluaci\u00f3n,\u00a0diagn\u00f3stico e intervenci\u00f3n, desde un enfoque psicodin\u00e1mico, humanista y\u00a0transpersonal, en diversos contextos y poblaciones.<\/p>\n<p><strong>\u201cEl terapeuta que no se transforma, dif\u00edcilmente transforma.\u201d<\/strong> \u2013 Virginia Satir<\/p>\n<p>Vuelve a tu vocaci\u00f3n, acompa\u00f1a desde el arte&#8230;<\/p>\n<p>Descubre el poder del arte<\/p>\n<p>&nbsp;<\/p>\n<p><span style=\"color: #000000;\"><strong>METODOLOG\u00cdA<\/strong><\/span><\/p>\n<p>Metodolog\u00eda PBL ONLINE con profesor en vivo, en horario amigable de lunes a mi\u00e9rcoles de 19:00 a 21:30, duraci\u00f3n 8 semanas.<\/p>\n<p><span style=\"color: #000000;\"><strong>A QUIENES EST\u00c1 DIRIGIDO EL CURSO.<\/strong><\/span><\/p>\n<p>Va dirigido a todos los Profesionales del \u00e1mbito del \u00e1rea de la salud, docencia que desean ampliar sus habilidades terap\u00e9uticas integrando el arte como herramienta de intervenci\u00f3n.<\/p>\n<ul>\n<li style=\"list-style-type: none;\">\n<ul>\n<li>Psic\u00f3logos<\/li>\n<li>Profesionales en el \u00e1rea de la docencia<\/li>\n<li>Enfermeras<\/li>\n<li>Terapeutas<\/li>\n<li>Coaching<\/li>\n<\/ul>\n<\/li>\n<\/ul>\n<p><span style=\"color: #000000;\"><strong>OBJETIVOS\u00a0 DEL CURSO:<\/strong><\/span><\/p>\n<p>Proporcionar un espacio seguro y terap\u00e9utico para la liberaci\u00f3n de tensiones emocionales, lo cual puede ayudar a reducir niveles de estr\u00e9s y ansiedad, logrando as\u00ed contribuir al bienestar general de los participantes al ofrecerles una v\u00eda creativa para el autocuidado y la gesti\u00f3n emocional.<\/p>\n<p><span style=\"color: #000000;\"><strong>E<\/strong><strong>S<\/strong><strong>Q<\/strong><strong>U<\/strong><strong>E<\/strong><strong>M<\/strong><strong>A DE CONOCIMIENTOS DEL CURSO:<\/strong><\/span><\/p>\n<p><strong>01 Fundamentos Avanzados en Arteterapia<\/strong><\/p>\n<ul>\n<li>&#8211; Modelos te\u00f3ricos contempor\u00e1neos<\/li>\n<li>&#8211; Neurociencia aplicada<\/li>\n<li>&#8211; Procesos simb\u00f3licos en la intervenci\u00f3n<\/li>\n<\/ul>\n<p><strong>02 Evaluaci\u00f3n y Diagn\u00f3stico<\/strong><\/p>\n<ul>\n<li>&#8211; Herramientas de evaluaci\u00f3n visual<\/li>\n<li>&#8211; An\u00e1lisis de expresi\u00f3n gr\u00e1fica<\/li>\n<li>&#8211; Elaboraci\u00f3n de informes terap\u00e9uticos<\/li>\n<\/ul>\n<p><strong>03 Aplicaci\u00f3n en Contextos Espec\u00edficos<\/strong><\/p>\n<ul>\n<li>&#8211; Arteterapia en salud mental<\/li>\n<li>&#8211; Enfoques educativos y comunitarios<\/li>\n<li>&#8211; Trabajo con poblaciones vulnerables<\/li>\n<\/ul>\n<p><strong>04 Pr\u00e1ctica Profesional y Supervisi\u00f3n<\/strong><\/p>\n<ul>\n<li>&#8211; Estudio de casos cl\u00ednicos<\/li>\n<li>&#8211; M\u00e9todos de supervisi\u00f3n<\/li>\n<li>&#8211; Habilidades terap\u00e9uticas avanzadas.<\/li>\n<\/ul>\n<p>&nbsp;<\/p>\n<p><strong>05 Creaci\u00f3n de Proyectos y Talleres<\/strong><\/p>\n<ul>\n<li>&#8211; Dise\u00f1o de proyectos terap\u00e9uticos<\/li>\n<li>&#8211; Evaluaci\u00f3n, ajustes y presentaci\u00f3n final<\/li>\n<li style=\"list-style-type: none;\"><\/li>\n<\/ul>\n<p><span style=\"color: #000000;\"><strong>CERTIFICACI\u00d3N:<\/strong><\/span><\/p>\n<ul>\n<li style=\"list-style-type: none;\">\n<ul>\n<li>Certificaci\u00f3n emitida por el centro de formaci\u00f3n F\u00f3rum Ecuador regulado por el Ministerio de trabajo del Ecuador<\/li>\n<\/ul>\n<\/li>\n<\/ul>\n<p><span style=\"color: #000000;\"><strong>VALORES DEL DIPLOMADO:<\/strong><\/span><\/p>\n<p class=\"font_8\"><span style=\"color: #000000;\">P.V.P\u00a0 \u00a0 \u00a0 \u00a0 \u00a0 \u00a0 \u00a0 \u00a0 \u00a0 \u00a0 \u00a0 \u00a0 \u00a0 \u00a0 \u00a0 \u00a0 \u00a0 \u00a0 \u00a0 \u00a0 \u00a0 \u00a0 \u00a0 \u00a0 \u00a0 \u00a0 \u00a0 \u00a0 \u00a0 \u00a0 \u00a0 \u00a0 \u00a0 \u00a0 \u00a0610 USD<br \/>\nPrecio de contado\/transferencia\/deposito:\u00a0 397 USD<br \/>\n<\/span><span style=\"color: #000000;\">Precio diferido con tarjeta de cr\u00e9dito:\u00a0 \u00a0 \u00a0 \u00a0 \u00a0 \u00a0 460 USD<br \/>\n<\/span><\/p>\n<p>Planes diferidos con tarjeta de cr\u00e9dito a\u00a0 3 y 6 meses sin intereses, con\u00a0 tarjetas VISA, MASTERCARD, DINERS, DISCOVER, AMERICAN EXPRESS de los bancos Pichincha, Guayaquil, Pacifico.<\/p>\n<p><span style=\"color: #000000;\"><strong>Datos de cuenta para dep\u00f3sito o transferencia.<\/strong><\/span><\/p>\n<p><span style=\"color: #000000;\">Dep\u00f3sito\u00a0 o transferencia Bancaria:<\/span><\/p>\n<ul>\n<li><span style=\"color: #000000;\">Destinatario:\u00a0 \u00a0\u00a0\u00a0\u00a0\u00a0\u00a0\u00a0\u00a0\u00a0\u00a0\u00a0\u00a0\u00a0\u00a0\u00a0\u00a0\u00a0\u00a0\u00a0\u00a0\u00a0\u00a0\u00a0\u00a0\u00a0\u00a0\u00a0\u00a0\u00a0\u00a0\u00a0\u00a0\u00a0 \u00a0FORUM ECUADOR<\/span><\/li>\n<li><span style=\"color: #000000;\">RUC: \u00a0\u00a0\u00a0\u00a0\u00a0\u00a0\u00a0\u00a0\u00a0\u00a0\u00a0\u00a0\u00a0\u00a0\u00a0\u00a0\u00a0\u00a0\u00a0\u00a0\u00a0\u00a0\u00a0\u00a0\u00a0\u00a0\u00a0\u00a0\u00a0\u00a0\u00a0\u00a0\u00a0\u00a0\u00a0\u00a0\u00a0\u00a0\u00a0\u00a0\u00a0\u00a0\u00a0\u00a0\u00a0\u00a0\u00a0\u00a0\u00a0 1792122201001<\/span><\/li>\n<li><span style=\"color: #000000;\">BANCO: \u00a0\u00a0\u00a0\u00a0\u00a0\u00a0\u00a0\u00a0\u00a0\u00a0\u00a0\u00a0\u00a0\u00a0\u00a0\u00a0\u00a0\u00a0\u00a0\u00a0\u00a0\u00a0\u00a0\u00a0\u00a0\u00a0\u00a0\u00a0\u00a0\u00a0\u00a0\u00a0\u00a0\u00a0\u00a0\u00a0\u00a0\u00a0\u00a0\u00a0\u00a0\u00a0\u00a0 PICHINCHA<\/span><\/li>\n<li><span style=\"color: #000000;\">Cuenta corriente: \u00a0\u00a0\u00a0\u00a0\u00a0\u00a0\u00a0\u00a0\u00a0\u00a0\u00a0\u00a0\u00a0\u00a0\u00a0\u00a0\u00a0\u00a0\u00a0\u00a0\u00a0\u00a0\u00a0\u00a0\u00a0 #3386334304<\/span><\/li>\n<li><span style=\"color: #000000;\">E mail: \u00a0\u00a0\u00a0\u00a0\u00a0\u00a0\u00a0\u00a0\u00a0\u00a0\u00a0\u00a0\u00a0\u00a0\u00a0\u00a0\u00a0\u00a0\u00a0\u00a0\u00a0\u00a0\u00a0\u00a0\u00a0\u00a0\u00a0\u00a0\u00a0\u00a0\u00a0\u00a0\u00a0\u00a0\u00a0\u00a0\u00a0\u00a0\u00a0\u00a0\u00a0\u00a0\u00a0\u00a0\u00a0\u00a0 <a style=\"color: #000000;\" href=\"mailto:forumecuador@gmail.com\">forumecuador@gmail.com<\/a><\/span><\/li>\n<\/ul>\n<p><span style=\"color: #000000;\">Si deseas matricularte en <strong>forma presencial<\/strong> debes acercarte a nuestras oficinas ubicadas en la ciudad de Quito en l<em>a Av. Francisco de Orellana E9-195 y Av. 6 de Diciembre, Edificio Alisal de Orellana &#8211; Oficina PB-01<\/em> en horario de 09:00 a 13:00 y de 14:00 a 17:00 de lunes a viernes.<\/span><\/p>","protected":false},"excerpt":{"rendered":"<p>DIPLOMADO ARTETERAPIA: T\u00c9CNICAS Y APLICACIONES TERAP\u00c9UTICAS Modalidad: Online con profesor en vivo Horario: Lunes a Mi\u00e9rcoles de 19:00 a 21h30 Inicio de clases: 25 DE AGOSTO DEL 2025 Duraci\u00f3n:\u00a0 8 semanas &#8211; 120 horas acad\u00e9micas ANTECEDENTES \u00a1Reconecta con tu vocaci\u00f3n y mejora vidas a trav\u00e9s del arte! Desde la pr\u00e1ctica cl\u00ednica, es evidente que el [&hellip;]<\/p>\n","protected":false},"featured_media":26200,"comment_status":"open","ping_status":"closed","template":"","meta":{"_acf_changed":false,"site-sidebar-layout":"default","site-content-layout":"","ast-site-content-layout":"default","site-content-style":"default","site-sidebar-style":"default","ast-global-header-display":"","ast-banner-title-visibility":"","ast-main-header-display":"","ast-hfb-above-header-display":"","ast-hfb-below-header-display":"","ast-hfb-mobile-header-display":"","site-post-title":"","ast-breadcrumbs-content":"","ast-featured-img":"","footer-sml-layout":"","ast-disable-related-posts":"","theme-transparent-header-meta":"default","adv-header-id-meta":"","stick-header-meta":"","header-above-stick-meta":"","header-main-stick-meta":"","header-below-stick-meta":"","astra-migrate-meta-layouts":"set","ast-page-background-enabled":"default","ast-page-background-meta":{"desktop":{"background-color":"","background-image":"","background-repeat":"repeat","background-position":"center center","background-size":"auto","background-attachment":"scroll","background-type":"","background-media":"","overlay-type":"","overlay-color":"","overlay-opacity":"","overlay-gradient":""},"tablet":{"background-color":"","background-image":"","background-repeat":"repeat","background-position":"center center","background-size":"auto","background-attachment":"scroll","background-type":"","background-media":"","overlay-type":"","overlay-color":"","overlay-opacity":"","overlay-gradient":""},"mobile":{"background-color":"","background-image":"","background-repeat":"repeat","background-position":"center center","background-size":"auto","background-attachment":"scroll","background-type":"","background-media":"","overlay-type":"","overlay-color":"","overlay-opacity":"","overlay-gradient":""}},"ast-content-background-meta":{"desktop":{"background-color":"var(--ast-global-color-5)","background-image":"","background-repeat":"repeat","background-position":"center center","background-size":"auto","background-attachment":"scroll","background-type":"","background-media":"","overlay-type":"","overlay-color":"","overlay-opacity":"","overlay-gradient":""},"tablet":{"background-color":"var(--ast-global-color-5)","background-image":"","background-repeat":"repeat","background-position":"center center","background-size":"auto","background-attachment":"scroll","background-type":"","background-media":"","overlay-type":"","overlay-color":"","overlay-opacity":"","overlay-gradient":""},"mobile":{"background-color":"var(--ast-global-color-5)","background-image":"","background-repeat":"repeat","background-position":"center center","background-size":"auto","background-attachment":"scroll","background-type":"","background-media":"","overlay-type":"","overlay-color":"","overlay-opacity":"","overlay-gradient":""}}},"product_brand":[],"product_cat":[15],"product_tag":[],"class_list":{"0":"post-26472","1":"product","2":"type-product","3":"status-publish","4":"has-post-thumbnail","6":"product_cat-uncategorized","7":"desktop-align-left","8":"tablet-align-left","9":"mobile-align-left","11":"first","12":"instock","13":"sale","14":"shipping-taxable","15":"purchasable","16":"product-type-simple"},"acf":[],"yoast_head":"<!-- This site is optimized with the Yoast SEO plugin v27.1.1 - https:\/\/yoast.com\/product\/yoast-seo-wordpress\/ -->\n<title>Diplomado Arteterapia : T\u00e9cnicas y aplicaciones terap\u00e9uticas - FORUM ECUADOR<\/title>\n<meta name=\"robots\" content=\"index, follow, max-snippet:-1, max-image-preview:large, max-video-preview:-1\" \/>\n<link rel=\"canonical\" href=\"https:\/\/forumecuador.com\/es\/product\/diplomado-arteterapia-tecnicas-y-aplicaciones-terapeuticas\/\" \/>\n<meta property=\"og:locale\" content=\"es_ES\" \/>\n<meta property=\"og:type\" content=\"article\" \/>\n<meta property=\"og:title\" content=\"Diplomado Arteterapia : T\u00e9cnicas y aplicaciones terap\u00e9uticas - FORUM ECUADOR\" \/>\n<meta property=\"og:description\" content=\"DIPLOMADO ARTETERAPIA: T\u00c9CNICAS Y APLICACIONES TERAP\u00c9UTICAS Modalidad: Online con profesor en vivo Horario: Lunes a Mi\u00e9rcoles de 19:00 a 21h30 Inicio de clases: 25 DE AGOSTO DEL 2025 Duraci\u00f3n:\u00a0 8 semanas &#8211; 120 horas acad\u00e9micas ANTECEDENTES \u00a1Reconecta con tu vocaci\u00f3n y mejora vidas a trav\u00e9s del arte! Desde la pr\u00e1ctica cl\u00ednica, es evidente que el [&hellip;]\" \/>\n<meta property=\"og:url\" content=\"https:\/\/forumecuador.com\/es\/product\/diplomado-arteterapia-tecnicas-y-aplicaciones-terapeuticas\/\" \/>\n<meta property=\"og:site_name\" content=\"FORUM ECUADOR\" \/>\n<meta property=\"article:modified_time\" content=\"2025-08-12T22:05:28+00:00\" \/>\n<meta property=\"og:image\" content=\"https:\/\/forumecuador.com\/wp-content\/uploads\/2025\/08\/ARTETERAPIA-2025-8-5-1.png\" \/>\n\t<meta property=\"og:image:width\" content=\"800\" \/>\n\t<meta property=\"og:image:height\" content=\"532\" \/>\n\t<meta property=\"og:image:type\" content=\"image\/png\" \/>\n<meta name=\"twitter:card\" content=\"summary_large_image\" \/>\n<meta name=\"twitter:label1\" content=\"Tiempo de lectura\" \/>\n\t<meta name=\"twitter:data1\" content=\"4 minutos\" \/>\n<script type=\"application\/ld+json\" class=\"yoast-schema-graph\">{\"@context\":\"https:\/\/schema.org\",\"@graph\":[{\"@type\":\"WebPage\",\"@id\":\"https:\/\/forumecuador.com\/product\/diplomado-arteterapia-tecnicas-y-aplicaciones-terapeuticas\/\",\"url\":\"https:\/\/forumecuador.com\/product\/diplomado-arteterapia-tecnicas-y-aplicaciones-terapeuticas\/\",\"name\":\"Diplomado Arteterapia : T\u00e9cnicas y aplicaciones terap\u00e9uticas - FORUM ECUADOR\",\"isPartOf\":{\"@id\":\"https:\/\/forumecuador.com\/#website\"},\"primaryImageOfPage\":{\"@id\":\"https:\/\/forumecuador.com\/product\/diplomado-arteterapia-tecnicas-y-aplicaciones-terapeuticas\/#primaryimage\"},\"image\":{\"@id\":\"https:\/\/forumecuador.com\/product\/diplomado-arteterapia-tecnicas-y-aplicaciones-terapeuticas\/#primaryimage\"},\"thumbnailUrl\":\"https:\/\/forumecuador.com\/wp-content\/uploads\/2025\/08\/ARTETERAPIA-2025-8-5-1.png\",\"datePublished\":\"2025-08-12T21:43:08+00:00\",\"dateModified\":\"2025-08-12T22:05:28+00:00\",\"breadcrumb\":{\"@id\":\"https:\/\/forumecuador.com\/product\/diplomado-arteterapia-tecnicas-y-aplicaciones-terapeuticas\/#breadcrumb\"},\"inLanguage\":\"es\",\"potentialAction\":[{\"@type\":\"ReadAction\",\"target\":[\"https:\/\/forumecuador.com\/product\/diplomado-arteterapia-tecnicas-y-aplicaciones-terapeuticas\/\"]}]},{\"@type\":\"ImageObject\",\"inLanguage\":\"es\",\"@id\":\"https:\/\/forumecuador.com\/product\/diplomado-arteterapia-tecnicas-y-aplicaciones-terapeuticas\/#primaryimage\",\"url\":\"https:\/\/forumecuador.com\/wp-content\/uploads\/2025\/08\/ARTETERAPIA-2025-8-5-1.png\",\"contentUrl\":\"https:\/\/forumecuador.com\/wp-content\/uploads\/2025\/08\/ARTETERAPIA-2025-8-5-1.png\",\"width\":800,\"height\":532},{\"@type\":\"BreadcrumbList\",\"@id\":\"https:\/\/forumecuador.com\/product\/diplomado-arteterapia-tecnicas-y-aplicaciones-terapeuticas\/#breadcrumb\",\"itemListElement\":[{\"@type\":\"ListItem\",\"position\":1,\"name\":\"Portada\",\"item\":\"https:\/\/forumecuador.com\/\"},{\"@type\":\"ListItem\",\"position\":2,\"name\":\"Productos\",\"item\":\"https:\/\/forumecuador.com\/shop\/\"},{\"@type\":\"ListItem\",\"position\":3,\"name\":\"Diplomado Arteterapia : T\u00e9cnicas y aplicaciones terap\u00e9uticas\"}]},{\"@type\":\"WebSite\",\"@id\":\"https:\/\/forumecuador.com\/#website\",\"url\":\"https:\/\/forumecuador.com\/\",\"name\":\"FORUM ECUADOR\",\"description\":\"FORMACI\u00d3N CONTINUA DIPLOMADOS\",\"publisher\":{\"@id\":\"https:\/\/forumecuador.com\/#organization\"},\"potentialAction\":[{\"@type\":\"SearchAction\",\"target\":{\"@type\":\"EntryPoint\",\"urlTemplate\":\"https:\/\/forumecuador.com\/?s={search_term_string}\"},\"query-input\":{\"@type\":\"PropertyValueSpecification\",\"valueRequired\":true,\"valueName\":\"search_term_string\"}}],\"inLanguage\":\"es\"},{\"@type\":\"Organization\",\"@id\":\"https:\/\/forumecuador.com\/#organization\",\"name\":\"FORUM ECUADOR\",\"url\":\"https:\/\/forumecuador.com\/\",\"logo\":{\"@type\":\"ImageObject\",\"inLanguage\":\"es\",\"@id\":\"https:\/\/forumecuador.com\/#\/schema\/logo\/image\/\",\"url\":\"https:\/\/forumecuador.com\/wp-content\/uploads\/2025\/08\/cropped-logo-horizontal-fondo-blanco.png\",\"contentUrl\":\"https:\/\/forumecuador.com\/wp-content\/uploads\/2025\/08\/cropped-logo-horizontal-fondo-blanco.png\",\"width\":900,\"height\":151,\"caption\":\"FORUM ECUADOR\"},\"image\":{\"@id\":\"https:\/\/forumecuador.com\/#\/schema\/logo\/image\/\"}}]}<\/script>\n<!-- \/ Yoast SEO plugin. -->","yoast_head_json":{"title":"Diplomado Arteterapia : T\u00e9cnicas y aplicaciones terap\u00e9uticas - FORUM ECUADOR","robots":{"index":"index","follow":"follow","max-snippet":"max-snippet:-1","max-image-preview":"max-image-preview:large","max-video-preview":"max-video-preview:-1"},"canonical":"https:\/\/forumecuador.com\/es\/product\/diplomado-arteterapia-tecnicas-y-aplicaciones-terapeuticas\/","og_locale":"es_ES","og_type":"article","og_title":"Diplomado Arteterapia : T\u00e9cnicas y aplicaciones terap\u00e9uticas - FORUM ECUADOR","og_description":"DIPLOMADO ARTETERAPIA: T\u00c9CNICAS Y APLICACIONES TERAP\u00c9UTICAS Modalidad: Online con profesor en vivo Horario: Lunes a Mi\u00e9rcoles de 19:00 a 21h30 Inicio de clases: 25 DE AGOSTO DEL 2025 Duraci\u00f3n:\u00a0 8 semanas &#8211; 120 horas acad\u00e9micas ANTECEDENTES \u00a1Reconecta con tu vocaci\u00f3n y mejora vidas a trav\u00e9s del arte! Desde la pr\u00e1ctica cl\u00ednica, es evidente que el [&hellip;]","og_url":"https:\/\/forumecuador.com\/es\/product\/diplomado-arteterapia-tecnicas-y-aplicaciones-terapeuticas\/","og_site_name":"FORUM ECUADOR","article_modified_time":"2025-08-12T22:05:28+00:00","og_image":[{"width":800,"height":532,"url":"https:\/\/forumecuador.com\/wp-content\/uploads\/2025\/08\/ARTETERAPIA-2025-8-5-1.png","type":"image\/png"}],"twitter_card":"summary_large_image","twitter_misc":{"Tiempo de lectura":"4 minutos"},"schema":{"@context":"https:\/\/schema.org","@graph":[{"@type":"WebPage","@id":"https:\/\/forumecuador.com\/product\/diplomado-arteterapia-tecnicas-y-aplicaciones-terapeuticas\/","url":"https:\/\/forumecuador.com\/product\/diplomado-arteterapia-tecnicas-y-aplicaciones-terapeuticas\/","name":"Diplomado Arteterapia : T\u00e9cnicas y aplicaciones terap\u00e9uticas - FORUM ECUADOR","isPartOf":{"@id":"https:\/\/forumecuador.com\/#website"},"primaryImageOfPage":{"@id":"https:\/\/forumecuador.com\/product\/diplomado-arteterapia-tecnicas-y-aplicaciones-terapeuticas\/#primaryimage"},"image":{"@id":"https:\/\/forumecuador.com\/product\/diplomado-arteterapia-tecnicas-y-aplicaciones-terapeuticas\/#primaryimage"},"thumbnailUrl":"https:\/\/forumecuador.com\/wp-content\/uploads\/2025\/08\/ARTETERAPIA-2025-8-5-1.png","datePublished":"2025-08-12T21:43:08+00:00","dateModified":"2025-08-12T22:05:28+00:00","breadcrumb":{"@id":"https:\/\/forumecuador.com\/product\/diplomado-arteterapia-tecnicas-y-aplicaciones-terapeuticas\/#breadcrumb"},"inLanguage":"es","potentialAction":[{"@type":"ReadAction","target":["https:\/\/forumecuador.com\/product\/diplomado-arteterapia-tecnicas-y-aplicaciones-terapeuticas\/"]}]},{"@type":"ImageObject","inLanguage":"es","@id":"https:\/\/forumecuador.com\/product\/diplomado-arteterapia-tecnicas-y-aplicaciones-terapeuticas\/#primaryimage","url":"https:\/\/forumecuador.com\/wp-content\/uploads\/2025\/08\/ARTETERAPIA-2025-8-5-1.png","contentUrl":"https:\/\/forumecuador.com\/wp-content\/uploads\/2025\/08\/ARTETERAPIA-2025-8-5-1.png","width":800,"height":532},{"@type":"BreadcrumbList","@id":"https:\/\/forumecuador.com\/product\/diplomado-arteterapia-tecnicas-y-aplicaciones-terapeuticas\/#breadcrumb","itemListElement":[{"@type":"ListItem","position":1,"name":"Portada","item":"https:\/\/forumecuador.com\/"},{"@type":"ListItem","position":2,"name":"Productos","item":"https:\/\/forumecuador.com\/shop\/"},{"@type":"ListItem","position":3,"name":"Diplomado Arteterapia : T\u00e9cnicas y aplicaciones terap\u00e9uticas"}]},{"@type":"WebSite","@id":"https:\/\/forumecuador.com\/#website","url":"https:\/\/forumecuador.com\/","name":"FORUM ECUADOR","description":"FORMACI\u00d3N CONTINUA DIPLOMADOS","publisher":{"@id":"https:\/\/forumecuador.com\/#organization"},"potentialAction":[{"@type":"SearchAction","target":{"@type":"EntryPoint","urlTemplate":"https:\/\/forumecuador.com\/?s={search_term_string}"},"query-input":{"@type":"PropertyValueSpecification","valueRequired":true,"valueName":"search_term_string"}}],"inLanguage":"es"},{"@type":"Organization","@id":"https:\/\/forumecuador.com\/#organization","name":"FORUM ECUADOR","url":"https:\/\/forumecuador.com\/","logo":{"@type":"ImageObject","inLanguage":"es","@id":"https:\/\/forumecuador.com\/#\/schema\/logo\/image\/","url":"https:\/\/forumecuador.com\/wp-content\/uploads\/2025\/08\/cropped-logo-horizontal-fondo-blanco.png","contentUrl":"https:\/\/forumecuador.com\/wp-content\/uploads\/2025\/08\/cropped-logo-horizontal-fondo-blanco.png","width":900,"height":151,"caption":"FORUM ECUADOR"},"image":{"@id":"https:\/\/forumecuador.com\/#\/schema\/logo\/image\/"}}]}},"_links":{"self":[{"href":"https:\/\/forumecuador.com\/es\/wp-json\/wp\/v2\/product\/26472","targetHints":{"allow":["GET"]}}],"collection":[{"href":"https:\/\/forumecuador.com\/es\/wp-json\/wp\/v2\/product"}],"about":[{"href":"https:\/\/forumecuador.com\/es\/wp-json\/wp\/v2\/types\/product"}],"replies":[{"embeddable":true,"href":"https:\/\/forumecuador.com\/es\/wp-json\/wp\/v2\/comments?post=26472"}],"version-history":[{"count":0,"href":"https:\/\/forumecuador.com\/es\/wp-json\/wp\/v2\/product\/26472\/revisions"}],"wp:featuredmedia":[{"embeddable":true,"href":"https:\/\/forumecuador.com\/es\/wp-json\/wp\/v2\/media\/26200"}],"wp:attachment":[{"href":"https:\/\/forumecuador.com\/es\/wp-json\/wp\/v2\/media?parent=26472"}],"wp:term":[{"taxonomy":"product_brand","embeddable":true,"href":"https:\/\/forumecuador.com\/es\/wp-json\/wp\/v2\/product_brand?post=26472"},{"taxonomy":"product_cat","embeddable":true,"href":"https:\/\/forumecuador.com\/es\/wp-json\/wp\/v2\/product_cat?post=26472"},{"taxonomy":"product_tag","embeddable":true,"href":"https:\/\/forumecuador.com\/es\/wp-json\/wp\/v2\/product_tag?post=26472"}],"curies":[{"name":"wp","href":"https:\/\/api.w.org\/{rel}","templated":true}]}}