{"id":26482,"date":"2025-08-12T16:48:08","date_gmt":"2025-08-12T21:48:08","guid":{"rendered":"http:\/\/forumecuador.local\/?post_type=product&#038;p=26482"},"modified":"2026-01-20T12:01:31","modified_gmt":"2026-01-20T17:01:31","slug":"diplomado-experto-seguros-de-personas-y-patrimoniales-con-estrategias-avanzadas-en-ventas-invictus","status":"publish","type":"product","link":"https:\/\/forumecuador.com\/es\/product\/diplomado-experto-seguros-de-personas-y-patrimoniales-con-estrategias-avanzadas-en-ventas-invictus\/","title":{"rendered":"Diplomado Experto Seguros de Personas y Patrimoniales con estrategias avanzadas en ventas INVICTUS"},"content":{"rendered":"<h4>DIPLOMADO EXPERTO SEGUROS DE PERSONAS Y PATRIMONIALES CON ESTRATEGIAS AVANZADAS EN VENTAS INVICTUS<\/h4>\n<p><strong>Modalidad:<\/strong> Online con profesor en vivo<br \/>\n<strong>Horario:<\/strong> Lunes a Mi\u00e9rcoles de 19:00 a 21h30<br \/>\n<strong style=\"font-size: 1rem;\"><span style=\"font-size: 1rem;\"><strong>Inicio de clases<\/strong><\/span>:<\/strong><span style=\"font-size: 1rem;\"> 29 de octubre del 2024<br \/>\n<\/span><strong>Duraci\u00f3n:<\/strong>\u00a0 8 semanas &#8211; 120 horas acad\u00e9micas<\/p>\n<p><span style=\"color: #000000;\"><strong>ANTECEDENTES<\/strong><\/span><\/p>\n<p>La industria de seguros en Ecuador se enfrenta a un entorno desafiante pero lleno de oportunidades. El crecimiento econ\u00f3mico, la digitalizaci\u00f3n, y la demanda de productos m\u00e1s personalizados y accesibles, junto con un marco regulatorio robusto, proporcionan un panorama positivo para el futuro del sector asegurador en el pa\u00eds, permitiendo que existan grandes oportunidades para el Asesor-Consultor de seguros.<\/p>\n<p><span style=\"color: #000000;\"><strong>METODOLOG\u00cdA<\/strong><\/span><\/p>\n<ul>\n<li><strong>Te\u00f3rico-Pr\u00e1ctica:<\/strong> Combinaci\u00f3n de sesiones te\u00f3ricas y pr\u00e1cticas.<\/li>\n<li><strong>Aprendizaje Activo:<\/strong> Uso de m\u00e9todos participativos y colaborativos.<\/li>\n<li><strong style=\"font-size: 1rem;\">Evaluaci\u00f3n Continua:<\/strong><span style=\"font-size: 1rem;\"> Evaluaciones formativas durante todo el programa<\/span><\/li>\n<\/ul>\n<p><span style=\"color: #000000;\"><strong>A QUIENES EST\u00c1 DIRIGIDO EL CURSO.<\/strong><\/span><\/p>\n<p>Agentes de Seguros, Agentes comerciales. Gerentes y supervisores de ventas de Br\u00f3ker, profesionales y no profesionales en venta de intangibles.<\/p>\n<p><span style=\"color: #000000;\"><strong>OBJETIVOS\u00a0 DEL CURSO:<\/strong><\/span><\/p>\n<ul>\n<li style=\"list-style-type: none;\">\n<ul>\n<li>Desarrollar y ofrecer un diplomado integral que capacite a los agentes de seguros en los ramos de seguros de personas y patrimoniales, mejorando su conocimiento, habilidades y profesionalismo.<\/li>\n<li>Proveer conocimientos te\u00f3ricos y pr\u00e1cticos sobre seguros de vida, salud, accidentes personales, hogar, autom\u00f3viles y comerciales.<\/li>\n<li>Desarrollar habilidades en la gesti\u00f3n y comercializaci\u00f3n de seguros.<\/li>\n<li>Fomentar la \u00e9tica y profesionalismo en la pr\u00e1ctica del seguro.<\/li>\n<li>Preparar a los agentes para la certificaci\u00f3n y desempe\u00f1o eficaz en su rol.<\/li>\n<\/ul>\n<\/li>\n<\/ul>\n<p><span style=\"color: #000000;\"><strong>E<\/strong><strong>S<\/strong><strong>Q<\/strong><strong>U<\/strong><strong>E<\/strong><strong>M<\/strong><strong>A DE CONOCIMIENTOS DEL CURSO:<\/strong><\/span><\/p>\n<p><span style=\"color: #000000;\"><strong>M\u00d3DULO 1 &#8211; Fundamentos en seguros:<\/strong><\/span><\/p>\n<ul>\n<li style=\"list-style-type: none;\">\n<ul>\n<li>Fundamentos en seguros.<\/li>\n<li>Aspectos legales.<\/li>\n<li>Aspectos t\u00e9cnicos.<\/li>\n<li>Diagn\u00f3stico de riesgo.<\/li>\n<\/ul>\n<\/li>\n<\/ul>\n<ul>\n<li style=\"list-style-type: none;\"><\/li>\n<\/ul>\n<p><strong style=\"font-size: 1rem;\"><span style=\"color: #000000;\"><b>M\u00d3DULO 2 &#8211; <strong>Clasificaci\u00f3n de seguros<\/strong><\/b><\/span>:<\/strong><\/p>\n<p><strong>Seguros de personas :<\/strong><\/p>\n<ul>\n<li style=\"list-style-type: none;\">\n<ul>\n<li>Vida.<\/li>\n<li>Asistencia m\u00e9dica.<\/li>\n<li>Accidentes personales.<\/li>\n<\/ul>\n<\/li>\n<\/ul>\n<p><strong>Seguros patrimoniales:<\/strong><\/p>\n<ul>\n<li style=\"list-style-type: none;\">\n<ul>\n<li>Veh\u00edculos.<\/li>\n<li>Hogar.<\/li>\n<li>Pymes.<\/li>\n<\/ul>\n<\/li>\n<\/ul>\n<ul>\n<li style=\"list-style-type: none;\"><\/li>\n<\/ul>\n<p><span style=\"color: #000000;\"><b>M\u00d3DULO 3 &#8211; <strong>Estrategias comerciales de seguros INVICTUS<\/strong><strong>:<\/strong><\/b><\/span><b><\/b><\/p>\n<p><strong>Introducci\u00f3n de Venta Constructiva:<\/strong><\/p>\n<ul>\n<li style=\"list-style-type: none;\">\n<ul>\n<li>Definici\u00f3n y diferencia de la venta tradicional.<\/li>\n<li>Importancia de la venta constructiva en los seguros.<\/li>\n<\/ul>\n<\/li>\n<\/ul>\n<p><strong>Ciclo de venta y estrategia constructiva:<\/strong><\/p>\n<ul>\n<li style=\"list-style-type: none;\">\n<ul>\n<li>Etapas del ciclo de ventas: prospecci\u00f3n, contacto inicial, an\u00e1lisis de necesidades, presentaci\u00f3n de soluciones, manejo de objeciones y cierre.<\/li>\n<li>Estrategias para cada etapa del ciclo de ventas.<\/li>\n<\/ul>\n<\/li>\n<\/ul>\n<p><strong>An\u00e1lisis y Diagn\u00f3stico de Necesidades:<\/strong><\/p>\n<ul>\n<li style=\"list-style-type: none;\">\n<ul>\n<li>M\u00e9todos para identificar las necesidades del cliente.<\/li>\n<li>Evaluaci\u00f3n de riesgos y perfil del cliente.<\/li>\n<li>Herramientas para el an\u00e1lisis de necesidades <em>(cuestionarios, entrevistas, etc.)<\/em><\/li>\n<\/ul>\n<\/li>\n<\/ul>\n<p><strong>Construcciones de relaciones a largo plazo:<\/strong><\/p>\n<ul>\n<li style=\"list-style-type: none;\">\n<ul>\n<li>Importancia de la fidelizaci\u00f3n y el servicio postventa.<\/li>\n<li>Estrategias para mantener relaciones de confianza.<\/li>\n<li>Programas de seguimiento y actualizaci\u00f3n de p\u00f3liza.<\/li>\n<\/ul>\n<\/li>\n<\/ul>\n<ul>\n<li style=\"list-style-type: none;\"><\/li>\n<\/ul>\n<p><span style=\"color: #000000;\"><strong>CERTIFICACI\u00d3N:<\/strong><\/span><\/p>\n<ul>\n<li style=\"list-style-type: none;\">\n<ul>\n<li>Certificaci\u00f3n registrada en la Secretar\u00eda T\u00e9cnica del Sistema Nacional de Cualificaciones Profesionales, Ministerio del trabajo (ANTIGUA SETEC)<\/li>\n<li>Cursos Superiores Titulaci\u00f3n Expedida y Avalada por Corporaci\u00f3n F\u00f3rum Ecuador.<\/li>\n<\/ul>\n<\/li>\n<\/ul>\n<p><span style=\"color: #000000;\"><strong>VALORES DEL DIPLOMADO:<\/strong><\/span><\/p>\n<p><span style=\"color: #000000;\">Precio de contado\/transferencia\/deposito:\u00a0 499 USD<br \/>\n<\/span><span style=\"color: #000000;\">Precio diferido con tarjeta de cr\u00e9dito:\u00a0 \u00a0 560 USD<br \/>\n<\/span><\/p>\n<p>Planes diferidos con tarjeta de cr\u00e9dito a\u00a0 3 y 6 meses sin intereses, con\u00a0 tarjetas VISA, MASTERCARD, DINERS, DISCOVER, AMERICAN EXPRESS de los bancos Pichincha, Guayaquil, Pacifico.<\/p>\n<p><span style=\"color: #000000;\"><strong>Datos de cuenta para dep\u00f3sito o transferencia.<\/strong><\/span><\/p>\n<p><span style=\"color: #000000;\">Dep\u00f3sito\u00a0 o transferencia Bancaria:<\/span><\/p>\n<ul>\n<li><span style=\"color: #000000;\">Destinatario:\u00a0 \u00a0\u00a0\u00a0\u00a0\u00a0\u00a0\u00a0\u00a0\u00a0\u00a0\u00a0\u00a0\u00a0\u00a0\u00a0\u00a0\u00a0\u00a0\u00a0\u00a0\u00a0\u00a0\u00a0\u00a0\u00a0\u00a0\u00a0\u00a0\u00a0\u00a0\u00a0\u00a0\u00a0 \u00a0FORUM ECUADOR<\/span><\/li>\n<li><span style=\"color: #000000;\">RUC: \u00a0\u00a0\u00a0\u00a0\u00a0\u00a0\u00a0\u00a0\u00a0\u00a0\u00a0\u00a0\u00a0\u00a0\u00a0\u00a0\u00a0\u00a0\u00a0\u00a0\u00a0\u00a0\u00a0\u00a0\u00a0\u00a0\u00a0\u00a0\u00a0\u00a0\u00a0\u00a0\u00a0\u00a0\u00a0\u00a0\u00a0\u00a0\u00a0\u00a0\u00a0\u00a0\u00a0\u00a0\u00a0\u00a0\u00a0\u00a0\u00a0 1792122201001<\/span><\/li>\n<li><span style=\"color: #000000;\">BANCO: \u00a0\u00a0\u00a0\u00a0\u00a0\u00a0\u00a0\u00a0\u00a0\u00a0\u00a0\u00a0\u00a0\u00a0\u00a0\u00a0\u00a0\u00a0\u00a0\u00a0\u00a0\u00a0\u00a0\u00a0\u00a0\u00a0\u00a0\u00a0\u00a0\u00a0\u00a0\u00a0\u00a0\u00a0\u00a0\u00a0\u00a0\u00a0\u00a0\u00a0\u00a0\u00a0\u00a0 PICHINCHA<\/span><\/li>\n<li><span style=\"color: #000000;\">Cuenta corriente: \u00a0\u00a0\u00a0\u00a0\u00a0\u00a0\u00a0\u00a0\u00a0\u00a0\u00a0\u00a0\u00a0\u00a0\u00a0\u00a0\u00a0\u00a0\u00a0\u00a0\u00a0\u00a0\u00a0\u00a0\u00a0 #3386334304<\/span><\/li>\n<li><span style=\"color: #000000;\">E mail: \u00a0\u00a0\u00a0\u00a0\u00a0\u00a0\u00a0\u00a0\u00a0\u00a0\u00a0\u00a0\u00a0\u00a0\u00a0\u00a0\u00a0\u00a0\u00a0\u00a0\u00a0\u00a0\u00a0\u00a0\u00a0\u00a0\u00a0\u00a0\u00a0\u00a0\u00a0\u00a0\u00a0\u00a0\u00a0\u00a0\u00a0\u00a0\u00a0\u00a0\u00a0\u00a0\u00a0\u00a0\u00a0\u00a0 <a style=\"color: #000000;\" href=\"mailto:forumecuador@gmail.com\">forumecuador@gmail.com<\/a><\/span><\/li>\n<\/ul>\n<p><span style=\"color: #000000;\">Si deseas matricularte en <strong>forma presencial<\/strong> debes acercarte a nuestras oficinas ubicadas en la ciudad de Quito en l<em>a Av. Francisco de Orellana E9-195 y Av. 6 de Diciembre, Edificio Alisal de Orellana &#8211; Oficina PB-01<\/em> en horario de 09:00 a 13:00 y de 14:00 a 17:00 de lunes a viernes.<\/span><\/p>","protected":false},"excerpt":{"rendered":"<p>DIPLOMADO EXPERTO SEGUROS DE PERSONAS Y PATRIMONIALES CON ESTRATEGIAS AVANZADAS EN VENTAS INVICTUS Modalidad: Online con profesor en vivo Horario: Lunes a Mi\u00e9rcoles de 19:00 a 21h30 Inicio de clases: 29 de octubre del 2024 Duraci\u00f3n:\u00a0 8 semanas &#8211; 120 horas acad\u00e9micas ANTECEDENTES La industria de seguros en Ecuador se enfrenta a un entorno desafiante [&hellip;]<\/p>\n","protected":false},"featured_media":27777,"comment_status":"open","ping_status":"closed","template":"","meta":{"_acf_changed":false,"site-sidebar-layout":"default","site-content-layout":"","ast-site-content-layout":"default","site-content-style":"default","site-sidebar-style":"default","ast-global-header-display":"","ast-banner-title-visibility":"","ast-main-header-display":"","ast-hfb-above-header-display":"","ast-hfb-below-header-display":"","ast-hfb-mobile-header-display":"","site-post-title":"","ast-breadcrumbs-content":"","ast-featured-img":"","footer-sml-layout":"","ast-disable-related-posts":"","theme-transparent-header-meta":"default","adv-header-id-meta":"","stick-header-meta":"","header-above-stick-meta":"","header-main-stick-meta":"","header-below-stick-meta":"","astra-migrate-meta-layouts":"set","ast-page-background-enabled":"default","ast-page-background-meta":{"desktop":{"background-color":"","background-image":"","background-repeat":"repeat","background-position":"center center","background-size":"auto","background-attachment":"scroll","background-type":"","background-media":"","overlay-type":"","overlay-color":"","overlay-opacity":"","overlay-gradient":""},"tablet":{"background-color":"","background-image":"","background-repeat":"repeat","background-position":"center center","background-size":"auto","background-attachment":"scroll","background-type":"","background-media":"","overlay-type":"","overlay-color":"","overlay-opacity":"","overlay-gradient":""},"mobile":{"background-color":"","background-image":"","background-repeat":"repeat","background-position":"center center","background-size":"auto","background-attachment":"scroll","background-type":"","background-media":"","overlay-type":"","overlay-color":"","overlay-opacity":"","overlay-gradient":""}},"ast-content-background-meta":{"desktop":{"background-color":"var(--ast-global-color-5)","background-image":"","background-repeat":"repeat","background-position":"center center","background-size":"auto","background-attachment":"scroll","background-type":"","background-media":"","overlay-type":"","overlay-color":"","overlay-opacity":"","overlay-gradient":""},"tablet":{"background-color":"var(--ast-global-color-5)","background-image":"","background-repeat":"repeat","background-position":"center center","background-size":"auto","background-attachment":"scroll","background-type":"","background-media":"","overlay-type":"","overlay-color":"","overlay-opacity":"","overlay-gradient":""},"mobile":{"background-color":"var(--ast-global-color-5)","background-image":"","background-repeat":"repeat","background-position":"center center","background-size":"auto","background-attachment":"scroll","background-type":"","background-media":"","overlay-type":"","overlay-color":"","overlay-opacity":"","overlay-gradient":""}}},"product_brand":[],"product_cat":[15],"product_tag":[],"class_list":{"0":"post-26482","1":"product","2":"type-product","3":"status-publish","4":"has-post-thumbnail","6":"product_cat-uncategorized","7":"desktop-align-left","8":"tablet-align-left","9":"mobile-align-left","11":"first","12":"instock","13":"sale","14":"sold-individually","15":"shipping-taxable","16":"purchasable","17":"product-type-simple"},"acf":[],"yoast_head":"<!-- This site is optimized with the Yoast SEO plugin v27.1.1 - https:\/\/yoast.com\/product\/yoast-seo-wordpress\/ -->\n<title>Diplomado Experto Seguros de Personas y Patrimoniales con estrategias avanzadas en ventas INVICTUS - FORUM ECUADOR<\/title>\n<meta name=\"robots\" content=\"index, follow, max-snippet:-1, max-image-preview:large, max-video-preview:-1\" \/>\n<link rel=\"canonical\" href=\"https:\/\/forumecuador.com\/es\/product\/diplomado-experto-seguros-de-personas-y-patrimoniales-con-estrategias-avanzadas-en-ventas-invictus\/\" \/>\n<meta property=\"og:locale\" content=\"es_ES\" \/>\n<meta property=\"og:type\" content=\"article\" \/>\n<meta property=\"og:title\" content=\"Diplomado Experto Seguros de Personas y Patrimoniales con estrategias avanzadas en ventas INVICTUS - FORUM ECUADOR\" \/>\n<meta property=\"og:description\" content=\"DIPLOMADO EXPERTO SEGUROS DE PERSONAS Y PATRIMONIALES CON ESTRATEGIAS AVANZADAS EN VENTAS INVICTUS Modalidad: Online con profesor en vivo Horario: Lunes a Mi\u00e9rcoles de 19:00 a 21h30 Inicio de clases: 29 de octubre del 2024 Duraci\u00f3n:\u00a0 8 semanas &#8211; 120 horas acad\u00e9micas ANTECEDENTES La industria de seguros en Ecuador se enfrenta a un entorno desafiante [&hellip;]\" \/>\n<meta property=\"og:url\" content=\"https:\/\/forumecuador.com\/es\/product\/diplomado-experto-seguros-de-personas-y-patrimoniales-con-estrategias-avanzadas-en-ventas-invictus\/\" \/>\n<meta property=\"og:site_name\" content=\"FORUM ECUADOR\" \/>\n<meta property=\"article:modified_time\" content=\"2026-01-20T17:01:31+00:00\" \/>\n<meta property=\"og:image\" content=\"https:\/\/forumecuador.com\/wp-content\/uploads\/2025\/09\/seguros_Mesa-de-trabajo-1-copia-12-scaled.jpg\" \/>\n\t<meta property=\"og:image:width\" content=\"2560\" \/>\n\t<meta property=\"og:image:height\" content=\"1440\" \/>\n\t<meta property=\"og:image:type\" content=\"image\/jpeg\" \/>\n<meta name=\"twitter:card\" content=\"summary_large_image\" \/>\n<meta name=\"twitter:label1\" content=\"Tiempo de lectura\" \/>\n\t<meta name=\"twitter:data1\" content=\"3 minutos\" \/>\n<script type=\"application\/ld+json\" class=\"yoast-schema-graph\">{\"@context\":\"https:\/\/schema.org\",\"@graph\":[{\"@type\":\"WebPage\",\"@id\":\"https:\/\/forumecuador.com\/product\/diplomado-experto-seguros-de-personas-y-patrimoniales-con-estrategias-avanzadas-en-ventas-invictus\/\",\"url\":\"https:\/\/forumecuador.com\/product\/diplomado-experto-seguros-de-personas-y-patrimoniales-con-estrategias-avanzadas-en-ventas-invictus\/\",\"name\":\"Diplomado Experto Seguros de Personas y Patrimoniales con estrategias avanzadas en ventas INVICTUS - FORUM ECUADOR\",\"isPartOf\":{\"@id\":\"https:\/\/forumecuador.com\/#website\"},\"primaryImageOfPage\":{\"@id\":\"https:\/\/forumecuador.com\/product\/diplomado-experto-seguros-de-personas-y-patrimoniales-con-estrategias-avanzadas-en-ventas-invictus\/#primaryimage\"},\"image\":{\"@id\":\"https:\/\/forumecuador.com\/product\/diplomado-experto-seguros-de-personas-y-patrimoniales-con-estrategias-avanzadas-en-ventas-invictus\/#primaryimage\"},\"thumbnailUrl\":\"https:\/\/forumecuador.com\/wp-content\/uploads\/2025\/09\/seguros_Mesa-de-trabajo-1-copia-12-scaled.jpg\",\"datePublished\":\"2025-08-12T21:48:08+00:00\",\"dateModified\":\"2026-01-20T17:01:31+00:00\",\"breadcrumb\":{\"@id\":\"https:\/\/forumecuador.com\/product\/diplomado-experto-seguros-de-personas-y-patrimoniales-con-estrategias-avanzadas-en-ventas-invictus\/#breadcrumb\"},\"inLanguage\":\"es\",\"potentialAction\":[{\"@type\":\"ReadAction\",\"target\":[\"https:\/\/forumecuador.com\/product\/diplomado-experto-seguros-de-personas-y-patrimoniales-con-estrategias-avanzadas-en-ventas-invictus\/\"]}]},{\"@type\":\"ImageObject\",\"inLanguage\":\"es\",\"@id\":\"https:\/\/forumecuador.com\/product\/diplomado-experto-seguros-de-personas-y-patrimoniales-con-estrategias-avanzadas-en-ventas-invictus\/#primaryimage\",\"url\":\"https:\/\/forumecuador.com\/wp-content\/uploads\/2025\/09\/seguros_Mesa-de-trabajo-1-copia-12-scaled.jpg\",\"contentUrl\":\"https:\/\/forumecuador.com\/wp-content\/uploads\/2025\/09\/seguros_Mesa-de-trabajo-1-copia-12-scaled.jpg\",\"width\":2560,\"height\":1440},{\"@type\":\"BreadcrumbList\",\"@id\":\"https:\/\/forumecuador.com\/product\/diplomado-experto-seguros-de-personas-y-patrimoniales-con-estrategias-avanzadas-en-ventas-invictus\/#breadcrumb\",\"itemListElement\":[{\"@type\":\"ListItem\",\"position\":1,\"name\":\"Portada\",\"item\":\"https:\/\/forumecuador.com\/\"},{\"@type\":\"ListItem\",\"position\":2,\"name\":\"Productos\",\"item\":\"https:\/\/forumecuador.com\/shop\/\"},{\"@type\":\"ListItem\",\"position\":3,\"name\":\"Diplomado Experto Seguros de Personas y Patrimoniales con estrategias avanzadas en ventas INVICTUS\"}]},{\"@type\":\"WebSite\",\"@id\":\"https:\/\/forumecuador.com\/#website\",\"url\":\"https:\/\/forumecuador.com\/\",\"name\":\"FORUM ECUADOR\",\"description\":\"FORMACI\u00d3N CONTINUA DIPLOMADOS\",\"publisher\":{\"@id\":\"https:\/\/forumecuador.com\/#organization\"},\"potentialAction\":[{\"@type\":\"SearchAction\",\"target\":{\"@type\":\"EntryPoint\",\"urlTemplate\":\"https:\/\/forumecuador.com\/?s={search_term_string}\"},\"query-input\":{\"@type\":\"PropertyValueSpecification\",\"valueRequired\":true,\"valueName\":\"search_term_string\"}}],\"inLanguage\":\"es\"},{\"@type\":\"Organization\",\"@id\":\"https:\/\/forumecuador.com\/#organization\",\"name\":\"FORUM ECUADOR\",\"url\":\"https:\/\/forumecuador.com\/\",\"logo\":{\"@type\":\"ImageObject\",\"inLanguage\":\"es\",\"@id\":\"https:\/\/forumecuador.com\/#\/schema\/logo\/image\/\",\"url\":\"https:\/\/forumecuador.com\/wp-content\/uploads\/2025\/08\/cropped-logo-horizontal-fondo-blanco.png\",\"contentUrl\":\"https:\/\/forumecuador.com\/wp-content\/uploads\/2025\/08\/cropped-logo-horizontal-fondo-blanco.png\",\"width\":900,\"height\":151,\"caption\":\"FORUM ECUADOR\"},\"image\":{\"@id\":\"https:\/\/forumecuador.com\/#\/schema\/logo\/image\/\"}}]}<\/script>\n<!-- \/ Yoast SEO plugin. -->","yoast_head_json":{"title":"Diplomado Experto Seguros de Personas y Patrimoniales con estrategias avanzadas en ventas INVICTUS - FORUM ECUADOR","robots":{"index":"index","follow":"follow","max-snippet":"max-snippet:-1","max-image-preview":"max-image-preview:large","max-video-preview":"max-video-preview:-1"},"canonical":"https:\/\/forumecuador.com\/es\/product\/diplomado-experto-seguros-de-personas-y-patrimoniales-con-estrategias-avanzadas-en-ventas-invictus\/","og_locale":"es_ES","og_type":"article","og_title":"Diplomado Experto Seguros de Personas y Patrimoniales con estrategias avanzadas en ventas INVICTUS - FORUM ECUADOR","og_description":"DIPLOMADO EXPERTO SEGUROS DE PERSONAS Y PATRIMONIALES CON ESTRATEGIAS AVANZADAS EN VENTAS INVICTUS Modalidad: Online con profesor en vivo Horario: Lunes a Mi\u00e9rcoles de 19:00 a 21h30 Inicio de clases: 29 de octubre del 2024 Duraci\u00f3n:\u00a0 8 semanas &#8211; 120 horas acad\u00e9micas ANTECEDENTES La industria de seguros en Ecuador se enfrenta a un entorno desafiante [&hellip;]","og_url":"https:\/\/forumecuador.com\/es\/product\/diplomado-experto-seguros-de-personas-y-patrimoniales-con-estrategias-avanzadas-en-ventas-invictus\/","og_site_name":"FORUM ECUADOR","article_modified_time":"2026-01-20T17:01:31+00:00","og_image":[{"width":2560,"height":1440,"url":"https:\/\/forumecuador.com\/wp-content\/uploads\/2025\/09\/seguros_Mesa-de-trabajo-1-copia-12-scaled.jpg","type":"image\/jpeg"}],"twitter_card":"summary_large_image","twitter_misc":{"Tiempo de lectura":"3 minutos"},"schema":{"@context":"https:\/\/schema.org","@graph":[{"@type":"WebPage","@id":"https:\/\/forumecuador.com\/product\/diplomado-experto-seguros-de-personas-y-patrimoniales-con-estrategias-avanzadas-en-ventas-invictus\/","url":"https:\/\/forumecuador.com\/product\/diplomado-experto-seguros-de-personas-y-patrimoniales-con-estrategias-avanzadas-en-ventas-invictus\/","name":"Diplomado Experto Seguros de Personas y Patrimoniales con estrategias avanzadas en ventas INVICTUS - FORUM ECUADOR","isPartOf":{"@id":"https:\/\/forumecuador.com\/#website"},"primaryImageOfPage":{"@id":"https:\/\/forumecuador.com\/product\/diplomado-experto-seguros-de-personas-y-patrimoniales-con-estrategias-avanzadas-en-ventas-invictus\/#primaryimage"},"image":{"@id":"https:\/\/forumecuador.com\/product\/diplomado-experto-seguros-de-personas-y-patrimoniales-con-estrategias-avanzadas-en-ventas-invictus\/#primaryimage"},"thumbnailUrl":"https:\/\/forumecuador.com\/wp-content\/uploads\/2025\/09\/seguros_Mesa-de-trabajo-1-copia-12-scaled.jpg","datePublished":"2025-08-12T21:48:08+00:00","dateModified":"2026-01-20T17:01:31+00:00","breadcrumb":{"@id":"https:\/\/forumecuador.com\/product\/diplomado-experto-seguros-de-personas-y-patrimoniales-con-estrategias-avanzadas-en-ventas-invictus\/#breadcrumb"},"inLanguage":"es","potentialAction":[{"@type":"ReadAction","target":["https:\/\/forumecuador.com\/product\/diplomado-experto-seguros-de-personas-y-patrimoniales-con-estrategias-avanzadas-en-ventas-invictus\/"]}]},{"@type":"ImageObject","inLanguage":"es","@id":"https:\/\/forumecuador.com\/product\/diplomado-experto-seguros-de-personas-y-patrimoniales-con-estrategias-avanzadas-en-ventas-invictus\/#primaryimage","url":"https:\/\/forumecuador.com\/wp-content\/uploads\/2025\/09\/seguros_Mesa-de-trabajo-1-copia-12-scaled.jpg","contentUrl":"https:\/\/forumecuador.com\/wp-content\/uploads\/2025\/09\/seguros_Mesa-de-trabajo-1-copia-12-scaled.jpg","width":2560,"height":1440},{"@type":"BreadcrumbList","@id":"https:\/\/forumecuador.com\/product\/diplomado-experto-seguros-de-personas-y-patrimoniales-con-estrategias-avanzadas-en-ventas-invictus\/#breadcrumb","itemListElement":[{"@type":"ListItem","position":1,"name":"Portada","item":"https:\/\/forumecuador.com\/"},{"@type":"ListItem","position":2,"name":"Productos","item":"https:\/\/forumecuador.com\/shop\/"},{"@type":"ListItem","position":3,"name":"Diplomado Experto Seguros de Personas y Patrimoniales con estrategias avanzadas en ventas INVICTUS"}]},{"@type":"WebSite","@id":"https:\/\/forumecuador.com\/#website","url":"https:\/\/forumecuador.com\/","name":"FORUM ECUADOR","description":"FORMACI\u00d3N CONTINUA DIPLOMADOS","publisher":{"@id":"https:\/\/forumecuador.com\/#organization"},"potentialAction":[{"@type":"SearchAction","target":{"@type":"EntryPoint","urlTemplate":"https:\/\/forumecuador.com\/?s={search_term_string}"},"query-input":{"@type":"PropertyValueSpecification","valueRequired":true,"valueName":"search_term_string"}}],"inLanguage":"es"},{"@type":"Organization","@id":"https:\/\/forumecuador.com\/#organization","name":"FORUM ECUADOR","url":"https:\/\/forumecuador.com\/","logo":{"@type":"ImageObject","inLanguage":"es","@id":"https:\/\/forumecuador.com\/#\/schema\/logo\/image\/","url":"https:\/\/forumecuador.com\/wp-content\/uploads\/2025\/08\/cropped-logo-horizontal-fondo-blanco.png","contentUrl":"https:\/\/forumecuador.com\/wp-content\/uploads\/2025\/08\/cropped-logo-horizontal-fondo-blanco.png","width":900,"height":151,"caption":"FORUM ECUADOR"},"image":{"@id":"https:\/\/forumecuador.com\/#\/schema\/logo\/image\/"}}]}},"_links":{"self":[{"href":"https:\/\/forumecuador.com\/es\/wp-json\/wp\/v2\/product\/26482","targetHints":{"allow":["GET"]}}],"collection":[{"href":"https:\/\/forumecuador.com\/es\/wp-json\/wp\/v2\/product"}],"about":[{"href":"https:\/\/forumecuador.com\/es\/wp-json\/wp\/v2\/types\/product"}],"replies":[{"embeddable":true,"href":"https:\/\/forumecuador.com\/es\/wp-json\/wp\/v2\/comments?post=26482"}],"version-history":[{"count":0,"href":"https:\/\/forumecuador.com\/es\/wp-json\/wp\/v2\/product\/26482\/revisions"}],"wp:featuredmedia":[{"embeddable":true,"href":"https:\/\/forumecuador.com\/es\/wp-json\/wp\/v2\/media\/27777"}],"wp:attachment":[{"href":"https:\/\/forumecuador.com\/es\/wp-json\/wp\/v2\/media?parent=26482"}],"wp:term":[{"taxonomy":"product_brand","embeddable":true,"href":"https:\/\/forumecuador.com\/es\/wp-json\/wp\/v2\/product_brand?post=26482"},{"taxonomy":"product_cat","embeddable":true,"href":"https:\/\/forumecuador.com\/es\/wp-json\/wp\/v2\/product_cat?post=26482"},{"taxonomy":"product_tag","embeddable":true,"href":"https:\/\/forumecuador.com\/es\/wp-json\/wp\/v2\/product_tag?post=26482"}],"curies":[{"name":"wp","href":"https:\/\/api.w.org\/{rel}","templated":true}]}}