{"id":26483,"date":"2025-08-12T16:49:28","date_gmt":"2025-08-12T21:49:28","guid":{"rendered":"http:\/\/forumecuador.local\/?post_type=product&#038;p=26483"},"modified":"2025-10-06T17:14:37","modified_gmt":"2025-10-06T22:14:37","slug":"diplomado-arteterapia-i-tecnicas-y-aplicaciones-terapeuticas","status":"publish","type":"product","link":"https:\/\/forumecuador.com\/es\/product\/diplomado-arteterapia-i-tecnicas-y-aplicaciones-terapeuticas\/","title":{"rendered":"Diplomado Arteterapia: T\u00e9cnicas y aplicaciones terap\u00e9uticas NO"},"content":{"rendered":"<h4>DIPLOMADO ARTETERAPIA: T\u00c9CNICAS Y APLICACIONES TERAP\u00c9UTICAS<\/h4>\n<p><strong>Modalidad:<\/strong> Online con profesor en vivo<br \/>\n<strong>Horario:<\/strong> Lunes a Mi\u00e9rcoles de 19:00 a 21h30<br \/>\n<strong style=\"font-size: 1rem;\"><span style=\"font-size: 1rem;\"><strong>Inicio de clases<\/strong><\/span>:<\/strong><span style=\"font-size: 1rem;\"> 5 de septiembre del 2024<br \/>\n<\/span><strong>Duraci\u00f3n:<\/strong>\u00a0 8 semanas &#8211; 120 horas acad\u00e9micas<\/p>\n<p><span style=\"color: #000000;\"><strong>ANTECEDENTES<\/strong><\/span><\/p>\n<p>Es el uso terap\u00e9utico de diferentes medios art\u00edsticos como: la pintura, el teatro, la danza, la m\u00fasica, entre otras expresiones art\u00edsticas. Para el proceso de curar, alivianar o mejorar problemas de salud mental. De igual manera Arteterapia funciona como un mecanismo de autoconocimiento y descubrimiento.<\/p>\n<p>A trav\u00e9s de la expresividad del arte nos permite llegar dentro de los tratamientos terap\u00e9uticos aquellas \u00e1reas donde la terapia verbal no es suficiente, como, por ejemplo, el trabajo con adulto mayor con problemas neuronales.<\/p>\n<p>Un diplomado en arteterapia puede no solo proporcionarte habilidades pr\u00e1cticas y conocimientos te\u00f3ricos, sino tambi\u00e9n enriquecer tu vida personal y profesional, ofreci\u00e9ndote nuevas formas de explorar y entender el mundo emocional y creativo.<\/p>\n<p><span style=\"color: #000000;\"><strong>METODOLOG\u00cdA<\/strong><\/span><\/p>\n<p>Metodolog\u00eda PBL ONLINE con profesor en vivo, en horario amigable de lunes a mi\u00e9rcoles de 19:00 a 21:30, duraci\u00f3n 8 semanas.<\/p>\n<p><span style=\"color: #000000;\"><strong>A QUIENES EST\u00c1 DIRIGIDO EL CURSO.<\/strong><\/span><\/p>\n<p>Va dirigido a todos los Profesionales del \u00e1mbito del \u00e1rea de la salud, docencia que desean ampliar sus habilidades terap\u00e9uticas integrando el arte como herramienta de intervenci\u00f3n.<\/p>\n<ul>\n<li style=\"list-style-type: none;\">\n<ul>\n<li>Psic\u00f3logos<\/li>\n<li>Profesionales en el \u00e1rea de la docencia<\/li>\n<li>Enfermeras<\/li>\n<li>Terapeutas<\/li>\n<li>Coaching<\/li>\n<\/ul>\n<\/li>\n<\/ul>\n<p><span style=\"color: #000000;\"><strong>OBJETIVOS\u00a0 DEL CURSO:<\/strong><\/span><\/p>\n<p>Proporcionar un espacio seguro y terap\u00e9utico para la liberaci\u00f3n de tensiones emocionales, lo cual puede ayudar a reducir niveles de estr\u00e9s y ansiedad, logrando as\u00ed contribuir al bienestar general de los participantes al ofrecerles una v\u00eda creativa para el autocuidado y la gesti\u00f3n emocional.<\/p>\n<p><span style=\"color: #000000;\"><strong>E<\/strong><strong>S<\/strong><strong>Q<\/strong><strong>U<\/strong><strong>E<\/strong><strong>M<\/strong><strong>A DE CONOCIMIENTOS DEL CURSO:<\/strong><\/span><\/p>\n<p><span style=\"color: #000000;\"><strong>M\u00d3DULO 1 &#8211; Introducci\u00f3n a la Psicolog\u00eda y Nociones B\u00e1sicas del Arteterapia:<\/strong><\/span><\/p>\n<ul>\n<li style=\"list-style-type: none;\">\n<ul>\n<li>Introducci\u00f3n a la Psicolog\u00eda y el Arteterapia<\/li>\n<li>Fundamentos del Arteterapia<\/li>\n<li>Relaci\u00f3n entre Psicolog\u00eda y Arteterapia<\/li>\n<li>Ejercicio Pr\u00e1ctico: Autorretrato emocional<\/li>\n<\/ul>\n<\/li>\n<\/ul>\n<ul>\n<li style=\"list-style-type: none;\"><\/li>\n<\/ul>\n<p><strong style=\"font-size: 1rem;\"><span style=\"color: #000000;\"><b>M\u00d3DULO 2 &#8211; <strong>Neurociencia y Arte Terapia<\/strong><\/b><\/span>:<\/strong><\/p>\n<ul>\n<li style=\"list-style-type: none;\">\n<ul>\n<li>Bases Neurol\u00f3gicas del Arte Terapia<\/li>\n<li>Aplicaciones Pr\u00e1cticas de la Neurociencia en el Arte Terapia<\/li>\n<li>Ejercicio Pr\u00e1ctico: Concientizaci\u00f3n del cerebro y sus partes<\/li>\n<li>Ejercicios neuro creativos<\/li>\n<li>Neurociencia y Creatividad<\/li>\n<\/ul>\n<\/li>\n<\/ul>\n<ul>\n<li style=\"list-style-type: none;\"><\/li>\n<\/ul>\n<p><span style=\"color: #000000;\"><b>M\u00d3DULO 3 &#8211; <strong>Tipos de Arteterapia y Desarrollo Hist\u00f3rico<\/strong><strong>:<\/strong><\/b><\/span><b><\/b><\/p>\n<ul>\n<li style=\"list-style-type: none;\">\n<ul>\n<li>Tipos de Arteterapia y Sus Enfoques<\/li>\n<li>Historia y Evoluci\u00f3n del Arteterapia<\/li>\n<li>Ejercicio Pr\u00e1ctico: Collage como herramienta terap\u00e9utica<\/li>\n<li>Uso de colores y emociones<\/li>\n<li>Arteterapia en Diferentes Culturas<\/li>\n<\/ul>\n<\/li>\n<\/ul>\n<ul>\n<li style=\"list-style-type: none;\"><\/li>\n<\/ul>\n<p><span style=\"color: #000000;\"><b>M\u00d3DULO 4 &#8211; <strong>Psicolog\u00eda del Color en el Arteterapia<\/strong><strong>:<\/strong><\/b><\/span><\/p>\n<ul>\n<li style=\"list-style-type: none;\">\n<ul>\n<li>Psicolog\u00eda del Color y Emociones<\/li>\n<li>Psicolog\u00eda Contextual y su importancia dentro del arteterapia<\/li>\n<li>Aplicaciones Pr\u00e1cticas en Arteterapia<\/li>\n<li>Ejercicio Pr\u00e1ctico: M\u00e1ndalas y su significado crom\u00e1tico<\/li>\n<li>Color y Simbolismo Personal<\/li>\n<\/ul>\n<\/li>\n<\/ul>\n<ul>\n<li style=\"list-style-type: none;\"><\/li>\n<\/ul>\n<p><span style=\"color: #000000;\"><b>M\u00d3DULO 5 &#8211; <strong>Conciencia y Pr\u00e1cticas Art\u00edsticas Meditativas<\/strong><strong>:<\/strong><\/b><\/span><\/p>\n<ul>\n<li style=\"list-style-type: none;\">\n<ul>\n<li>Meditaci\u00f3n y Arte Terapia<\/li>\n<li>Pr\u00e1cticas de Mindfulness en el Arte Terapia<\/li>\n<li>Ejercicio Pr\u00e1ctico: Arte zen y concentraci\u00f3n<\/li>\n<li>Exploraci\u00f3n de la Conciencia a trav\u00e9s del Arte<\/li>\n<\/ul>\n<\/li>\n<\/ul>\n<p><span style=\"color: #000000;\"><b>M\u00d3DULO 6 &#8211; <strong>Arteterapia y Patolog\u00edas<\/strong><strong>:<\/strong><\/b><\/span><\/p>\n<ul>\n<li style=\"list-style-type: none;\">\n<ul>\n<li>Aplicaciones Cl\u00ednicas del Arteterapia<\/li>\n<li>Ejercicio Pr\u00e1ctico: Expresi\u00f3n emocional a trav\u00e9s del movimiento<\/li>\n<li>Arteterapia en Trastornos del Estado de \u00c1nimo<\/li>\n<li>Arteterapia en Trastornos de Ansiedad y Estr\u00e9s<\/li>\n<\/ul>\n<\/li>\n<\/ul>\n<p><span style=\"color: #000000;\"><b>M\u00d3DULO 7 &#8211; <strong>Modalidades de Arteterapia y Adaptaci\u00f3n a P\u00fablicos Espec\u00edficos<\/strong><strong>:<\/strong><\/b><\/span><\/p>\n<ul>\n<li style=\"list-style-type: none;\">\n<ul>\n<li>Modalidades Espec\u00edficas de Arteterapia<\/li>\n<li>Ejercicio Pr\u00e1ctico: Arte terapia grupal vs individual<\/li>\n<li>Arteterapia con Ni\u00f1os y Adolescentes<\/li>\n<li>Arteterapia con Adultos Mayores<\/li>\n<\/ul>\n<\/li>\n<\/ul>\n<p><span style=\"color: #000000;\"><b>M\u00d3DULO 8 &#8211; <strong>Psicodrama y el Cuerpo en Movimiento<\/strong><strong>:<\/strong><\/b><\/span><\/p>\n<ul>\n<li style=\"list-style-type: none;\">\n<ul>\n<li>Introducci\u00f3n al Psicodrama<\/li>\n<li>El Cuerpo y la Expresi\u00f3n Art\u00edstica en la Terapia<\/li>\n<li>Ejercicio Pr\u00e1ctico: Improvisaci\u00f3n teatral y expresi\u00f3n corporal<\/li>\n<li>Dramatizaci\u00f3n y Sanaci\u00f3n Emocional<\/li>\n<\/ul>\n<\/li>\n<\/ul>\n<p><span style=\"color: #000000;\"><b>M\u00d3DULO 9 &#8211; <strong>Desarrollo de una Sesi\u00f3n de Arteterapia<\/strong><strong>:<\/strong><\/b><\/span><\/p>\n<ul>\n<li style=\"list-style-type: none;\">\n<ul>\n<li>Planificaci\u00f3n de Sesiones de Arteterapia<\/li>\n<li>Estructura y Din\u00e1mica de una Sesi\u00f3n<\/li>\n<li>Ejercicio Pr\u00e1ctico: Dise\u00f1o de una sesi\u00f3n terap\u00e9utica<\/li>\n<li>Evaluaci\u00f3n y Seguimiento en Arteterapia<\/li>\n<\/ul>\n<\/li>\n<\/ul>\n<p><span style=\"color: #000000;\"><b>M\u00d3DULO 10 &#8211; <strong>Medios Art\u00edsticos y Actividades en Arteterapia<\/strong><strong>:<\/strong><\/b><\/span><\/p>\n<ul>\n<li style=\"list-style-type: none;\">\n<ul>\n<li>Exploraci\u00f3n de Medios Art\u00edsticos<\/li>\n<li>Actividades Creativas en Arteterapia<\/li>\n<li>Ejercicio Pr\u00e1ctico: Uso de diferentes materiales art\u00edsticos<\/li>\n<li>Cierre y Evaluaci\u00f3n Final del Curso<\/li>\n<\/ul>\n<\/li>\n<\/ul>\n<p><span style=\"color: #000000;\"><strong>CERTIFICACI\u00d3N:<\/strong><\/span><\/p>\n<ul>\n<li style=\"list-style-type: none;\">\n<ul>\n<li>Certificaci\u00f3n v\u00e1lida para acumular horas y acreditarte como ARTETERAPEUTA.<\/li>\n<li>Cursos Superiores Titulaci\u00f3n Expedida y Avalada por Corporaci\u00f3n F\u00f3rum Ecuador.<\/li>\n<\/ul>\n<\/li>\n<\/ul>\n<p><span style=\"color: #000000;\"><strong>VALORES DEL DIPLOMADO:<\/strong><\/span><\/p>\n<p class=\"font_8\"><span style=\"color: #000000;\">P.V.P\u00a0 \u00a0 \u00a0 \u00a0 \u00a0 \u00a0 \u00a0 \u00a0 \u00a0650 USD<br \/>\nPrecio de contado\/transferencia\/deposito:\u00a0 499 USD <em>(Hasta el 31 de julio 2024)<\/em><br \/>\n<\/span><span style=\"color: #000000;\">Precio diferido con tarjeta de cr\u00e9dito:\u00a0 \u00a0 549 USD<br \/>\n<\/span><\/p>\n<p>Planes diferidos con tarjeta de cr\u00e9dito a\u00a0 3 y 6 meses sin intereses, con\u00a0 tarjetas VISA, MASTERCARD, DINERS, DISCOVER, AMERICAN EXPRESS de los bancos Pichincha, Guayaquil, Pacifico.<\/p>\n<p><span style=\"color: #000000;\"><strong>Datos de cuenta para dep\u00f3sito o transferencia.<\/strong><\/span><\/p>\n<p><span style=\"color: #000000;\">Dep\u00f3sito\u00a0 o transferencia Bancaria:<\/span><\/p>\n<ul>\n<li><span style=\"color: #000000;\">Destinatario:\u00a0 \u00a0\u00a0\u00a0\u00a0\u00a0\u00a0\u00a0\u00a0\u00a0\u00a0\u00a0\u00a0\u00a0\u00a0\u00a0\u00a0\u00a0\u00a0\u00a0\u00a0\u00a0\u00a0\u00a0\u00a0\u00a0\u00a0\u00a0\u00a0\u00a0\u00a0\u00a0\u00a0\u00a0 \u00a0FORUM ECUADOR<\/span><\/li>\n<li><span style=\"color: #000000;\">RUC: \u00a0\u00a0\u00a0\u00a0\u00a0\u00a0\u00a0\u00a0\u00a0\u00a0\u00a0\u00a0\u00a0\u00a0\u00a0\u00a0\u00a0\u00a0\u00a0\u00a0\u00a0\u00a0\u00a0\u00a0\u00a0\u00a0\u00a0\u00a0\u00a0\u00a0\u00a0\u00a0\u00a0\u00a0\u00a0\u00a0\u00a0\u00a0\u00a0\u00a0\u00a0\u00a0\u00a0\u00a0\u00a0\u00a0\u00a0\u00a0\u00a0 1792122201001<\/span><\/li>\n<li><span style=\"color: #000000;\">BANCO: \u00a0\u00a0\u00a0\u00a0\u00a0\u00a0\u00a0\u00a0\u00a0\u00a0\u00a0\u00a0\u00a0\u00a0\u00a0\u00a0\u00a0\u00a0\u00a0\u00a0\u00a0\u00a0\u00a0\u00a0\u00a0\u00a0\u00a0\u00a0\u00a0\u00a0\u00a0\u00a0\u00a0\u00a0\u00a0\u00a0\u00a0\u00a0\u00a0\u00a0\u00a0\u00a0\u00a0 PICHINCHA<\/span><\/li>\n<li><span style=\"color: #000000;\">Cuenta corriente: \u00a0\u00a0\u00a0\u00a0\u00a0\u00a0\u00a0\u00a0\u00a0\u00a0\u00a0\u00a0\u00a0\u00a0\u00a0\u00a0\u00a0\u00a0\u00a0\u00a0\u00a0\u00a0\u00a0\u00a0\u00a0 #3386334304<\/span><\/li>\n<li><span style=\"color: #000000;\">E mail: \u00a0\u00a0\u00a0\u00a0\u00a0\u00a0\u00a0\u00a0\u00a0\u00a0\u00a0\u00a0\u00a0\u00a0\u00a0\u00a0\u00a0\u00a0\u00a0\u00a0\u00a0\u00a0\u00a0\u00a0\u00a0\u00a0\u00a0\u00a0\u00a0\u00a0\u00a0\u00a0\u00a0\u00a0\u00a0\u00a0\u00a0\u00a0\u00a0\u00a0\u00a0\u00a0\u00a0\u00a0\u00a0\u00a0 <a style=\"color: #000000;\" href=\"mailto:forumecuador@gmail.com\">forumecuador@gmail.com<\/a><\/span><\/li>\n<\/ul>\n<p><span style=\"color: #000000;\">Si deseas matricularte en <strong>forma presencial<\/strong> debes acercarte a nuestras oficinas ubicadas en la ciudad de Quito en l<em>a Av. Francisco de Orellana E9-195 y Av. 6 de Diciembre, Edificio Alisal de Orellana &#8211; Oficina PB-01<\/em> en horario de 09:00 a 13:00 y de 14:00 a 17:00 de lunes a viernes.<\/span><\/p>","protected":false},"excerpt":{"rendered":"<p>DIPLOMADO ARTETERAPIA: T\u00c9CNICAS Y APLICACIONES TERAP\u00c9UTICAS Modalidad: Online con profesor en vivo Horario: Lunes a Mi\u00e9rcoles de 19:00 a 21h30 Inicio de clases: 5 de septiembre del 2024 Duraci\u00f3n:\u00a0 8 semanas &#8211; 120 horas acad\u00e9micas ANTECEDENTES Es el uso terap\u00e9utico de diferentes medios art\u00edsticos como: la pintura, el teatro, la danza, la m\u00fasica, entre otras [&hellip;]<\/p>\n","protected":false},"featured_media":27594,"comment_status":"open","ping_status":"closed","template":"","meta":{"_acf_changed":false,"site-sidebar-layout":"default","site-content-layout":"","ast-site-content-layout":"default","site-content-style":"default","site-sidebar-style":"default","ast-global-header-display":"","ast-banner-title-visibility":"","ast-main-header-display":"","ast-hfb-above-header-display":"","ast-hfb-below-header-display":"","ast-hfb-mobile-header-display":"","site-post-title":"","ast-breadcrumbs-content":"","ast-featured-img":"","footer-sml-layout":"","ast-disable-related-posts":"","theme-transparent-header-meta":"default","adv-header-id-meta":"","stick-header-meta":"","header-above-stick-meta":"","header-main-stick-meta":"","header-below-stick-meta":"","astra-migrate-meta-layouts":"set","ast-page-background-enabled":"default","ast-page-background-meta":{"desktop":{"background-color":"","background-image":"","background-repeat":"repeat","background-position":"center center","background-size":"auto","background-attachment":"scroll","background-type":"","background-media":"","overlay-type":"","overlay-color":"","overlay-opacity":"","overlay-gradient":""},"tablet":{"background-color":"","background-image":"","background-repeat":"repeat","background-position":"center center","background-size":"auto","background-attachment":"scroll","background-type":"","background-media":"","overlay-type":"","overlay-color":"","overlay-opacity":"","overlay-gradient":""},"mobile":{"background-color":"","background-image":"","background-repeat":"repeat","background-position":"center center","background-size":"auto","background-attachment":"scroll","background-type":"","background-media":"","overlay-type":"","overlay-color":"","overlay-opacity":"","overlay-gradient":""}},"ast-content-background-meta":{"desktop":{"background-color":"var(--ast-global-color-5)","background-image":"","background-repeat":"repeat","background-position":"center center","background-size":"auto","background-attachment":"scroll","background-type":"","background-media":"","overlay-type":"","overlay-color":"","overlay-opacity":"","overlay-gradient":""},"tablet":{"background-color":"var(--ast-global-color-5)","background-image":"","background-repeat":"repeat","background-position":"center center","background-size":"auto","background-attachment":"scroll","background-type":"","background-media":"","overlay-type":"","overlay-color":"","overlay-opacity":"","overlay-gradient":""},"mobile":{"background-color":"var(--ast-global-color-5)","background-image":"","background-repeat":"repeat","background-position":"center center","background-size":"auto","background-attachment":"scroll","background-type":"","background-media":"","overlay-type":"","overlay-color":"","overlay-opacity":"","overlay-gradient":""}}},"product_brand":[],"product_cat":[15],"product_tag":[],"class_list":{"0":"post-26483","1":"product","2":"type-product","3":"status-publish","4":"has-post-thumbnail","6":"product_cat-uncategorized","7":"desktop-align-left","8":"tablet-align-left","9":"mobile-align-left","11":"first","12":"instock","13":"sale","14":"sold-individually","15":"shipping-taxable","16":"purchasable","17":"product-type-simple"},"acf":[],"yoast_head":"<!-- This site is optimized with the Yoast SEO plugin v27.1.1 - https:\/\/yoast.com\/product\/yoast-seo-wordpress\/ -->\n<title>Diplomado Arteterapia: T\u00e9cnicas y aplicaciones terap\u00e9uticas NO - FORUM ECUADOR<\/title>\n<meta name=\"robots\" content=\"index, follow, max-snippet:-1, max-image-preview:large, max-video-preview:-1\" \/>\n<link rel=\"canonical\" href=\"https:\/\/forumecuador.com\/es\/product\/diplomado-arteterapia-i-tecnicas-y-aplicaciones-terapeuticas\/\" \/>\n<meta property=\"og:locale\" content=\"es_ES\" \/>\n<meta property=\"og:type\" content=\"article\" \/>\n<meta property=\"og:title\" content=\"Diplomado Arteterapia: T\u00e9cnicas y aplicaciones terap\u00e9uticas NO - FORUM ECUADOR\" \/>\n<meta property=\"og:description\" content=\"DIPLOMADO ARTETERAPIA: T\u00c9CNICAS Y APLICACIONES TERAP\u00c9UTICAS Modalidad: Online con profesor en vivo Horario: Lunes a Mi\u00e9rcoles de 19:00 a 21h30 Inicio de clases: 5 de septiembre del 2024 Duraci\u00f3n:\u00a0 8 semanas &#8211; 120 horas acad\u00e9micas ANTECEDENTES Es el uso terap\u00e9utico de diferentes medios art\u00edsticos como: la pintura, el teatro, la danza, la m\u00fasica, entre otras [&hellip;]\" \/>\n<meta property=\"og:url\" content=\"https:\/\/forumecuador.com\/es\/product\/diplomado-arteterapia-i-tecnicas-y-aplicaciones-terapeuticas\/\" \/>\n<meta property=\"og:site_name\" content=\"FORUM ECUADOR\" \/>\n<meta property=\"article:modified_time\" content=\"2025-10-06T22:14:37+00:00\" \/>\n<meta property=\"og:image\" content=\"https:\/\/forumecuador.com\/wp-content\/uploads\/2025\/09\/Artetrapia_Mesa-de-trabajo-1-scaled.jpg\" \/>\n\t<meta property=\"og:image:width\" content=\"2560\" \/>\n\t<meta property=\"og:image:height\" content=\"1440\" \/>\n\t<meta property=\"og:image:type\" content=\"image\/jpeg\" \/>\n<meta name=\"twitter:card\" content=\"summary_large_image\" \/>\n<meta name=\"twitter:label1\" content=\"Tiempo de lectura\" \/>\n\t<meta name=\"twitter:data1\" content=\"4 minutos\" \/>\n<script type=\"application\/ld+json\" class=\"yoast-schema-graph\">{\"@context\":\"https:\/\/schema.org\",\"@graph\":[{\"@type\":\"WebPage\",\"@id\":\"https:\/\/forumecuador.com\/product\/diplomado-arteterapia-i-tecnicas-y-aplicaciones-terapeuticas\/\",\"url\":\"https:\/\/forumecuador.com\/product\/diplomado-arteterapia-i-tecnicas-y-aplicaciones-terapeuticas\/\",\"name\":\"Diplomado Arteterapia: T\u00e9cnicas y aplicaciones terap\u00e9uticas NO - FORUM ECUADOR\",\"isPartOf\":{\"@id\":\"https:\/\/forumecuador.com\/#website\"},\"primaryImageOfPage\":{\"@id\":\"https:\/\/forumecuador.com\/product\/diplomado-arteterapia-i-tecnicas-y-aplicaciones-terapeuticas\/#primaryimage\"},\"image\":{\"@id\":\"https:\/\/forumecuador.com\/product\/diplomado-arteterapia-i-tecnicas-y-aplicaciones-terapeuticas\/#primaryimage\"},\"thumbnailUrl\":\"https:\/\/forumecuador.com\/wp-content\/uploads\/2025\/09\/Artetrapia_Mesa-de-trabajo-1-scaled.jpg\",\"datePublished\":\"2025-08-12T21:49:28+00:00\",\"dateModified\":\"2025-10-06T22:14:37+00:00\",\"breadcrumb\":{\"@id\":\"https:\/\/forumecuador.com\/product\/diplomado-arteterapia-i-tecnicas-y-aplicaciones-terapeuticas\/#breadcrumb\"},\"inLanguage\":\"es\",\"potentialAction\":[{\"@type\":\"ReadAction\",\"target\":[\"https:\/\/forumecuador.com\/product\/diplomado-arteterapia-i-tecnicas-y-aplicaciones-terapeuticas\/\"]}]},{\"@type\":\"ImageObject\",\"inLanguage\":\"es\",\"@id\":\"https:\/\/forumecuador.com\/product\/diplomado-arteterapia-i-tecnicas-y-aplicaciones-terapeuticas\/#primaryimage\",\"url\":\"https:\/\/forumecuador.com\/wp-content\/uploads\/2025\/09\/Artetrapia_Mesa-de-trabajo-1-scaled.jpg\",\"contentUrl\":\"https:\/\/forumecuador.com\/wp-content\/uploads\/2025\/09\/Artetrapia_Mesa-de-trabajo-1-scaled.jpg\",\"width\":2560,\"height\":1440},{\"@type\":\"BreadcrumbList\",\"@id\":\"https:\/\/forumecuador.com\/product\/diplomado-arteterapia-i-tecnicas-y-aplicaciones-terapeuticas\/#breadcrumb\",\"itemListElement\":[{\"@type\":\"ListItem\",\"position\":1,\"name\":\"Portada\",\"item\":\"https:\/\/forumecuador.com\/\"},{\"@type\":\"ListItem\",\"position\":2,\"name\":\"Productos\",\"item\":\"https:\/\/forumecuador.com\/shop\/\"},{\"@type\":\"ListItem\",\"position\":3,\"name\":\"Diplomado Arteterapia: T\u00e9cnicas y aplicaciones terap\u00e9uticas NO\"}]},{\"@type\":\"WebSite\",\"@id\":\"https:\/\/forumecuador.com\/#website\",\"url\":\"https:\/\/forumecuador.com\/\",\"name\":\"FORUM ECUADOR\",\"description\":\"FORMACI\u00d3N CONTINUA DIPLOMADOS\",\"publisher\":{\"@id\":\"https:\/\/forumecuador.com\/#organization\"},\"potentialAction\":[{\"@type\":\"SearchAction\",\"target\":{\"@type\":\"EntryPoint\",\"urlTemplate\":\"https:\/\/forumecuador.com\/?s={search_term_string}\"},\"query-input\":{\"@type\":\"PropertyValueSpecification\",\"valueRequired\":true,\"valueName\":\"search_term_string\"}}],\"inLanguage\":\"es\"},{\"@type\":\"Organization\",\"@id\":\"https:\/\/forumecuador.com\/#organization\",\"name\":\"FORUM ECUADOR\",\"url\":\"https:\/\/forumecuador.com\/\",\"logo\":{\"@type\":\"ImageObject\",\"inLanguage\":\"es\",\"@id\":\"https:\/\/forumecuador.com\/#\/schema\/logo\/image\/\",\"url\":\"https:\/\/forumecuador.com\/wp-content\/uploads\/2025\/08\/cropped-logo-horizontal-fondo-blanco.png\",\"contentUrl\":\"https:\/\/forumecuador.com\/wp-content\/uploads\/2025\/08\/cropped-logo-horizontal-fondo-blanco.png\",\"width\":900,\"height\":151,\"caption\":\"FORUM ECUADOR\"},\"image\":{\"@id\":\"https:\/\/forumecuador.com\/#\/schema\/logo\/image\/\"}}]}<\/script>\n<!-- \/ Yoast SEO plugin. -->","yoast_head_json":{"title":"Diplomado Arteterapia: T\u00e9cnicas y aplicaciones terap\u00e9uticas NO - FORUM ECUADOR","robots":{"index":"index","follow":"follow","max-snippet":"max-snippet:-1","max-image-preview":"max-image-preview:large","max-video-preview":"max-video-preview:-1"},"canonical":"https:\/\/forumecuador.com\/es\/product\/diplomado-arteterapia-i-tecnicas-y-aplicaciones-terapeuticas\/","og_locale":"es_ES","og_type":"article","og_title":"Diplomado Arteterapia: T\u00e9cnicas y aplicaciones terap\u00e9uticas NO - FORUM ECUADOR","og_description":"DIPLOMADO ARTETERAPIA: T\u00c9CNICAS Y APLICACIONES TERAP\u00c9UTICAS Modalidad: Online con profesor en vivo Horario: Lunes a Mi\u00e9rcoles de 19:00 a 21h30 Inicio de clases: 5 de septiembre del 2024 Duraci\u00f3n:\u00a0 8 semanas &#8211; 120 horas acad\u00e9micas ANTECEDENTES Es el uso terap\u00e9utico de diferentes medios art\u00edsticos como: la pintura, el teatro, la danza, la m\u00fasica, entre otras [&hellip;]","og_url":"https:\/\/forumecuador.com\/es\/product\/diplomado-arteterapia-i-tecnicas-y-aplicaciones-terapeuticas\/","og_site_name":"FORUM ECUADOR","article_modified_time":"2025-10-06T22:14:37+00:00","og_image":[{"width":2560,"height":1440,"url":"https:\/\/forumecuador.com\/wp-content\/uploads\/2025\/09\/Artetrapia_Mesa-de-trabajo-1-scaled.jpg","type":"image\/jpeg"}],"twitter_card":"summary_large_image","twitter_misc":{"Tiempo de lectura":"4 minutos"},"schema":{"@context":"https:\/\/schema.org","@graph":[{"@type":"WebPage","@id":"https:\/\/forumecuador.com\/product\/diplomado-arteterapia-i-tecnicas-y-aplicaciones-terapeuticas\/","url":"https:\/\/forumecuador.com\/product\/diplomado-arteterapia-i-tecnicas-y-aplicaciones-terapeuticas\/","name":"Diplomado Arteterapia: T\u00e9cnicas y aplicaciones terap\u00e9uticas NO - FORUM ECUADOR","isPartOf":{"@id":"https:\/\/forumecuador.com\/#website"},"primaryImageOfPage":{"@id":"https:\/\/forumecuador.com\/product\/diplomado-arteterapia-i-tecnicas-y-aplicaciones-terapeuticas\/#primaryimage"},"image":{"@id":"https:\/\/forumecuador.com\/product\/diplomado-arteterapia-i-tecnicas-y-aplicaciones-terapeuticas\/#primaryimage"},"thumbnailUrl":"https:\/\/forumecuador.com\/wp-content\/uploads\/2025\/09\/Artetrapia_Mesa-de-trabajo-1-scaled.jpg","datePublished":"2025-08-12T21:49:28+00:00","dateModified":"2025-10-06T22:14:37+00:00","breadcrumb":{"@id":"https:\/\/forumecuador.com\/product\/diplomado-arteterapia-i-tecnicas-y-aplicaciones-terapeuticas\/#breadcrumb"},"inLanguage":"es","potentialAction":[{"@type":"ReadAction","target":["https:\/\/forumecuador.com\/product\/diplomado-arteterapia-i-tecnicas-y-aplicaciones-terapeuticas\/"]}]},{"@type":"ImageObject","inLanguage":"es","@id":"https:\/\/forumecuador.com\/product\/diplomado-arteterapia-i-tecnicas-y-aplicaciones-terapeuticas\/#primaryimage","url":"https:\/\/forumecuador.com\/wp-content\/uploads\/2025\/09\/Artetrapia_Mesa-de-trabajo-1-scaled.jpg","contentUrl":"https:\/\/forumecuador.com\/wp-content\/uploads\/2025\/09\/Artetrapia_Mesa-de-trabajo-1-scaled.jpg","width":2560,"height":1440},{"@type":"BreadcrumbList","@id":"https:\/\/forumecuador.com\/product\/diplomado-arteterapia-i-tecnicas-y-aplicaciones-terapeuticas\/#breadcrumb","itemListElement":[{"@type":"ListItem","position":1,"name":"Portada","item":"https:\/\/forumecuador.com\/"},{"@type":"ListItem","position":2,"name":"Productos","item":"https:\/\/forumecuador.com\/shop\/"},{"@type":"ListItem","position":3,"name":"Diplomado Arteterapia: T\u00e9cnicas y aplicaciones terap\u00e9uticas NO"}]},{"@type":"WebSite","@id":"https:\/\/forumecuador.com\/#website","url":"https:\/\/forumecuador.com\/","name":"FORUM ECUADOR","description":"FORMACI\u00d3N CONTINUA DIPLOMADOS","publisher":{"@id":"https:\/\/forumecuador.com\/#organization"},"potentialAction":[{"@type":"SearchAction","target":{"@type":"EntryPoint","urlTemplate":"https:\/\/forumecuador.com\/?s={search_term_string}"},"query-input":{"@type":"PropertyValueSpecification","valueRequired":true,"valueName":"search_term_string"}}],"inLanguage":"es"},{"@type":"Organization","@id":"https:\/\/forumecuador.com\/#organization","name":"FORUM ECUADOR","url":"https:\/\/forumecuador.com\/","logo":{"@type":"ImageObject","inLanguage":"es","@id":"https:\/\/forumecuador.com\/#\/schema\/logo\/image\/","url":"https:\/\/forumecuador.com\/wp-content\/uploads\/2025\/08\/cropped-logo-horizontal-fondo-blanco.png","contentUrl":"https:\/\/forumecuador.com\/wp-content\/uploads\/2025\/08\/cropped-logo-horizontal-fondo-blanco.png","width":900,"height":151,"caption":"FORUM ECUADOR"},"image":{"@id":"https:\/\/forumecuador.com\/#\/schema\/logo\/image\/"}}]}},"_links":{"self":[{"href":"https:\/\/forumecuador.com\/es\/wp-json\/wp\/v2\/product\/26483","targetHints":{"allow":["GET"]}}],"collection":[{"href":"https:\/\/forumecuador.com\/es\/wp-json\/wp\/v2\/product"}],"about":[{"href":"https:\/\/forumecuador.com\/es\/wp-json\/wp\/v2\/types\/product"}],"replies":[{"embeddable":true,"href":"https:\/\/forumecuador.com\/es\/wp-json\/wp\/v2\/comments?post=26483"}],"version-history":[{"count":0,"href":"https:\/\/forumecuador.com\/es\/wp-json\/wp\/v2\/product\/26483\/revisions"}],"wp:featuredmedia":[{"embeddable":true,"href":"https:\/\/forumecuador.com\/es\/wp-json\/wp\/v2\/media\/27594"}],"wp:attachment":[{"href":"https:\/\/forumecuador.com\/es\/wp-json\/wp\/v2\/media?parent=26483"}],"wp:term":[{"taxonomy":"product_brand","embeddable":true,"href":"https:\/\/forumecuador.com\/es\/wp-json\/wp\/v2\/product_brand?post=26483"},{"taxonomy":"product_cat","embeddable":true,"href":"https:\/\/forumecuador.com\/es\/wp-json\/wp\/v2\/product_cat?post=26483"},{"taxonomy":"product_tag","embeddable":true,"href":"https:\/\/forumecuador.com\/es\/wp-json\/wp\/v2\/product_tag?post=26483"}],"curies":[{"name":"wp","href":"https:\/\/api.w.org\/{rel}","templated":true}]}}