{"id":26488,"date":"2025-08-12T16:52:38","date_gmt":"2025-08-12T21:52:38","guid":{"rendered":"http:\/\/forumecuador.local\/?post_type=product&#038;p=26488"},"modified":"2025-08-12T17:08:17","modified_gmt":"2025-08-12T22:08:17","slug":"diplomado-de-administracion-supervision-de-obras-de-construccion-escala-media","status":"publish","type":"product","link":"https:\/\/forumecuador.com\/es\/product\/diplomado-de-administracion-supervision-de-obras-de-construccion-escala-media\/","title":{"rendered":"Diplomado de Administraci\u00f3n, supervisi\u00f3n de obras de construcci\u00f3n escala media"},"content":{"rendered":"<h4>DIPLOMADO ADMINISTRACI\u00d3N, SUPERVISI\u00d3N DE OBRAS DE CONSTRUCCI\u00d3N ESCALA MEDIA<\/h4>\n<p><strong>Modalidad:<\/strong> Online con profesor en vivo<br \/>\n<strong>Horario:<\/strong> Lunes a Jueves de 19:00 a 21h00<br \/>\n<strong style=\"font-size: 1rem;\"><span style=\"font-size: 1rem;\"><strong>Inicio de clases<\/strong><\/span>:<\/strong><span style=\"font-size: 1rem;\"> 3 de junio del 2024<br \/>\n<\/span><strong>Duraci\u00f3n:<\/strong>\u00a0 8 semanas<\/p>\n<p><span style=\"color: #000000;\"><strong>ANTECEDENTES<\/strong><\/span><\/p>\n<p>Este programa formativo surge para satisfacer la creciente demanda en el sector de la construcci\u00f3n, tanto por parte de empresas dedicadas a obras de mediana escala como de arquitectos y constructores que buscan especializarse en la gesti\u00f3n y supervisi\u00f3n de proyectos. Nuestro enfoque se centra en capacitar a los participantes para administrar eficazmente presupuestos, costos y recursos humanos, asegurando as\u00ed un desempe\u00f1o \u00f3ptimo en todas las facetas del proceso constructivo.<\/p>\n<p><span style=\"color: #000000;\"><strong>METODOLOG\u00cdA<\/strong><\/span><\/p>\n<p>La metodolog\u00eda de ense\u00f1anza y aprendizaje del diplomado se basa en una combinaci\u00f3n equilibrada de clases te\u00f3ricas, estudios de caso,\u00a0 trabajo en grupo y actividades pr\u00e1cticas con la metodolog\u00eda PBL.<\/p>\n<p>Adem\u00e1s, se asignar\u00e1n tareas de investigaci\u00f3n para que los participantes profundicen en temas espec\u00edficos de inter\u00e9s.<\/p>\n<p><span style=\"color: #000000;\"><strong>A QUIENES EST\u00c1 DIRIGIDO EL CURSO.<\/strong><\/span><\/p>\n<p>El Diplomado est\u00e1 dirigido a todos los profesionales y t\u00e9cnicos que lideran o participan en el proceso de administraci\u00f3n de proyectos\u00a0 de construcci\u00f3n, arquitectos, constructores.<\/p>\n<p><span style=\"color: #000000;\"><strong>OBJETIVOS\u00a0 DEL CURSO:<\/strong><\/span><\/p>\n<ul>\n<li style=\"list-style-type: none;\">\n<ul>\n<li>Identificar conceptos fundamentales de la administraci\u00f3n de proyectos de construcci\u00f3n<\/li>\n<li>Utilizar t\u00e9cnicas para planificar el alcance, el cronograma y los costos asociados al proyecto.<\/li>\n<li>Aplicar un proceso de seguimiento y control integrado de un proyecto.<\/li>\n<li>Elaborar un presupuesto de un proyecto de construcci\u00f3n en base a la estimaci\u00f3n de costos base de mano de obra, materiales y equipos.<\/li>\n<li>Elaborar estimaciones de riesgo en los costos de proyectos de construcci\u00f3n.<\/li>\n<li>Justificar los precios unitarios en proyectos de construcci\u00f3n.<\/li>\n<li>Dise\u00f1ar planes de monitoreo y control presupuestario de un proyecto de construcci\u00f3n.<\/li>\n<li>Conocer los diferentes procesos laborales que aplican en la construcci\u00f3n.<\/li>\n<li><\/li>\n<\/ul>\n<\/li>\n<\/ul>\n<p><span style=\"color: #000000;\"><strong>E<\/strong><strong>S<\/strong><strong>Q<\/strong><strong>U<\/strong><strong>E<\/strong><strong>M<\/strong><strong>A DE CONOCIMIENTOS DEL CURSO:<\/strong><\/span><\/p>\n<ul>\n<li><span style=\"color: #000000;\"><strong>M\u00d3DULO 1 &#8211; Introducci\u00f3n, conceptos generales y planificaci\u00f3n de proyectos:<\/strong><\/span><\/li>\n<\/ul>\n<p><strong>Conceptos generales de administraci\u00f3n de proyectos:<br \/>\n<\/strong><\/p>\n<ul>\n<li style=\"list-style-type: none;\">\n<ul>\n<li>Definici\u00f3n de proyectos\u00a0 y direcci\u00f3n de proyectos <em>(Project managment- PM)<\/em><\/li>\n<li>Modelos de ciclos de vida del proyecto <em>(perfil, prefactibilidad, factibilidad, ejecuci\u00f3n, puesta en marcha)<\/em><\/li>\n<li>Elementos del inicio y cierre del proyecto <em>(acta de constituci\u00f3n, kick-of meeting, an\u00e1lisis de grupos de inter\u00e9s, actividades de cierre del proyecto)<\/em><\/li>\n<li>Elaboraci\u00f3n del acta de constituci\u00f3n del proyecto.<\/li>\n<\/ul>\n<\/li>\n<\/ul>\n<p><strong>Planificaci\u00f3n del proyectos:<\/strong><\/p>\n<ul>\n<li style=\"list-style-type: none;\">\n<ul>\n<li>Secuencia t\u00edpica de programaci\u00f3n y plan de ejecuci\u00f3n del proyecto <em>(PEP).<\/em><\/li>\n<li>Planificaci\u00f3n del alcance del proyecto.<\/li>\n<li>Matriz de requisitos del proyecto, stake holder del proyecto.<\/li>\n<li>Estructura de desglose del trabajo <em>(EDT o WBS)<\/em> como herramienta integradora de programaci\u00f3n.<\/li>\n<li>Construcci\u00f3n EDT del proyecto <em>(caso aplicado a realidad laboral).<\/em><\/li>\n<li>Planificaci\u00f3n del tiempo del proyecto.<\/li>\n<li>Estimaci\u00f3n de duraci\u00f3n de actividades, l\u00ednea base, cronograma, holgura del proyecto.<\/li>\n<li>Elaboraci\u00f3n del cronograma.<\/li>\n<li>Planificaci\u00f3n del costos del proyecto.<\/li>\n<li>Procesos de la gesti\u00f3n de costos en proyectos <em>(PMI).<\/em><\/li>\n<li>Planificaci\u00f3n de costos y costo del ciclo de vida <em>(LCC).<\/em><\/li>\n<li>Gesti\u00f3n de recursos<em> (matriz de responsabilidades e histogramas).<\/em><\/li>\n<li>Definici\u00f3n de presupuesto y flujo de caja del proyecto.<\/li>\n<li>Documentos y formatos.<\/li>\n<\/ul>\n<\/li>\n<\/ul>\n<ul>\n<li style=\"list-style-type: none;\"><strong style=\"font-size: 1rem;\"><span style=\"color: #000000;\"><b>M\u00d3DULO 2 &#8211; <\/b><\/span>Seguimiento y control de proyectos:<\/strong><\/li>\n<\/ul>\n<ul>\n<li style=\"list-style-type: none;\">\n<ul>\n<li>Gesti\u00f3n de proyectos.<\/li>\n<li>Gesti\u00f3n de costos.<\/li>\n<li>Gesti\u00f3n de recursos humanos.<\/li>\n<li>Gesti\u00f3n de Calidad.<\/li>\n<li>Gesti\u00f3n de adquisici\u00f3n.<\/li>\n<li>Administraci\u00f3n de empresas constructoras.<\/li>\n<\/ul>\n<\/li>\n<\/ul>\n<ul>\n<li style=\"list-style-type: none;\"><\/li>\n<\/ul>\n<p><span style=\"color: #000000;\"><b>M\u00d3DULO 3 &#8211; <strong>Taller integrado al proyecto:<br \/>\n<\/strong><\/b><\/span><\/p>\n<p><span style=\"color: #000000;\"><b>M\u00d3DULO 4 &#8211; <strong>Normativa legal:<\/strong><\/b><\/span><span style=\"font-size: 1rem;\"><br \/>\n<\/span><\/p>\n<ul>\n<li style=\"list-style-type: none;\">\n<ul>\n<li>Normativa laboral de contrataci\u00f3n.<\/li>\n<li>Modelos de contrato.<\/li>\n<li>Constituci\u00f3n de compa\u00f1\u00edas.<\/li>\n<\/ul>\n<\/li>\n<\/ul>\n<p><span style=\"color: #000000;\"><strong>CERTIFICACI\u00d3N:<\/strong><\/span><\/p>\n<ul>\n<li style=\"list-style-type: none;\">\n<ul>\n<li>Cursos Superiores Titulaci\u00f3n Expedida y Avalada por Corporaci\u00f3n F\u00f3rum Ecuador.<\/li>\n<li>Certificaci\u00f3n registrada en la Secretar\u00eda T\u00e9cnica del Sistema Nacional de Cualificaciones Profesionales, Ministerio del trabajo (ANTIGUA SETEC)<\/li>\n<\/ul>\n<\/li>\n<\/ul>\n<p><span style=\"color: #000000;\"><strong>VALORES DEL DIPLOMADO:<\/strong><\/span><\/p>\n<p class=\"font_8\"><span style=\"color: #000000;\">Matr\u00edcula :\u00a0 \u00a0 \u00a0 \u00a0 \u00a0 \u00a0 \u00a0 \u00a0 \u00a020 USD<br \/>\n<\/span><span style=\"color: #000000;\">Precio diferido con tarjeta de cr\u00e9dito:\u00a0 \u00a0 685 USD<br \/>\nPrecio de contado:\u00a0 650 USD<\/span><\/p>\n<p>Planes diferidos con tarjeta de cr\u00e9dito a\u00a0 3, 6 y 12 meses con intereses, con\u00a0 tarjetas VISA, MASTERCARD, DINERS, DISCOVER, AMERICAN EXPRESS de los bancos Pichincha, Guayaquil, Pacifico.<\/p>\n<p><span style=\"color: #000000;\"><strong>Datos de cuenta para dep\u00f3sito o transferencia.<\/strong><\/span><\/p>\n<p><span style=\"color: #000000;\">Dep\u00f3sito\u00a0 o transferencia Bancaria:<\/span><\/p>\n<ul>\n<li><span style=\"color: #000000;\">Destinatario:\u00a0 \u00a0\u00a0\u00a0\u00a0\u00a0\u00a0\u00a0\u00a0\u00a0\u00a0\u00a0\u00a0\u00a0\u00a0\u00a0\u00a0\u00a0\u00a0\u00a0\u00a0\u00a0\u00a0\u00a0\u00a0\u00a0\u00a0\u00a0\u00a0\u00a0\u00a0\u00a0\u00a0\u00a0 \u00a0FORUM ECUADOR<\/span><\/li>\n<li><span style=\"color: #000000;\">RUC: \u00a0\u00a0\u00a0\u00a0\u00a0\u00a0\u00a0\u00a0\u00a0\u00a0\u00a0\u00a0\u00a0\u00a0\u00a0\u00a0\u00a0\u00a0\u00a0\u00a0\u00a0\u00a0\u00a0\u00a0\u00a0\u00a0\u00a0\u00a0\u00a0\u00a0\u00a0\u00a0\u00a0\u00a0\u00a0\u00a0\u00a0\u00a0\u00a0\u00a0\u00a0\u00a0\u00a0\u00a0\u00a0\u00a0\u00a0\u00a0\u00a0 1792122201001<\/span><\/li>\n<li><span style=\"color: #000000;\">BANCO: \u00a0\u00a0\u00a0\u00a0\u00a0\u00a0\u00a0\u00a0\u00a0\u00a0\u00a0\u00a0\u00a0\u00a0\u00a0\u00a0\u00a0\u00a0\u00a0\u00a0\u00a0\u00a0\u00a0\u00a0\u00a0\u00a0\u00a0\u00a0\u00a0\u00a0\u00a0\u00a0\u00a0\u00a0\u00a0\u00a0\u00a0\u00a0\u00a0\u00a0\u00a0\u00a0\u00a0 PICHINCHA<\/span><\/li>\n<li><span style=\"color: #000000;\">Cuenta corriente: \u00a0\u00a0\u00a0\u00a0\u00a0\u00a0\u00a0\u00a0\u00a0\u00a0\u00a0\u00a0\u00a0\u00a0\u00a0\u00a0\u00a0\u00a0\u00a0\u00a0\u00a0\u00a0\u00a0\u00a0\u00a0 #3386334304<\/span><\/li>\n<li><span style=\"color: #000000;\">E mail: \u00a0\u00a0\u00a0\u00a0\u00a0\u00a0\u00a0\u00a0\u00a0\u00a0\u00a0\u00a0\u00a0\u00a0\u00a0\u00a0\u00a0\u00a0\u00a0\u00a0\u00a0\u00a0\u00a0\u00a0\u00a0\u00a0\u00a0\u00a0\u00a0\u00a0\u00a0\u00a0\u00a0\u00a0\u00a0\u00a0\u00a0\u00a0\u00a0\u00a0\u00a0\u00a0\u00a0\u00a0\u00a0\u00a0 <a style=\"color: #000000;\" href=\"mailto:forumecuador@gmail.com\">forumecuador@gmail.com<\/a><\/span><\/li>\n<\/ul>\n<p><span style=\"color: #000000;\">Si deseas matricularte en <strong>forma presencial<\/strong> debes acercarte a nuestras oficinas ubicadas en la ciudad de Quito en l<em>a Av. Francisco de Orellana E9-195 y Av. 6 de Diciembre, Edificio Alisal de Orellana &#8211; Oficina PB-01<\/em> en horario de 09:00 a 13:00 y de 14:00 a 17:00 de lunes a viernes.<\/span><\/p>","protected":false},"excerpt":{"rendered":"<p>DIPLOMADO ADMINISTRACI\u00d3N, SUPERVISI\u00d3N DE OBRAS DE CONSTRUCCI\u00d3N ESCALA MEDIA Modalidad: Online con profesor en vivo Horario: Lunes a Jueves de 19:00 a 21h00 Inicio de clases: 3 de junio del 2024 Duraci\u00f3n:\u00a0 8 semanas ANTECEDENTES Este programa formativo surge para satisfacer la creciente demanda en el sector de la construcci\u00f3n, tanto por parte de empresas [&hellip;]<\/p>\n","protected":false},"featured_media":26176,"comment_status":"open","ping_status":"closed","template":"","meta":{"_acf_changed":false,"site-sidebar-layout":"default","site-content-layout":"","ast-site-content-layout":"default","site-content-style":"default","site-sidebar-style":"default","ast-global-header-display":"","ast-banner-title-visibility":"","ast-main-header-display":"","ast-hfb-above-header-display":"","ast-hfb-below-header-display":"","ast-hfb-mobile-header-display":"","site-post-title":"","ast-breadcrumbs-content":"","ast-featured-img":"","footer-sml-layout":"","ast-disable-related-posts":"","theme-transparent-header-meta":"default","adv-header-id-meta":"","stick-header-meta":"","header-above-stick-meta":"","header-main-stick-meta":"","header-below-stick-meta":"","astra-migrate-meta-layouts":"set","ast-page-background-enabled":"default","ast-page-background-meta":{"desktop":{"background-color":"","background-image":"","background-repeat":"repeat","background-position":"center center","background-size":"auto","background-attachment":"scroll","background-type":"","background-media":"","overlay-type":"","overlay-color":"","overlay-opacity":"","overlay-gradient":""},"tablet":{"background-color":"","background-image":"","background-repeat":"repeat","background-position":"center center","background-size":"auto","background-attachment":"scroll","background-type":"","background-media":"","overlay-type":"","overlay-color":"","overlay-opacity":"","overlay-gradient":""},"mobile":{"background-color":"","background-image":"","background-repeat":"repeat","background-position":"center center","background-size":"auto","background-attachment":"scroll","background-type":"","background-media":"","overlay-type":"","overlay-color":"","overlay-opacity":"","overlay-gradient":""}},"ast-content-background-meta":{"desktop":{"background-color":"var(--ast-global-color-5)","background-image":"","background-repeat":"repeat","background-position":"center center","background-size":"auto","background-attachment":"scroll","background-type":"","background-media":"","overlay-type":"","overlay-color":"","overlay-opacity":"","overlay-gradient":""},"tablet":{"background-color":"var(--ast-global-color-5)","background-image":"","background-repeat":"repeat","background-position":"center center","background-size":"auto","background-attachment":"scroll","background-type":"","background-media":"","overlay-type":"","overlay-color":"","overlay-opacity":"","overlay-gradient":""},"mobile":{"background-color":"var(--ast-global-color-5)","background-image":"","background-repeat":"repeat","background-position":"center center","background-size":"auto","background-attachment":"scroll","background-type":"","background-media":"","overlay-type":"","overlay-color":"","overlay-opacity":"","overlay-gradient":""}}},"product_brand":[],"product_cat":[15],"product_tag":[],"class_list":{"0":"post-26488","1":"product","2":"type-product","3":"status-publish","4":"has-post-thumbnail","6":"product_cat-uncategorized","7":"desktop-align-left","8":"tablet-align-left","9":"mobile-align-left","11":"first","12":"instock","13":"sale","14":"shipping-taxable","15":"purchasable","16":"product-type-simple"},"acf":[],"yoast_head":"<!-- This site is optimized with the Yoast SEO plugin v27.1.1 - https:\/\/yoast.com\/product\/yoast-seo-wordpress\/ -->\n<title>Diplomado de Administraci\u00f3n, supervisi\u00f3n de obras de construcci\u00f3n escala media - FORUM ECUADOR<\/title>\n<meta name=\"robots\" content=\"index, follow, max-snippet:-1, max-image-preview:large, max-video-preview:-1\" \/>\n<link rel=\"canonical\" href=\"https:\/\/forumecuador.com\/es\/product\/diplomado-de-administracion-supervision-de-obras-de-construccion-escala-media\/\" \/>\n<meta property=\"og:locale\" content=\"es_ES\" \/>\n<meta property=\"og:type\" content=\"article\" \/>\n<meta property=\"og:title\" content=\"Diplomado de Administraci\u00f3n, supervisi\u00f3n de obras de construcci\u00f3n escala media - FORUM ECUADOR\" \/>\n<meta property=\"og:description\" content=\"DIPLOMADO ADMINISTRACI\u00d3N, SUPERVISI\u00d3N DE OBRAS DE CONSTRUCCI\u00d3N ESCALA MEDIA Modalidad: Online con profesor en vivo Horario: Lunes a Jueves de 19:00 a 21h00 Inicio de clases: 3 de junio del 2024 Duraci\u00f3n:\u00a0 8 semanas ANTECEDENTES Este programa formativo surge para satisfacer la creciente demanda en el sector de la construcci\u00f3n, tanto por parte de empresas [&hellip;]\" \/>\n<meta property=\"og:url\" content=\"https:\/\/forumecuador.com\/es\/product\/diplomado-de-administracion-supervision-de-obras-de-construccion-escala-media\/\" \/>\n<meta property=\"og:site_name\" content=\"FORUM ECUADOR\" \/>\n<meta property=\"article:modified_time\" content=\"2025-08-12T22:08:17+00:00\" \/>\n<meta property=\"og:image\" content=\"https:\/\/forumecuador.com\/wp-content\/uploads\/2025\/08\/SUPERVISION-DE-CONSTRUCCION-DE-OBRAS-1.png\" \/>\n\t<meta property=\"og:image:width\" content=\"800\" \/>\n\t<meta property=\"og:image:height\" content=\"532\" \/>\n\t<meta property=\"og:image:type\" content=\"image\/png\" \/>\n<meta name=\"twitter:card\" content=\"summary_large_image\" \/>\n<meta name=\"twitter:label1\" content=\"Tiempo de lectura\" \/>\n\t<meta name=\"twitter:data1\" content=\"4 minutos\" \/>\n<script type=\"application\/ld+json\" class=\"yoast-schema-graph\">{\"@context\":\"https:\/\/schema.org\",\"@graph\":[{\"@type\":\"WebPage\",\"@id\":\"https:\/\/forumecuador.com\/product\/diplomado-de-administracion-supervision-de-obras-de-construccion-escala-media\/\",\"url\":\"https:\/\/forumecuador.com\/product\/diplomado-de-administracion-supervision-de-obras-de-construccion-escala-media\/\",\"name\":\"Diplomado de Administraci\u00f3n, supervisi\u00f3n de obras de construcci\u00f3n escala media - FORUM ECUADOR\",\"isPartOf\":{\"@id\":\"https:\/\/forumecuador.com\/#website\"},\"primaryImageOfPage\":{\"@id\":\"https:\/\/forumecuador.com\/product\/diplomado-de-administracion-supervision-de-obras-de-construccion-escala-media\/#primaryimage\"},\"image\":{\"@id\":\"https:\/\/forumecuador.com\/product\/diplomado-de-administracion-supervision-de-obras-de-construccion-escala-media\/#primaryimage\"},\"thumbnailUrl\":\"https:\/\/forumecuador.com\/wp-content\/uploads\/2025\/08\/SUPERVISION-DE-CONSTRUCCION-DE-OBRAS-1.png\",\"datePublished\":\"2025-08-12T21:52:38+00:00\",\"dateModified\":\"2025-08-12T22:08:17+00:00\",\"breadcrumb\":{\"@id\":\"https:\/\/forumecuador.com\/product\/diplomado-de-administracion-supervision-de-obras-de-construccion-escala-media\/#breadcrumb\"},\"inLanguage\":\"es\",\"potentialAction\":[{\"@type\":\"ReadAction\",\"target\":[\"https:\/\/forumecuador.com\/product\/diplomado-de-administracion-supervision-de-obras-de-construccion-escala-media\/\"]}]},{\"@type\":\"ImageObject\",\"inLanguage\":\"es\",\"@id\":\"https:\/\/forumecuador.com\/product\/diplomado-de-administracion-supervision-de-obras-de-construccion-escala-media\/#primaryimage\",\"url\":\"https:\/\/forumecuador.com\/wp-content\/uploads\/2025\/08\/SUPERVISION-DE-CONSTRUCCION-DE-OBRAS-1.png\",\"contentUrl\":\"https:\/\/forumecuador.com\/wp-content\/uploads\/2025\/08\/SUPERVISION-DE-CONSTRUCCION-DE-OBRAS-1.png\",\"width\":800,\"height\":532},{\"@type\":\"BreadcrumbList\",\"@id\":\"https:\/\/forumecuador.com\/product\/diplomado-de-administracion-supervision-de-obras-de-construccion-escala-media\/#breadcrumb\",\"itemListElement\":[{\"@type\":\"ListItem\",\"position\":1,\"name\":\"Portada\",\"item\":\"https:\/\/forumecuador.com\/\"},{\"@type\":\"ListItem\",\"position\":2,\"name\":\"Productos\",\"item\":\"https:\/\/forumecuador.com\/shop\/\"},{\"@type\":\"ListItem\",\"position\":3,\"name\":\"Diplomado de Administraci\u00f3n, supervisi\u00f3n de obras de construcci\u00f3n escala media\"}]},{\"@type\":\"WebSite\",\"@id\":\"https:\/\/forumecuador.com\/#website\",\"url\":\"https:\/\/forumecuador.com\/\",\"name\":\"FORUM ECUADOR\",\"description\":\"FORMACI\u00d3N CONTINUA DIPLOMADOS\",\"publisher\":{\"@id\":\"https:\/\/forumecuador.com\/#organization\"},\"potentialAction\":[{\"@type\":\"SearchAction\",\"target\":{\"@type\":\"EntryPoint\",\"urlTemplate\":\"https:\/\/forumecuador.com\/?s={search_term_string}\"},\"query-input\":{\"@type\":\"PropertyValueSpecification\",\"valueRequired\":true,\"valueName\":\"search_term_string\"}}],\"inLanguage\":\"es\"},{\"@type\":\"Organization\",\"@id\":\"https:\/\/forumecuador.com\/#organization\",\"name\":\"FORUM ECUADOR\",\"url\":\"https:\/\/forumecuador.com\/\",\"logo\":{\"@type\":\"ImageObject\",\"inLanguage\":\"es\",\"@id\":\"https:\/\/forumecuador.com\/#\/schema\/logo\/image\/\",\"url\":\"https:\/\/forumecuador.com\/wp-content\/uploads\/2025\/08\/cropped-logo-horizontal-fondo-blanco.png\",\"contentUrl\":\"https:\/\/forumecuador.com\/wp-content\/uploads\/2025\/08\/cropped-logo-horizontal-fondo-blanco.png\",\"width\":900,\"height\":151,\"caption\":\"FORUM ECUADOR\"},\"image\":{\"@id\":\"https:\/\/forumecuador.com\/#\/schema\/logo\/image\/\"}}]}<\/script>\n<!-- \/ Yoast SEO plugin. -->","yoast_head_json":{"title":"Diplomado de Administraci\u00f3n, supervisi\u00f3n de obras de construcci\u00f3n escala media - FORUM ECUADOR","robots":{"index":"index","follow":"follow","max-snippet":"max-snippet:-1","max-image-preview":"max-image-preview:large","max-video-preview":"max-video-preview:-1"},"canonical":"https:\/\/forumecuador.com\/es\/product\/diplomado-de-administracion-supervision-de-obras-de-construccion-escala-media\/","og_locale":"es_ES","og_type":"article","og_title":"Diplomado de Administraci\u00f3n, supervisi\u00f3n de obras de construcci\u00f3n escala media - FORUM ECUADOR","og_description":"DIPLOMADO ADMINISTRACI\u00d3N, SUPERVISI\u00d3N DE OBRAS DE CONSTRUCCI\u00d3N ESCALA MEDIA Modalidad: Online con profesor en vivo Horario: Lunes a Jueves de 19:00 a 21h00 Inicio de clases: 3 de junio del 2024 Duraci\u00f3n:\u00a0 8 semanas ANTECEDENTES Este programa formativo surge para satisfacer la creciente demanda en el sector de la construcci\u00f3n, tanto por parte de empresas [&hellip;]","og_url":"https:\/\/forumecuador.com\/es\/product\/diplomado-de-administracion-supervision-de-obras-de-construccion-escala-media\/","og_site_name":"FORUM ECUADOR","article_modified_time":"2025-08-12T22:08:17+00:00","og_image":[{"width":800,"height":532,"url":"https:\/\/forumecuador.com\/wp-content\/uploads\/2025\/08\/SUPERVISION-DE-CONSTRUCCION-DE-OBRAS-1.png","type":"image\/png"}],"twitter_card":"summary_large_image","twitter_misc":{"Tiempo de lectura":"4 minutos"},"schema":{"@context":"https:\/\/schema.org","@graph":[{"@type":"WebPage","@id":"https:\/\/forumecuador.com\/product\/diplomado-de-administracion-supervision-de-obras-de-construccion-escala-media\/","url":"https:\/\/forumecuador.com\/product\/diplomado-de-administracion-supervision-de-obras-de-construccion-escala-media\/","name":"Diplomado de Administraci\u00f3n, supervisi\u00f3n de obras de construcci\u00f3n escala media - FORUM ECUADOR","isPartOf":{"@id":"https:\/\/forumecuador.com\/#website"},"primaryImageOfPage":{"@id":"https:\/\/forumecuador.com\/product\/diplomado-de-administracion-supervision-de-obras-de-construccion-escala-media\/#primaryimage"},"image":{"@id":"https:\/\/forumecuador.com\/product\/diplomado-de-administracion-supervision-de-obras-de-construccion-escala-media\/#primaryimage"},"thumbnailUrl":"https:\/\/forumecuador.com\/wp-content\/uploads\/2025\/08\/SUPERVISION-DE-CONSTRUCCION-DE-OBRAS-1.png","datePublished":"2025-08-12T21:52:38+00:00","dateModified":"2025-08-12T22:08:17+00:00","breadcrumb":{"@id":"https:\/\/forumecuador.com\/product\/diplomado-de-administracion-supervision-de-obras-de-construccion-escala-media\/#breadcrumb"},"inLanguage":"es","potentialAction":[{"@type":"ReadAction","target":["https:\/\/forumecuador.com\/product\/diplomado-de-administracion-supervision-de-obras-de-construccion-escala-media\/"]}]},{"@type":"ImageObject","inLanguage":"es","@id":"https:\/\/forumecuador.com\/product\/diplomado-de-administracion-supervision-de-obras-de-construccion-escala-media\/#primaryimage","url":"https:\/\/forumecuador.com\/wp-content\/uploads\/2025\/08\/SUPERVISION-DE-CONSTRUCCION-DE-OBRAS-1.png","contentUrl":"https:\/\/forumecuador.com\/wp-content\/uploads\/2025\/08\/SUPERVISION-DE-CONSTRUCCION-DE-OBRAS-1.png","width":800,"height":532},{"@type":"BreadcrumbList","@id":"https:\/\/forumecuador.com\/product\/diplomado-de-administracion-supervision-de-obras-de-construccion-escala-media\/#breadcrumb","itemListElement":[{"@type":"ListItem","position":1,"name":"Portada","item":"https:\/\/forumecuador.com\/"},{"@type":"ListItem","position":2,"name":"Productos","item":"https:\/\/forumecuador.com\/shop\/"},{"@type":"ListItem","position":3,"name":"Diplomado de Administraci\u00f3n, supervisi\u00f3n de obras de construcci\u00f3n escala media"}]},{"@type":"WebSite","@id":"https:\/\/forumecuador.com\/#website","url":"https:\/\/forumecuador.com\/","name":"FORUM ECUADOR","description":"FORMACI\u00d3N CONTINUA DIPLOMADOS","publisher":{"@id":"https:\/\/forumecuador.com\/#organization"},"potentialAction":[{"@type":"SearchAction","target":{"@type":"EntryPoint","urlTemplate":"https:\/\/forumecuador.com\/?s={search_term_string}"},"query-input":{"@type":"PropertyValueSpecification","valueRequired":true,"valueName":"search_term_string"}}],"inLanguage":"es"},{"@type":"Organization","@id":"https:\/\/forumecuador.com\/#organization","name":"FORUM ECUADOR","url":"https:\/\/forumecuador.com\/","logo":{"@type":"ImageObject","inLanguage":"es","@id":"https:\/\/forumecuador.com\/#\/schema\/logo\/image\/","url":"https:\/\/forumecuador.com\/wp-content\/uploads\/2025\/08\/cropped-logo-horizontal-fondo-blanco.png","contentUrl":"https:\/\/forumecuador.com\/wp-content\/uploads\/2025\/08\/cropped-logo-horizontal-fondo-blanco.png","width":900,"height":151,"caption":"FORUM ECUADOR"},"image":{"@id":"https:\/\/forumecuador.com\/#\/schema\/logo\/image\/"}}]}},"_links":{"self":[{"href":"https:\/\/forumecuador.com\/es\/wp-json\/wp\/v2\/product\/26488","targetHints":{"allow":["GET"]}}],"collection":[{"href":"https:\/\/forumecuador.com\/es\/wp-json\/wp\/v2\/product"}],"about":[{"href":"https:\/\/forumecuador.com\/es\/wp-json\/wp\/v2\/types\/product"}],"replies":[{"embeddable":true,"href":"https:\/\/forumecuador.com\/es\/wp-json\/wp\/v2\/comments?post=26488"}],"version-history":[{"count":0,"href":"https:\/\/forumecuador.com\/es\/wp-json\/wp\/v2\/product\/26488\/revisions"}],"wp:featuredmedia":[{"embeddable":true,"href":"https:\/\/forumecuador.com\/es\/wp-json\/wp\/v2\/media\/26176"}],"wp:attachment":[{"href":"https:\/\/forumecuador.com\/es\/wp-json\/wp\/v2\/media?parent=26488"}],"wp:term":[{"taxonomy":"product_brand","embeddable":true,"href":"https:\/\/forumecuador.com\/es\/wp-json\/wp\/v2\/product_brand?post=26488"},{"taxonomy":"product_cat","embeddable":true,"href":"https:\/\/forumecuador.com\/es\/wp-json\/wp\/v2\/product_cat?post=26488"},{"taxonomy":"product_tag","embeddable":true,"href":"https:\/\/forumecuador.com\/es\/wp-json\/wp\/v2\/product_tag?post=26488"}],"curies":[{"name":"wp","href":"https:\/\/api.w.org\/{rel}","templated":true}]}}