{"id":26496,"date":"2025-08-12T16:57:04","date_gmt":"2025-08-12T21:57:04","guid":{"rendered":"http:\/\/forumecuador.local\/?post_type=product&#038;p=26496"},"modified":"2026-03-23T11:27:47","modified_gmt":"2026-03-23T16:27:47","slug":"diplomado-gerencia-inmobiliaria","status":"publish","type":"product","link":"https:\/\/forumecuador.com\/es\/product\/diplomado-gerencia-inmobiliaria\/","title":{"rendered":"Diplomado Gerencia Inmobiliaria para la obtenci\u00f3n de la Licencia Profesional de Bienes y Raices"},"content":{"rendered":"<h4><strong>DIPLOMADO PARA LA OBTENCI\u00d3N DE LA LICENCIA PROFESIONAL DE BIENES RA\u00cdCES C.B.R<\/strong><\/h4>\n<h4><strong>GERENCIA INMOBILIARIA\u00a0 ACBIR- BOLIVAR\u00a0<\/strong><\/h4>\n<p><b>INICIO;:\u00a0<\/b><strong>26 DE AGOSTO DEL 2025<\/strong><\/p>\n<p>http:\/\/www.acbirbolivar.com<\/p>\n<h4><strong>A QUI\u00c9N EST\u00c1 DIRIGIDO EL CURSO<\/strong><\/h4>\n<p>Este\u00a0 programa de Gerencia Inmobiliaria con un claro enfoque empresarial, dirigido a ejecutivos o empresarios que buscan mejorar su desempe\u00f1o como l\u00edderes o gerentes, as\u00ed tambi\u00e9n personas que requieren formalizar y fortalecer su actividad econ\u00f3mica de corretaje de bienes ra\u00edces y constructores que requieren desarrollar competencias de gesti\u00f3n inmobiliaria.<\/p>\n<h4><strong>OBJETIVO GENERAL DEL CURSO<\/strong><\/h4>\n<p>Brindar herramientas actuales en el \u00e1mbito comerciales, administrativo, legal y t\u00e9cnico, que se requieren el corredor profesional para gestionar la actividad de corretaje de bienes ra\u00edces en forma efectiva y eficiente.<\/p>\n<h4><strong>METODOLOG\u00cdA<\/strong><\/h4>\n<p>Metodolog\u00eda BTL , din\u00e1mica, amigable, basada en estudio de casos pr\u00e1cticos.<\/p>\n<p>Plataformas a usar: ZOOM y Q10.<\/p>\n<h4><strong>ESQUEMA DE CONTENIDOS<\/strong><\/h4>\n<p style=\"text-align: left;\"><strong>M\u00f3dulo 1:<\/strong><\/p>\n<p style=\"text-align: left;\">Introducci\u00f3n y Herramientas \u00a0 \u00a0\u00a0 \u00a0( 30 horas acad\u00e9micas)<\/p>\n<p style=\"text-align: left;\"><strong>M\u00f3dulo 2:<\/strong><\/p>\n<p style=\"text-align: left;\">Derecho Inmobiliario \u00a0 \u00a0 \u00a0 \u00a0 \u00a0 \u00a0 \u00a0 \u00a0 \u00a0\u00a0 (45 horas acad\u00e9micas)<\/p>\n<p style=\"text-align: left;\"><strong>Modulo 3:<\/strong><\/p>\n<p style=\"text-align: left;\">Aval\u00faos Inmobiliarios \u00a0 \u00a0 \u00a0 \u00a0 \u00a0 \u00a0 \u00a0 \u00a0 \u00a0 (42 horas acad\u00e9micas)<\/p>\n<p style=\"text-align: left;\"><strong>M\u00f3dulo 4:<\/strong><\/p>\n<p style=\"text-align: left;\">Gesti\u00f3n inmobiliaria \u00a0 \u00a0 \u00a0 \u00a0 \u00a0 \u00a0 \u00a0 \u00a0 \u00a0 \u00a0 (45 horas acad\u00e9micas)<\/p>\n<p style=\"text-align: left;\"><strong>M\u00f3dulo 5:<\/strong><\/p>\n<p style=\"text-align: left;\">Marketing inmobiliario digital \u00a0\u00a0 ( 50 horas acad\u00e9micas)<\/p>\n<p style=\"text-align: left;\"><strong>M\u00f3dulo 6:<\/strong><\/p>\n<p style=\"text-align: left;\">Estrategias de negociaci\u00f3n \u00a0 \u00a0 \u00a0 \u00a0\u00a0 ( 30 horas acad\u00e9micas)<\/p>\n<p style=\"text-align: left;\"><strong>M\u00f3dulo 7:<\/strong><\/p>\n<p style=\"text-align: left;\">Gesti\u00f3n Financiera y Tributaria ( 20 horas acad\u00e9micas)<\/p>\n<h4 style=\"text-align: left;\"><strong>CERTIFICACION:<\/strong><\/h4>\n<blockquote><p><em>&#8220;Licencia de corredor profesional de bienes ra\u00edces&#8221; : Es una certificaci\u00f3n que acredita al graduado\u00a0 a ejercer en forma legal\u00a0 la actividad de corretaje de Bienes Ra\u00edces a nivel nacional, est\u00e1 licencia es emitida por la Asociaci\u00f3n de corredores de Bienes ra\u00edces de Bol\u00edvar.<\/em><\/p><\/blockquote>\n<h4><strong>DETALLES DEL DIPLOMADO<\/strong><\/h4>\n<p>NOMBRE DEL DIPLOMADO:\u00a0 Gerencia Inmobiliaria<\/p>\n<p>FECHA DE INICIO:\u00a0 \u00a0 \u00a0 \u00a0 \u00a0 26 de agosto\u00a0 del 2025<\/p>\n<p>HORARIOS:\u00a0 \u00a0 \u00a0 \u00a0 \u00a0 \u00a0 \u00a0 \u00a0 \u00a0 \u00a0 \u00a0 de lunes a jueves de 18:00 a 21:00<\/p>\n<p>DURACI\u00d3N:\u00a0 \u00a0 \u00a0 \u00a0 \u00a0 \u00a0 \u00a0 \u00a0 \u00a0 \u00a0 \u00a0 270 horas acad\u00e9micas ( 3 meses)<\/p>\n<p>MODALIDAD:\u00a0 \u00a0 \u00a0 \u00a0 \u00a0 \u00a0 \u00a0 \u00a0 \u00a0Online con profesor en vivo<\/p>\n<p><strong>VALORES DEL DIPLOMADO:\u00a0 \u00a0 \u00a0\u00a0<\/strong>1420 USD<br \/>\n<em>(Efectivo, transferencia o dep\u00f3sito)\u00a0 <\/em>5 cuotas de 284 USD<\/p>\n<p><strong>Precio tarjeta de cr\u00e9dito:\u00a0<\/strong> \u00a0 \u00a01620 USD difi\u00e9relo a12 cuotas de 135 USD<\/p>\n<p>Datos para transferencia o dep\u00f3sito:<\/p>\n<p>Destinatario:\u00a0 \u00a0 \u00a0 \u00a0 \u00a0 \u00a0 \u00a0FORUM ECUADOR<br \/>\nRUC:\u00a0 \u00a0 \u00a0 \u00a0 \u00a0 \u00a0 \u00a0 \u00a0 \u00a0 \u00a0 \u00a0 \u00a0 \u00a0 1792122201001<br \/>\nBANCO:\u00a0 \u00a0 \u00a0 \u00a0 \u00a0 \u00a0 \u00a0 \u00a0 \u00a0 \u00a0 \u00a0PICHINCHA<br \/>\nCuenta corriente:\u00a0 \u00a0 \u00a0 #3386334304<br \/>\nE mail:\u00a0 \u00a0 \u00a0 \u00a0 \u00a0 \u00a0 \u00a0 \u00a0 \u00a0 \u00a0 \u00a0 \u00a0 operaciones1@forumecuador.com<\/p>\n<p><em>2.- Enviar\u00a0 una fotograf\u00eda de la transferencia\u00a0 o dep\u00f3sito de la matr\u00edcula al n\u00famero\u00a0 098 322 3467\u00a0 v\u00eda <\/em><i>WhatsApp adjuntando:\u00a0\u00a0<\/i><em>Foto de tu c\u00e9dula,\u00a0<\/em><em>Email y\u00a0<\/em><em>Tel\u00e9fono de contacto.<\/em><\/p>\n<p>Si deseas matricularte en forma presencial debes acercarte a nuestras oficinas ubicadas en la ciudad de Quito. Av. Francisco de Orellana E9-195 y Av. 6 de Diciembre, edificio Alisal de Orellana, oficina PB-01 de 8:00 a 13:00 y de 14:00 a 17:00 de lunes a viernes.<\/p>\n<p>Descarga tu pdf informativo, haz click sobre el pdf<\/p>\n<p><span style=\"color: #0000ff;\"><a style=\"color: #0000ff;\" href=\"https:\/\/forumecuador.com\/wp-content\/uploads\/2023\/01\/PDF-GERENCIA-INMOBILIARIA-AGOSTO-2025.pdf\">PDF GERENCIA INMOBILIARIA &#8211; AGOSTO 2025<\/a><\/span><\/p>","protected":false},"excerpt":{"rendered":"<p>DIPLOMADO PARA LA OBTENCI\u00d3N DE LA LICENCIA PROFESIONAL DE BIENES RA\u00cdCES C.B.R GERENCIA INMOBILIARIA\u00a0 ACBIR- BOLIVAR\u00a0 INICIO;:\u00a026 DE AGOSTO DEL 2025 http:\/\/www.acbirbolivar.com A QUI\u00c9N EST\u00c1 DIRIGIDO EL CURSO Este\u00a0 programa de Gerencia Inmobiliaria con un claro enfoque empresarial, dirigido a ejecutivos o empresarios que buscan mejorar su desempe\u00f1o como l\u00edderes o gerentes, as\u00ed tambi\u00e9n personas [&hellip;]<\/p>\n","protected":false},"featured_media":27780,"comment_status":"open","ping_status":"closed","template":"","meta":{"_acf_changed":false,"site-sidebar-layout":"default","site-content-layout":"","ast-site-content-layout":"default","site-content-style":"default","site-sidebar-style":"default","ast-global-header-display":"","ast-banner-title-visibility":"","ast-main-header-display":"","ast-hfb-above-header-display":"","ast-hfb-below-header-display":"","ast-hfb-mobile-header-display":"","site-post-title":"","ast-breadcrumbs-content":"","ast-featured-img":"","footer-sml-layout":"","ast-disable-related-posts":"","theme-transparent-header-meta":"default","adv-header-id-meta":"","stick-header-meta":"","header-above-stick-meta":"","header-main-stick-meta":"","header-below-stick-meta":"","astra-migrate-meta-layouts":"set","ast-page-background-enabled":"default","ast-page-background-meta":{"desktop":{"background-color":"","background-image":"","background-repeat":"repeat","background-position":"center center","background-size":"auto","background-attachment":"scroll","background-type":"","background-media":"","overlay-type":"","overlay-color":"","overlay-opacity":"","overlay-gradient":""},"tablet":{"background-color":"","background-image":"","background-repeat":"repeat","background-position":"center center","background-size":"auto","background-attachment":"scroll","background-type":"","background-media":"","overlay-type":"","overlay-color":"","overlay-opacity":"","overlay-gradient":""},"mobile":{"background-color":"","background-image":"","background-repeat":"repeat","background-position":"center center","background-size":"auto","background-attachment":"scroll","background-type":"","background-media":"","overlay-type":"","overlay-color":"","overlay-opacity":"","overlay-gradient":""}},"ast-content-background-meta":{"desktop":{"background-color":"var(--ast-global-color-5)","background-image":"","background-repeat":"repeat","background-position":"center center","background-size":"auto","background-attachment":"scroll","background-type":"","background-media":"","overlay-type":"","overlay-color":"","overlay-opacity":"","overlay-gradient":""},"tablet":{"background-color":"var(--ast-global-color-5)","background-image":"","background-repeat":"repeat","background-position":"center center","background-size":"auto","background-attachment":"scroll","background-type":"","background-media":"","overlay-type":"","overlay-color":"","overlay-opacity":"","overlay-gradient":""},"mobile":{"background-color":"var(--ast-global-color-5)","background-image":"","background-repeat":"repeat","background-position":"center center","background-size":"auto","background-attachment":"scroll","background-type":"","background-media":"","overlay-type":"","overlay-color":"","overlay-opacity":"","overlay-gradient":""}}},"product_brand":[],"product_cat":[15],"product_tag":[],"class_list":{"0":"post-26496","1":"product","2":"type-product","3":"status-publish","4":"has-post-thumbnail","6":"product_cat-uncategorized","7":"desktop-align-left","8":"tablet-align-left","9":"mobile-align-left","11":"first","12":"instock","13":"sale","14":"sold-individually","15":"shipping-taxable","16":"purchasable","17":"product-type-simple"},"acf":[],"yoast_head":"<!-- This site is optimized with the Yoast SEO plugin v27.1.1 - https:\/\/yoast.com\/product\/yoast-seo-wordpress\/ -->\n<title>Diplomado Gerencia Inmobiliaria para la obtenci\u00f3n de la Licencia Profesional de Bienes y Raices - FORUM ECUADOR<\/title>\n<meta name=\"robots\" content=\"index, follow, max-snippet:-1, max-image-preview:large, max-video-preview:-1\" \/>\n<link rel=\"canonical\" href=\"https:\/\/forumecuador.com\/es\/product\/diplomado-gerencia-inmobiliaria\/\" \/>\n<meta property=\"og:locale\" content=\"es_ES\" \/>\n<meta property=\"og:type\" content=\"article\" \/>\n<meta property=\"og:title\" content=\"Diplomado Gerencia Inmobiliaria para la obtenci\u00f3n de la Licencia Profesional de Bienes y Raices - FORUM ECUADOR\" \/>\n<meta property=\"og:description\" content=\"DIPLOMADO PARA LA OBTENCI\u00d3N DE LA LICENCIA PROFESIONAL DE BIENES RA\u00cdCES C.B.R GERENCIA INMOBILIARIA\u00a0 ACBIR- BOLIVAR\u00a0 INICIO;:\u00a026 DE AGOSTO DEL 2025 http:\/\/www.acbirbolivar.com A QUI\u00c9N EST\u00c1 DIRIGIDO EL CURSO Este\u00a0 programa de Gerencia Inmobiliaria con un claro enfoque empresarial, dirigido a ejecutivos o empresarios que buscan mejorar su desempe\u00f1o como l\u00edderes o gerentes, as\u00ed tambi\u00e9n personas [&hellip;]\" \/>\n<meta property=\"og:url\" content=\"https:\/\/forumecuador.com\/es\/product\/diplomado-gerencia-inmobiliaria\/\" \/>\n<meta property=\"og:site_name\" content=\"FORUM ECUADOR\" \/>\n<meta property=\"article:modified_time\" content=\"2026-03-23T16:27:47+00:00\" \/>\n<meta property=\"og:image\" content=\"https:\/\/forumecuador.com\/wp-content\/uploads\/2025\/09\/gerencia-inmobiliaria-mujer_Mesa-de-trabajo-1-copia-2-scaled.jpg\" \/>\n\t<meta property=\"og:image:width\" content=\"2560\" \/>\n\t<meta property=\"og:image:height\" content=\"1440\" \/>\n\t<meta property=\"og:image:type\" content=\"image\/jpeg\" \/>\n<meta name=\"twitter:card\" content=\"summary_large_image\" \/>\n<meta name=\"twitter:label1\" content=\"Tiempo de lectura\" \/>\n\t<meta name=\"twitter:data1\" content=\"2 minutos\" \/>\n<script type=\"application\/ld+json\" class=\"yoast-schema-graph\">{\"@context\":\"https:\/\/schema.org\",\"@graph\":[{\"@type\":\"WebPage\",\"@id\":\"https:\/\/forumecuador.com\/product\/diplomado-gerencia-inmobiliaria\/\",\"url\":\"https:\/\/forumecuador.com\/product\/diplomado-gerencia-inmobiliaria\/\",\"name\":\"Diplomado Gerencia Inmobiliaria para la obtenci\u00f3n de la Licencia Profesional de Bienes y Raices - FORUM ECUADOR\",\"isPartOf\":{\"@id\":\"https:\/\/forumecuador.com\/#website\"},\"primaryImageOfPage\":{\"@id\":\"https:\/\/forumecuador.com\/product\/diplomado-gerencia-inmobiliaria\/#primaryimage\"},\"image\":{\"@id\":\"https:\/\/forumecuador.com\/product\/diplomado-gerencia-inmobiliaria\/#primaryimage\"},\"thumbnailUrl\":\"https:\/\/forumecuador.com\/wp-content\/uploads\/2025\/09\/gerencia-inmobiliaria-mujer_Mesa-de-trabajo-1-copia-2-scaled.jpg\",\"datePublished\":\"2025-08-12T21:57:04+00:00\",\"dateModified\":\"2026-03-23T16:27:47+00:00\",\"breadcrumb\":{\"@id\":\"https:\/\/forumecuador.com\/product\/diplomado-gerencia-inmobiliaria\/#breadcrumb\"},\"inLanguage\":\"es\",\"potentialAction\":[{\"@type\":\"ReadAction\",\"target\":[\"https:\/\/forumecuador.com\/product\/diplomado-gerencia-inmobiliaria\/\"]}]},{\"@type\":\"ImageObject\",\"inLanguage\":\"es\",\"@id\":\"https:\/\/forumecuador.com\/product\/diplomado-gerencia-inmobiliaria\/#primaryimage\",\"url\":\"https:\/\/forumecuador.com\/wp-content\/uploads\/2025\/09\/gerencia-inmobiliaria-mujer_Mesa-de-trabajo-1-copia-2-scaled.jpg\",\"contentUrl\":\"https:\/\/forumecuador.com\/wp-content\/uploads\/2025\/09\/gerencia-inmobiliaria-mujer_Mesa-de-trabajo-1-copia-2-scaled.jpg\",\"width\":2560,\"height\":1440},{\"@type\":\"BreadcrumbList\",\"@id\":\"https:\/\/forumecuador.com\/product\/diplomado-gerencia-inmobiliaria\/#breadcrumb\",\"itemListElement\":[{\"@type\":\"ListItem\",\"position\":1,\"name\":\"Portada\",\"item\":\"https:\/\/forumecuador.com\/\"},{\"@type\":\"ListItem\",\"position\":2,\"name\":\"Productos\",\"item\":\"https:\/\/forumecuador.com\/shop\/\"},{\"@type\":\"ListItem\",\"position\":3,\"name\":\"Diplomado Gerencia Inmobiliaria para la obtenci\u00f3n de la Licencia Profesional de Bienes y Raices\"}]},{\"@type\":\"WebSite\",\"@id\":\"https:\/\/forumecuador.com\/#website\",\"url\":\"https:\/\/forumecuador.com\/\",\"name\":\"FORUM ECUADOR\",\"description\":\"FORMACI\u00d3N CONTINUA DIPLOMADOS\",\"publisher\":{\"@id\":\"https:\/\/forumecuador.com\/#organization\"},\"potentialAction\":[{\"@type\":\"SearchAction\",\"target\":{\"@type\":\"EntryPoint\",\"urlTemplate\":\"https:\/\/forumecuador.com\/?s={search_term_string}\"},\"query-input\":{\"@type\":\"PropertyValueSpecification\",\"valueRequired\":true,\"valueName\":\"search_term_string\"}}],\"inLanguage\":\"es\"},{\"@type\":\"Organization\",\"@id\":\"https:\/\/forumecuador.com\/#organization\",\"name\":\"FORUM ECUADOR\",\"url\":\"https:\/\/forumecuador.com\/\",\"logo\":{\"@type\":\"ImageObject\",\"inLanguage\":\"es\",\"@id\":\"https:\/\/forumecuador.com\/#\/schema\/logo\/image\/\",\"url\":\"https:\/\/forumecuador.com\/wp-content\/uploads\/2025\/08\/cropped-logo-horizontal-fondo-blanco.png\",\"contentUrl\":\"https:\/\/forumecuador.com\/wp-content\/uploads\/2025\/08\/cropped-logo-horizontal-fondo-blanco.png\",\"width\":900,\"height\":151,\"caption\":\"FORUM ECUADOR\"},\"image\":{\"@id\":\"https:\/\/forumecuador.com\/#\/schema\/logo\/image\/\"}}]}<\/script>\n<!-- \/ Yoast SEO plugin. -->","yoast_head_json":{"title":"Diplomado Gerencia Inmobiliaria para la obtenci\u00f3n de la Licencia Profesional de Bienes y Raices - FORUM ECUADOR","robots":{"index":"index","follow":"follow","max-snippet":"max-snippet:-1","max-image-preview":"max-image-preview:large","max-video-preview":"max-video-preview:-1"},"canonical":"https:\/\/forumecuador.com\/es\/product\/diplomado-gerencia-inmobiliaria\/","og_locale":"es_ES","og_type":"article","og_title":"Diplomado Gerencia Inmobiliaria para la obtenci\u00f3n de la Licencia Profesional de Bienes y Raices - FORUM ECUADOR","og_description":"DIPLOMADO PARA LA OBTENCI\u00d3N DE LA LICENCIA PROFESIONAL DE BIENES RA\u00cdCES C.B.R GERENCIA INMOBILIARIA\u00a0 ACBIR- BOLIVAR\u00a0 INICIO;:\u00a026 DE AGOSTO DEL 2025 http:\/\/www.acbirbolivar.com A QUI\u00c9N EST\u00c1 DIRIGIDO EL CURSO Este\u00a0 programa de Gerencia Inmobiliaria con un claro enfoque empresarial, dirigido a ejecutivos o empresarios que buscan mejorar su desempe\u00f1o como l\u00edderes o gerentes, as\u00ed tambi\u00e9n personas [&hellip;]","og_url":"https:\/\/forumecuador.com\/es\/product\/diplomado-gerencia-inmobiliaria\/","og_site_name":"FORUM ECUADOR","article_modified_time":"2026-03-23T16:27:47+00:00","og_image":[{"width":2560,"height":1440,"url":"https:\/\/forumecuador.com\/wp-content\/uploads\/2025\/09\/gerencia-inmobiliaria-mujer_Mesa-de-trabajo-1-copia-2-scaled.jpg","type":"image\/jpeg"}],"twitter_card":"summary_large_image","twitter_misc":{"Tiempo de lectura":"2 minutos"},"schema":{"@context":"https:\/\/schema.org","@graph":[{"@type":"WebPage","@id":"https:\/\/forumecuador.com\/product\/diplomado-gerencia-inmobiliaria\/","url":"https:\/\/forumecuador.com\/product\/diplomado-gerencia-inmobiliaria\/","name":"Diplomado Gerencia Inmobiliaria para la obtenci\u00f3n de la Licencia Profesional de Bienes y Raices - FORUM ECUADOR","isPartOf":{"@id":"https:\/\/forumecuador.com\/#website"},"primaryImageOfPage":{"@id":"https:\/\/forumecuador.com\/product\/diplomado-gerencia-inmobiliaria\/#primaryimage"},"image":{"@id":"https:\/\/forumecuador.com\/product\/diplomado-gerencia-inmobiliaria\/#primaryimage"},"thumbnailUrl":"https:\/\/forumecuador.com\/wp-content\/uploads\/2025\/09\/gerencia-inmobiliaria-mujer_Mesa-de-trabajo-1-copia-2-scaled.jpg","datePublished":"2025-08-12T21:57:04+00:00","dateModified":"2026-03-23T16:27:47+00:00","breadcrumb":{"@id":"https:\/\/forumecuador.com\/product\/diplomado-gerencia-inmobiliaria\/#breadcrumb"},"inLanguage":"es","potentialAction":[{"@type":"ReadAction","target":["https:\/\/forumecuador.com\/product\/diplomado-gerencia-inmobiliaria\/"]}]},{"@type":"ImageObject","inLanguage":"es","@id":"https:\/\/forumecuador.com\/product\/diplomado-gerencia-inmobiliaria\/#primaryimage","url":"https:\/\/forumecuador.com\/wp-content\/uploads\/2025\/09\/gerencia-inmobiliaria-mujer_Mesa-de-trabajo-1-copia-2-scaled.jpg","contentUrl":"https:\/\/forumecuador.com\/wp-content\/uploads\/2025\/09\/gerencia-inmobiliaria-mujer_Mesa-de-trabajo-1-copia-2-scaled.jpg","width":2560,"height":1440},{"@type":"BreadcrumbList","@id":"https:\/\/forumecuador.com\/product\/diplomado-gerencia-inmobiliaria\/#breadcrumb","itemListElement":[{"@type":"ListItem","position":1,"name":"Portada","item":"https:\/\/forumecuador.com\/"},{"@type":"ListItem","position":2,"name":"Productos","item":"https:\/\/forumecuador.com\/shop\/"},{"@type":"ListItem","position":3,"name":"Diplomado Gerencia Inmobiliaria para la obtenci\u00f3n de la Licencia Profesional de Bienes y Raices"}]},{"@type":"WebSite","@id":"https:\/\/forumecuador.com\/#website","url":"https:\/\/forumecuador.com\/","name":"FORUM ECUADOR","description":"FORMACI\u00d3N CONTINUA DIPLOMADOS","publisher":{"@id":"https:\/\/forumecuador.com\/#organization"},"potentialAction":[{"@type":"SearchAction","target":{"@type":"EntryPoint","urlTemplate":"https:\/\/forumecuador.com\/?s={search_term_string}"},"query-input":{"@type":"PropertyValueSpecification","valueRequired":true,"valueName":"search_term_string"}}],"inLanguage":"es"},{"@type":"Organization","@id":"https:\/\/forumecuador.com\/#organization","name":"FORUM ECUADOR","url":"https:\/\/forumecuador.com\/","logo":{"@type":"ImageObject","inLanguage":"es","@id":"https:\/\/forumecuador.com\/#\/schema\/logo\/image\/","url":"https:\/\/forumecuador.com\/wp-content\/uploads\/2025\/08\/cropped-logo-horizontal-fondo-blanco.png","contentUrl":"https:\/\/forumecuador.com\/wp-content\/uploads\/2025\/08\/cropped-logo-horizontal-fondo-blanco.png","width":900,"height":151,"caption":"FORUM ECUADOR"},"image":{"@id":"https:\/\/forumecuador.com\/#\/schema\/logo\/image\/"}}]}},"_links":{"self":[{"href":"https:\/\/forumecuador.com\/es\/wp-json\/wp\/v2\/product\/26496","targetHints":{"allow":["GET"]}}],"collection":[{"href":"https:\/\/forumecuador.com\/es\/wp-json\/wp\/v2\/product"}],"about":[{"href":"https:\/\/forumecuador.com\/es\/wp-json\/wp\/v2\/types\/product"}],"replies":[{"embeddable":true,"href":"https:\/\/forumecuador.com\/es\/wp-json\/wp\/v2\/comments?post=26496"}],"version-history":[{"count":0,"href":"https:\/\/forumecuador.com\/es\/wp-json\/wp\/v2\/product\/26496\/revisions"}],"wp:featuredmedia":[{"embeddable":true,"href":"https:\/\/forumecuador.com\/es\/wp-json\/wp\/v2\/media\/27780"}],"wp:attachment":[{"href":"https:\/\/forumecuador.com\/es\/wp-json\/wp\/v2\/media?parent=26496"}],"wp:term":[{"taxonomy":"product_brand","embeddable":true,"href":"https:\/\/forumecuador.com\/es\/wp-json\/wp\/v2\/product_brand?post=26496"},{"taxonomy":"product_cat","embeddable":true,"href":"https:\/\/forumecuador.com\/es\/wp-json\/wp\/v2\/product_cat?post=26496"},{"taxonomy":"product_tag","embeddable":true,"href":"https:\/\/forumecuador.com\/es\/wp-json\/wp\/v2\/product_tag?post=26496"}],"curies":[{"name":"wp","href":"https:\/\/api.w.org\/{rel}","templated":true}]}}