{"id":26497,"date":"2025-08-12T16:57:55","date_gmt":"2025-08-12T21:57:55","guid":{"rendered":"http:\/\/forumecuador.local\/?post_type=product&#038;p=26497"},"modified":"2026-03-16T10:26:00","modified_gmt":"2026-03-16T15:26:00","slug":"programa-de-instrumentacion-quirurgica","status":"publish","type":"product","link":"https:\/\/forumecuador.com\/es\/product\/programa-de-instrumentacion-quirurgica\/","title":{"rendered":"Programa en Instrumentaci\u00f3n Quir\u00fargica"},"content":{"rendered":"<h4><strong>ESPECIALIZACI\u00d3N INSTRUMENTACI\u00d3N QUIR\u00daRGICA QUITO<\/strong><\/h4>\n<p><strong>INICIO 30 de agosto del 2025<br \/>\nMODALIDAD H\u00cdBRIDA<br \/>\nHORARIO S\u00c1BADO\u00a0 DE 08:00 A 16:00<\/strong><\/p>\n<h4><strong>A QUIENES EST\u00c1 DIRIGIDO EL CURSO.<\/strong><\/h4>\n<p>Licenciados de enfermer\u00eda, T\u00e9cnicos de enfermer\u00eda, Auxiliar de Enfermer\u00eda, Personal de quir\u00f3fano, Representantes de ventas de equipos m\u00e9dicos.<\/p>\n<p>Los instrumentistas tienen muchas alternativas de empleo adem\u00e1s del quir\u00f3fano en el hospital, cada vez m\u00e1s instrumentistas trabajan como representantes de ventas o especialistas t\u00e9cnicos ense\u00f1ando al personal el uso de nuevos equipos con tecnolog\u00eda de punta.<\/p>\n<h4><strong>OBJETIVO GENERAL DEL DIPLOMADO<\/strong><\/h4>\n<p>Actualizar al profesional de enfermer\u00eda en los procedimientos de instrumentaci\u00f3n<br \/>\nde material y equipos durante todo el proceso quir\u00fargico, con el fin de aumentar la calidad y la seguridad de la praxis enfermera de la cirug\u00eda y disminuir los riesgos en la etapa posterior de rehabilitaci\u00f3n del paciente.<\/p>\n<p>Este diplomado permite ejercitarse en entornos simulados, que proporcionan un aprendizaje inmersivo programado para entrenarse ante situaciones reales.<\/p>\n<h4><strong>OBJETIVOS\u00a0<\/strong><b>ESPEC\u00cdFICOS<\/b><\/h4>\n<p>Aplicar la metodolog\u00eda cient\u00edfica como medio para el desarrollo de los diversos<br \/>\nprocedimientos y rutinas quir\u00fargicas actualizando todos aquellos conocimientos<br \/>\nque den respuesta a las nuevas tendencias asistenciales en materia<br \/>\nquir\u00fargica.<\/p>\n<p>Prevenir errores o accidentes que puedan poner en peligro el objetivo general de la Enfermer\u00eda que es el la \u201cprotecci\u00f3n del paciente en el \u00e1rea Quir\u00fargica\u201d.<\/p>\n<p>Describir el rol enfermero en la Atenci\u00f3n integral al paciente durante el proceso<br \/>\nquir\u00fargico.<\/p>\n<p>Revisar los principios clave de la asepsia quir\u00fargica. Reconocer y clasificar el material e instrumental quir\u00fargico general y espec\u00edfico de cada especialidad en funci\u00f3n de su funcionalidad.<\/p>\n<p>Actualizar los protocolos de actuaci\u00f3n quir\u00fargica. Analizar el procedimiento quir\u00fargico e identificar los aspectos clave para conseguir un adecuado control de la calidad y de la gesti\u00f3n de recursos.<\/p>\n<h4><strong>ESQUEMA DE CONTENIDOS<\/strong><\/h4>\n<p>El estudiante aprender\u00e1 mediante casos reales y resoluci\u00f3n de situaciones en entornos simulados de aprendizaje.<\/p>\n<ul>\n<li>Historia y evoluci\u00f3n de la instrumentaci\u00f3n quir\u00fargica<\/li>\n<li>Cirug\u00eda &#8211; tipos de cirug\u00eda<\/li>\n<li>Central de esterilizaci\u00f3n<\/li>\n<li>M\u00e9todos de esterilizaci\u00f3n<\/li>\n<li>Instrumental quir\u00fargico<\/li>\n<li>Microbiolog\u00eda e infecci\u00f3n<\/li>\n<li>Apertura de paquetes est\u00e9riles y conservaci\u00f3n del campo est\u00e9ril<\/li>\n<li>El paciente quir\u00fargico<\/li>\n<li>Tipos de incisiones quir\u00fargicas<\/li>\n<li>Fuentes de energ\u00eda en la cirug\u00eda<\/li>\n<li>Cirug\u00eda segura<\/li>\n<li>Manejo de desechos hospitalarios<\/li>\n<\/ul>\n<h4><strong>\u00a0<\/strong><b>METODOLOG\u00cdA<\/b><\/h4>\n<p>El curso incluir\u00e1 clases magistrales, conferencias, sesiones plenarias, laboratorio, simulaci\u00f3n y talleres pr\u00e1cticos, as\u00ed como la exposici\u00f3n de experiencias exitosas en diferentes cirug\u00edas. Esta base metodol\u00f3gica fomentar\u00e1 una actitud activa y cr\u00edtica en el aprendizaje.<\/p>\n<h4><strong>\u00a0<\/strong><b>PR\u00c1CTICAS PREPROFESIONALES<\/b><\/h4>\n<p><strong> Las pr\u00e1cticas no son obligatorias.<\/strong><br \/>\n<strong>Practicas aut\u00f3nomas:<\/strong> Las pr\u00e1cticas pueden realizarse en cualquier centro de quir\u00f3fano de cl\u00ednicas u hospitales elegidos y gestionado en forma particular por el postulante.<\/p>\n<p>Si opta por pr\u00e1cticas coordinadas por F\u00f3rum Ecuador, considere que se realizan en el <strong><em>Quir\u00f3fano del Hospital Padre Carolo<\/em><\/strong> de lunes a viernes en horario de 7:00 a 13:30 o de 13:00 a 19:30, tres d\u00edas por semana los mismos que pueden ser alternados. <em>Se debe aprobar el proceso de inducci\u00f3n de 16 horas en horario de s\u00e1bado y domingo en horario proporcionado por el Hospital.<\/em><\/p>\n<h4><strong>SALIDA LABORAL<\/strong><\/h4>\n<p>Trabajar en quir\u00f3fanos en hospitales, cl\u00ednicas\u00a0 tanto p\u00fablicas como privadas, representantes de ventas de equipos m\u00e9dicos.<\/p>\n<h4><strong>CERTIFICACI\u00d3N<\/strong><\/h4>\n<ul>\n<li>Certificado de especializaci\u00f3n de Asistencia y Aprobaci\u00f3n de Instrumentaci\u00f3n quir\u00fargica con aval Acad\u00e9mico de la <strong>Universidad Central del Ecuador &#8211; UCE<\/strong><\/li>\n<li>Certificado en competencias en t\u00e9cnicas b\u00e1sicas de cirug\u00eda general y ginecolog\u00eda.<\/li>\n<li>Certificado de Asistencia y Aprobaci\u00f3n del Diplomado de Instrumentaci\u00f3n Quir\u00fargica otorgado por <strong>F\u00d3RUM ECUADOR.<\/strong><\/li>\n<\/ul>\n<h4><strong>REQUISITOS<\/strong><\/h4>\n<p>T\u00edtulo de tercer nivel\u00a0 licenciado de enfermer\u00eda, t\u00e9cnico de enfermer\u00eda\u00a0 o certificado de auxiliar de enfermer\u00eda con aval universitario.<\/p>\n<h4><b>INFORMACI\u00d3N <\/b><b>ESPEC\u00cdFICA<\/b><b> DEL CURSO<\/b><\/h4>\n<p><strong><u>DURACI\u00d3N<\/u>:<\/strong><\/p>\n<ul>\n<li>300 horas acad\u00e9micas.<\/li>\n<li>3 meses.<\/li>\n<\/ul>\n<p><strong>HORARIOS:<\/strong><\/p>\n<ul>\n<li>Horarios\u00a0 \u00a0 \u00a0 \u00a0 \u00a0 \u00a0 \u00a0 \u00a0 \u00a0 \u00a0 \u00a0 \u00a0 \u00a0(s\u00e1bados de 08:00 a 16:00)<\/li>\n<\/ul>\n<h4><strong>VALORES DEL DIPLOMADO:\u00a0 \u00a0 \u00a0\u00a0<\/strong>970 USD<br \/>\n<em>(Efectivo, transferencia o dep\u00f3sito)<\/em><\/h4>\n<p>4 cuotas de 242,50 USD<\/p>\n<p><strong>Precio tarjeta de cr\u00e9dito:\u00a0<\/strong> \u00a0 \u00a01090 USD<\/p>\n<p>12 cuotas de 91 USD<\/p>\n<p>Destinatario:\u00a0 \u00a0 \u00a0 \u00a0 \u00a0 \u00a0 \u00a0 \u00a0 \u00a0 \u00a0 \u00a0 \u00a0 \u00a0 \u00a0 \u00a0 \u00a0 \u00a0FORUM ECUADOR<br \/>\nRUC:\u00a0 \u00a0 \u00a0 \u00a0 \u00a0 \u00a0 \u00a0 \u00a0 \u00a0 \u00a0 \u00a0 \u00a0 \u00a0 \u00a0 \u00a0 \u00a0 \u00a0 \u00a0 \u00a0 \u00a0 \u00a0 \u00a0 \u00a0 1792122201001<br \/>\nBANCO:\u00a0 \u00a0 \u00a0 \u00a0 \u00a0 \u00a0 \u00a0 \u00a0 \u00a0 \u00a0 \u00a0 \u00a0 \u00a0 \u00a0 \u00a0 \u00a0 \u00a0 \u00a0 \u00a0 \u00a0 \u00a0PICHINCHA<br \/>\nCuenta corriente:\u00a0 \u00a0 \u00a0 \u00a0 \u00a0 \u00a0 \u00a0 \u00a0 \u00a0 \u00a0 \u00a0 \u00a0 \u00a0 #3386334304<br \/>\nE mail:\u00a0 \u00a0 \u00a0 \u00a0 \u00a0 \u00a0 \u00a0 \u00a0 \u00a0 \u00a0 \u00a0 \u00a0 \u00a0 \u00a0 \u00a0 \u00a0 \u00a0 \u00a0 \u00a0 \u00a0 \u00a0 \u00a0 operaciones.forumecuador@gmail.com<\/p>\n<p><em>2.- Enviar\u00a0 una fotograf\u00eda de la transferencia\u00a0 o dep\u00f3sito de la matricula al n\u00famero\u00a0 098 322 3467\u00a0 v\u00eda <\/em><i>WhatsApp adjuntando:\u00a0 <\/i><em>Foto de tu c\u00e9dula, <\/em><em style=\"font-size: 1rem;\">Email y\u00a0<\/em><em>Tel\u00e9fono de contacto. <\/em><\/p>\n<p>Si deseas matricularte en <strong>forma presencial<\/strong> debes acercarte a nuestras oficinas ubicadas en la ciudad de Quito en l<em>a Av. Francisco de Orellana E9-195 y Av. 6 de Diciembre, Edificio Alisal de Orellana &#8211; Oficina PB-01<\/em> en horario de 09:00 a 13:00 y de 14:00 a 17:00 de lunes a viernes.<\/p>\n<h4><b>CONOCE NUESTRO CLAUSTRO ACAD\u00c9MICO<\/b><\/h4>\n<p><a href=\"https:\/\/forumecuador.com\/wp-content\/uploads\/2025\/07\/PDF-INSTRUMENTACION-QUIRURGICA-AGOSTO-2025.pdf\">DESCARGA BROCHURE<\/a><\/p>","protected":false},"excerpt":{"rendered":"<p>ESPECIALIZACI\u00d3N INSTRUMENTACI\u00d3N QUIR\u00daRGICA QUITO INICIO 30 de agosto del 2025 MODALIDAD H\u00cdBRIDA HORARIO S\u00c1BADO\u00a0 DE 08:00 A 16:00 A QUIENES EST\u00c1 DIRIGIDO EL CURSO. Licenciados de enfermer\u00eda, T\u00e9cnicos de enfermer\u00eda, Auxiliar de Enfermer\u00eda, Personal de quir\u00f3fano, Representantes de ventas de equipos m\u00e9dicos. Los instrumentistas tienen muchas alternativas de empleo adem\u00e1s del quir\u00f3fano en el hospital, [&hellip;]<\/p>\n","protected":false},"featured_media":27600,"comment_status":"open","ping_status":"closed","template":"","meta":{"_acf_changed":false,"site-sidebar-layout":"default","site-content-layout":"","ast-site-content-layout":"default","site-content-style":"default","site-sidebar-style":"default","ast-global-header-display":"","ast-banner-title-visibility":"","ast-main-header-display":"","ast-hfb-above-header-display":"","ast-hfb-below-header-display":"","ast-hfb-mobile-header-display":"","site-post-title":"","ast-breadcrumbs-content":"","ast-featured-img":"","footer-sml-layout":"","ast-disable-related-posts":"","theme-transparent-header-meta":"default","adv-header-id-meta":"","stick-header-meta":"","header-above-stick-meta":"","header-main-stick-meta":"","header-below-stick-meta":"","astra-migrate-meta-layouts":"set","ast-page-background-enabled":"default","ast-page-background-meta":{"desktop":{"background-color":"","background-image":"","background-repeat":"repeat","background-position":"center center","background-size":"auto","background-attachment":"scroll","background-type":"","background-media":"","overlay-type":"","overlay-color":"","overlay-opacity":"","overlay-gradient":""},"tablet":{"background-color":"","background-image":"","background-repeat":"repeat","background-position":"center center","background-size":"auto","background-attachment":"scroll","background-type":"","background-media":"","overlay-type":"","overlay-color":"","overlay-opacity":"","overlay-gradient":""},"mobile":{"background-color":"","background-image":"","background-repeat":"repeat","background-position":"center center","background-size":"auto","background-attachment":"scroll","background-type":"","background-media":"","overlay-type":"","overlay-color":"","overlay-opacity":"","overlay-gradient":""}},"ast-content-background-meta":{"desktop":{"background-color":"var(--ast-global-color-5)","background-image":"","background-repeat":"repeat","background-position":"center center","background-size":"auto","background-attachment":"scroll","background-type":"","background-media":"","overlay-type":"","overlay-color":"","overlay-opacity":"","overlay-gradient":""},"tablet":{"background-color":"var(--ast-global-color-5)","background-image":"","background-repeat":"repeat","background-position":"center center","background-size":"auto","background-attachment":"scroll","background-type":"","background-media":"","overlay-type":"","overlay-color":"","overlay-opacity":"","overlay-gradient":""},"mobile":{"background-color":"var(--ast-global-color-5)","background-image":"","background-repeat":"repeat","background-position":"center center","background-size":"auto","background-attachment":"scroll","background-type":"","background-media":"","overlay-type":"","overlay-color":"","overlay-opacity":"","overlay-gradient":""}}},"product_brand":[],"product_cat":[15],"product_tag":[],"class_list":{"0":"post-26497","1":"product","2":"type-product","3":"status-publish","4":"has-post-thumbnail","6":"product_cat-uncategorized","7":"desktop-align-left","8":"tablet-align-left","9":"mobile-align-left","11":"first","12":"instock","13":"sale","14":"sold-individually","15":"shipping-taxable","16":"purchasable","17":"product-type-simple"},"acf":[],"yoast_head":"<!-- This site is optimized with the Yoast SEO plugin v27.1.1 - https:\/\/yoast.com\/product\/yoast-seo-wordpress\/ -->\n<title>Programa en Instrumentaci\u00f3n Quir\u00fargica - FORUM ECUADOR<\/title>\n<meta name=\"robots\" content=\"index, follow, max-snippet:-1, max-image-preview:large, max-video-preview:-1\" \/>\n<link rel=\"canonical\" href=\"https:\/\/forumecuador.com\/es\/product\/programa-de-instrumentacion-quirurgica\/\" \/>\n<meta property=\"og:locale\" content=\"es_ES\" \/>\n<meta property=\"og:type\" content=\"article\" \/>\n<meta property=\"og:title\" content=\"Programa en Instrumentaci\u00f3n Quir\u00fargica - FORUM ECUADOR\" \/>\n<meta property=\"og:description\" content=\"ESPECIALIZACI\u00d3N INSTRUMENTACI\u00d3N QUIR\u00daRGICA QUITO INICIO 30 de agosto del 2025 MODALIDAD H\u00cdBRIDA HORARIO S\u00c1BADO\u00a0 DE 08:00 A 16:00 A QUIENES EST\u00c1 DIRIGIDO EL CURSO. Licenciados de enfermer\u00eda, T\u00e9cnicos de enfermer\u00eda, Auxiliar de Enfermer\u00eda, Personal de quir\u00f3fano, Representantes de ventas de equipos m\u00e9dicos. Los instrumentistas tienen muchas alternativas de empleo adem\u00e1s del quir\u00f3fano en el hospital, [&hellip;]\" \/>\n<meta property=\"og:url\" content=\"https:\/\/forumecuador.com\/es\/product\/programa-de-instrumentacion-quirurgica\/\" \/>\n<meta property=\"og:site_name\" content=\"FORUM ECUADOR\" \/>\n<meta property=\"article:modified_time\" content=\"2026-03-16T15:26:00+00:00\" \/>\n<meta property=\"og:image\" content=\"https:\/\/forumecuador.com\/wp-content\/uploads\/2025\/09\/Programa-Instrumentacion-Quirurgica-scaled.jpg\" \/>\n\t<meta property=\"og:image:width\" content=\"2560\" \/>\n\t<meta property=\"og:image:height\" content=\"1440\" \/>\n\t<meta property=\"og:image:type\" content=\"image\/jpeg\" \/>\n<meta name=\"twitter:card\" content=\"summary_large_image\" \/>\n<meta name=\"twitter:label1\" content=\"Tiempo de lectura\" \/>\n\t<meta name=\"twitter:data1\" content=\"4 minutos\" \/>\n<script type=\"application\/ld+json\" class=\"yoast-schema-graph\">{\"@context\":\"https:\/\/schema.org\",\"@graph\":[{\"@type\":\"WebPage\",\"@id\":\"https:\/\/forumecuador.com\/product\/programa-de-instrumentacion-quirurgica\/\",\"url\":\"https:\/\/forumecuador.com\/product\/programa-de-instrumentacion-quirurgica\/\",\"name\":\"Programa en Instrumentaci\u00f3n Quir\u00fargica - FORUM ECUADOR\",\"isPartOf\":{\"@id\":\"https:\/\/forumecuador.com\/#website\"},\"primaryImageOfPage\":{\"@id\":\"https:\/\/forumecuador.com\/product\/programa-de-instrumentacion-quirurgica\/#primaryimage\"},\"image\":{\"@id\":\"https:\/\/forumecuador.com\/product\/programa-de-instrumentacion-quirurgica\/#primaryimage\"},\"thumbnailUrl\":\"https:\/\/forumecuador.com\/wp-content\/uploads\/2025\/09\/Programa-Instrumentacion-Quirurgica-scaled.jpg\",\"datePublished\":\"2025-08-12T21:57:55+00:00\",\"dateModified\":\"2026-03-16T15:26:00+00:00\",\"breadcrumb\":{\"@id\":\"https:\/\/forumecuador.com\/product\/programa-de-instrumentacion-quirurgica\/#breadcrumb\"},\"inLanguage\":\"es\",\"potentialAction\":[{\"@type\":\"ReadAction\",\"target\":[\"https:\/\/forumecuador.com\/product\/programa-de-instrumentacion-quirurgica\/\"]}]},{\"@type\":\"ImageObject\",\"inLanguage\":\"es\",\"@id\":\"https:\/\/forumecuador.com\/product\/programa-de-instrumentacion-quirurgica\/#primaryimage\",\"url\":\"https:\/\/forumecuador.com\/wp-content\/uploads\/2025\/09\/Programa-Instrumentacion-Quirurgica-scaled.jpg\",\"contentUrl\":\"https:\/\/forumecuador.com\/wp-content\/uploads\/2025\/09\/Programa-Instrumentacion-Quirurgica-scaled.jpg\",\"width\":2560,\"height\":1440},{\"@type\":\"BreadcrumbList\",\"@id\":\"https:\/\/forumecuador.com\/product\/programa-de-instrumentacion-quirurgica\/#breadcrumb\",\"itemListElement\":[{\"@type\":\"ListItem\",\"position\":1,\"name\":\"Portada\",\"item\":\"https:\/\/forumecuador.com\/\"},{\"@type\":\"ListItem\",\"position\":2,\"name\":\"Productos\",\"item\":\"https:\/\/forumecuador.com\/shop\/\"},{\"@type\":\"ListItem\",\"position\":3,\"name\":\"Programa en Instrumentaci\u00f3n Quir\u00fargica\"}]},{\"@type\":\"WebSite\",\"@id\":\"https:\/\/forumecuador.com\/#website\",\"url\":\"https:\/\/forumecuador.com\/\",\"name\":\"FORUM ECUADOR\",\"description\":\"FORMACI\u00d3N CONTINUA DIPLOMADOS\",\"publisher\":{\"@id\":\"https:\/\/forumecuador.com\/#organization\"},\"potentialAction\":[{\"@type\":\"SearchAction\",\"target\":{\"@type\":\"EntryPoint\",\"urlTemplate\":\"https:\/\/forumecuador.com\/?s={search_term_string}\"},\"query-input\":{\"@type\":\"PropertyValueSpecification\",\"valueRequired\":true,\"valueName\":\"search_term_string\"}}],\"inLanguage\":\"es\"},{\"@type\":\"Organization\",\"@id\":\"https:\/\/forumecuador.com\/#organization\",\"name\":\"FORUM ECUADOR\",\"url\":\"https:\/\/forumecuador.com\/\",\"logo\":{\"@type\":\"ImageObject\",\"inLanguage\":\"es\",\"@id\":\"https:\/\/forumecuador.com\/#\/schema\/logo\/image\/\",\"url\":\"https:\/\/forumecuador.com\/wp-content\/uploads\/2025\/08\/cropped-logo-horizontal-fondo-blanco.png\",\"contentUrl\":\"https:\/\/forumecuador.com\/wp-content\/uploads\/2025\/08\/cropped-logo-horizontal-fondo-blanco.png\",\"width\":900,\"height\":151,\"caption\":\"FORUM ECUADOR\"},\"image\":{\"@id\":\"https:\/\/forumecuador.com\/#\/schema\/logo\/image\/\"}}]}<\/script>\n<!-- \/ Yoast SEO plugin. -->","yoast_head_json":{"title":"Programa en Instrumentaci\u00f3n Quir\u00fargica - FORUM ECUADOR","robots":{"index":"index","follow":"follow","max-snippet":"max-snippet:-1","max-image-preview":"max-image-preview:large","max-video-preview":"max-video-preview:-1"},"canonical":"https:\/\/forumecuador.com\/es\/product\/programa-de-instrumentacion-quirurgica\/","og_locale":"es_ES","og_type":"article","og_title":"Programa en Instrumentaci\u00f3n Quir\u00fargica - FORUM ECUADOR","og_description":"ESPECIALIZACI\u00d3N INSTRUMENTACI\u00d3N QUIR\u00daRGICA QUITO INICIO 30 de agosto del 2025 MODALIDAD H\u00cdBRIDA HORARIO S\u00c1BADO\u00a0 DE 08:00 A 16:00 A QUIENES EST\u00c1 DIRIGIDO EL CURSO. Licenciados de enfermer\u00eda, T\u00e9cnicos de enfermer\u00eda, Auxiliar de Enfermer\u00eda, Personal de quir\u00f3fano, Representantes de ventas de equipos m\u00e9dicos. Los instrumentistas tienen muchas alternativas de empleo adem\u00e1s del quir\u00f3fano en el hospital, [&hellip;]","og_url":"https:\/\/forumecuador.com\/es\/product\/programa-de-instrumentacion-quirurgica\/","og_site_name":"FORUM ECUADOR","article_modified_time":"2026-03-16T15:26:00+00:00","og_image":[{"width":2560,"height":1440,"url":"https:\/\/forumecuador.com\/wp-content\/uploads\/2025\/09\/Programa-Instrumentacion-Quirurgica-scaled.jpg","type":"image\/jpeg"}],"twitter_card":"summary_large_image","twitter_misc":{"Tiempo de lectura":"4 minutos"},"schema":{"@context":"https:\/\/schema.org","@graph":[{"@type":"WebPage","@id":"https:\/\/forumecuador.com\/product\/programa-de-instrumentacion-quirurgica\/","url":"https:\/\/forumecuador.com\/product\/programa-de-instrumentacion-quirurgica\/","name":"Programa en Instrumentaci\u00f3n Quir\u00fargica - FORUM ECUADOR","isPartOf":{"@id":"https:\/\/forumecuador.com\/#website"},"primaryImageOfPage":{"@id":"https:\/\/forumecuador.com\/product\/programa-de-instrumentacion-quirurgica\/#primaryimage"},"image":{"@id":"https:\/\/forumecuador.com\/product\/programa-de-instrumentacion-quirurgica\/#primaryimage"},"thumbnailUrl":"https:\/\/forumecuador.com\/wp-content\/uploads\/2025\/09\/Programa-Instrumentacion-Quirurgica-scaled.jpg","datePublished":"2025-08-12T21:57:55+00:00","dateModified":"2026-03-16T15:26:00+00:00","breadcrumb":{"@id":"https:\/\/forumecuador.com\/product\/programa-de-instrumentacion-quirurgica\/#breadcrumb"},"inLanguage":"es","potentialAction":[{"@type":"ReadAction","target":["https:\/\/forumecuador.com\/product\/programa-de-instrumentacion-quirurgica\/"]}]},{"@type":"ImageObject","inLanguage":"es","@id":"https:\/\/forumecuador.com\/product\/programa-de-instrumentacion-quirurgica\/#primaryimage","url":"https:\/\/forumecuador.com\/wp-content\/uploads\/2025\/09\/Programa-Instrumentacion-Quirurgica-scaled.jpg","contentUrl":"https:\/\/forumecuador.com\/wp-content\/uploads\/2025\/09\/Programa-Instrumentacion-Quirurgica-scaled.jpg","width":2560,"height":1440},{"@type":"BreadcrumbList","@id":"https:\/\/forumecuador.com\/product\/programa-de-instrumentacion-quirurgica\/#breadcrumb","itemListElement":[{"@type":"ListItem","position":1,"name":"Portada","item":"https:\/\/forumecuador.com\/"},{"@type":"ListItem","position":2,"name":"Productos","item":"https:\/\/forumecuador.com\/shop\/"},{"@type":"ListItem","position":3,"name":"Programa en Instrumentaci\u00f3n Quir\u00fargica"}]},{"@type":"WebSite","@id":"https:\/\/forumecuador.com\/#website","url":"https:\/\/forumecuador.com\/","name":"FORUM ECUADOR","description":"FORMACI\u00d3N CONTINUA DIPLOMADOS","publisher":{"@id":"https:\/\/forumecuador.com\/#organization"},"potentialAction":[{"@type":"SearchAction","target":{"@type":"EntryPoint","urlTemplate":"https:\/\/forumecuador.com\/?s={search_term_string}"},"query-input":{"@type":"PropertyValueSpecification","valueRequired":true,"valueName":"search_term_string"}}],"inLanguage":"es"},{"@type":"Organization","@id":"https:\/\/forumecuador.com\/#organization","name":"FORUM ECUADOR","url":"https:\/\/forumecuador.com\/","logo":{"@type":"ImageObject","inLanguage":"es","@id":"https:\/\/forumecuador.com\/#\/schema\/logo\/image\/","url":"https:\/\/forumecuador.com\/wp-content\/uploads\/2025\/08\/cropped-logo-horizontal-fondo-blanco.png","contentUrl":"https:\/\/forumecuador.com\/wp-content\/uploads\/2025\/08\/cropped-logo-horizontal-fondo-blanco.png","width":900,"height":151,"caption":"FORUM ECUADOR"},"image":{"@id":"https:\/\/forumecuador.com\/#\/schema\/logo\/image\/"}}]}},"_links":{"self":[{"href":"https:\/\/forumecuador.com\/es\/wp-json\/wp\/v2\/product\/26497","targetHints":{"allow":["GET"]}}],"collection":[{"href":"https:\/\/forumecuador.com\/es\/wp-json\/wp\/v2\/product"}],"about":[{"href":"https:\/\/forumecuador.com\/es\/wp-json\/wp\/v2\/types\/product"}],"replies":[{"embeddable":true,"href":"https:\/\/forumecuador.com\/es\/wp-json\/wp\/v2\/comments?post=26497"}],"version-history":[{"count":0,"href":"https:\/\/forumecuador.com\/es\/wp-json\/wp\/v2\/product\/26497\/revisions"}],"wp:featuredmedia":[{"embeddable":true,"href":"https:\/\/forumecuador.com\/es\/wp-json\/wp\/v2\/media\/27600"}],"wp:attachment":[{"href":"https:\/\/forumecuador.com\/es\/wp-json\/wp\/v2\/media?parent=26497"}],"wp:term":[{"taxonomy":"product_brand","embeddable":true,"href":"https:\/\/forumecuador.com\/es\/wp-json\/wp\/v2\/product_brand?post=26497"},{"taxonomy":"product_cat","embeddable":true,"href":"https:\/\/forumecuador.com\/es\/wp-json\/wp\/v2\/product_cat?post=26497"},{"taxonomy":"product_tag","embeddable":true,"href":"https:\/\/forumecuador.com\/es\/wp-json\/wp\/v2\/product_tag?post=26497"}],"curies":[{"name":"wp","href":"https:\/\/api.w.org\/{rel}","templated":true}]}}