{"id":26498,"date":"2025-08-12T17:03:21","date_gmt":"2025-08-12T22:03:21","guid":{"rendered":"http:\/\/forumecuador.local\/?post_type=product&#038;p=26498"},"modified":"2025-10-06T17:12:03","modified_gmt":"2025-10-06T22:12:03","slug":"diplomado-visitador-medico","status":"publish","type":"product","link":"https:\/\/forumecuador.com\/es\/product\/diplomado-visitador-medico\/","title":{"rendered":"Diplomado Visitador M\u00e9dico NO"},"content":{"rendered":"<h4><b>DIPLOMADO EN VISITA M\u00c9DICA<\/b><\/h4>\n<p><strong>Modalidad:<\/strong> Online con profesor en vivo<br \/>\n<strong>Horario:<\/strong> Lunes a mi\u00e9rcoles de 19:00 a 21:30<br \/>\n<strong>Inicio de clases:<\/strong>25 de agosto del 2025<br \/>\n<strong>Duraci\u00f3n:<\/strong>\u00a0 8 semanas<\/p>\n<div style=\"width: 1920px;\" class=\"wp-video\"><video class=\"wp-video-shortcode\" id=\"video-26498-1\" width=\"1920\" height=\"1080\" preload=\"metadata\" controls=\"controls\"><source type=\"video\/mp4\" src=\"https:\/\/forumecuador.com\/wp-content\/uploads\/2025\/07\/IMG_1216.mp4?_=1\" \/><a href=\"https:\/\/forumecuador.com\/wp-content\/uploads\/2025\/07\/IMG_1216.mp4\">https:\/\/forumecuador.com\/wp-content\/uploads\/2025\/07\/IMG_1216.mp4<\/a><\/video><\/div>\n<p><strong>IMPORTANCIA DEL DIPLOMADO<\/strong><\/p>\n<p>El diplomado de visitador m\u00e9dico es esencial para quienes desean destacarse en la industria farmac\u00e9utica. Este programa proporciona una formaci\u00f3n acad\u00e9mica s\u00f3lida y habilidades pr\u00e1cticas necesarias para sobresalir en un entorno competitivo. Los estudiantes adquieren conocimientos profundos en fisiolog\u00eda, farmacolog\u00eda y patolog\u00edas, lo que les permite comprender las interacciones de los medicamentos y asimilar eficazmente la capacitaci\u00f3n sobre productos farmac\u00e9uticos.<\/p>\n<p>Adem\u00e1s, el diplomado desarrolla habilidades cruciales para la toma de decisiones, el liderazgo y la comunicaci\u00f3n efectiva con profesionales de la salud. Los participantes aprenden terminolog\u00eda adecuada y trabajo en equipo, estableciendo relaciones s\u00f3lidas con los m\u00e9dicos.<\/p>\n<p><strong>METODOLOG\u00cdA<\/strong><\/p>\n<p>Por lo tanto, el proceso de ense\u00f1anza-aprendizaje se basa en una metodolog\u00eda altamente participativa, centrada en el estudio, la investigaci\u00f3n, el an\u00e1lisis y la discusi\u00f3n de casos que permiten obtener una visi\u00f3n integral del servicio dirigido a m\u00e9dicos, clientes o instituciones.<\/p>\n<p><strong>A QUIENES EST\u00c1 DIRIGIDO EL CURSO.<\/strong><\/p>\n<ul>\n<li>Profesionales con t\u00edtulo de tercer nivel<\/li>\n<li>Profesionales en el \u00e1rea de la salud<\/li>\n<li>Ingenieros comerciales<\/li>\n<li>Licenciados<\/li>\n<li>Tecn\u00f3logos de marketing<\/li>\n<li>Tecn\u00f3logos en ventas<\/li>\n<li>Tecn\u00f3logos en \u00e1rea de la salud<\/li>\n<\/ul>\n<p><strong>OBJETIVO GENERAL\u00a0 DEL CURSO<\/strong><\/p>\n<p>Capacitar para facilitar a los m\u00e9dicos toda la informaci\u00f3n que precisan sobre nuevos productos farmac\u00e9uticos, al canalizar la comunicaci\u00f3n entre los m\u00e9dicos y los laboratorios farmac\u00e9uticos y te ense\u00f1a a organizar y gestionar la actividad de vendedor especializado.<\/p>\n<p><strong>OBJETIVOS\u00a0<\/strong><b>ESPEC\u00cdFICOS<\/b><\/p>\n<ul>\n<li>Conocer las funciones y aspectos m\u00e1s destacables del Visitador M\u00e9dico<\/li>\n<li>Aprender toda la informaci\u00f3n sobre la histolog\u00eda, anatom\u00eda y fisiolog\u00eda del cuerpo humano<\/li>\n<li>Conocer los conceptos b\u00e1sicos y fundamentales sobre microbiolog\u00eda y biotecnolog\u00eda<\/li>\n<li>Aprender y aplicar diferentes t\u00e9cnicas de venta y marketing farmac\u00e9utico<\/li>\n<li>Asimilar y aprender los aspectos generales de la farmacolog\u00eda<\/li>\n<\/ul>\n<p><b>COMPETENCIAS QUE DESARROLLAR\u00c1N:<\/b><\/p>\n<ul>\n<li>Desarrollar habilidades de liderazgo y toma de decisiones. Brindar capacitaci\u00f3n para fomentar un trabajo en equipo efectivo.<\/li>\n<li>Proporcionar las herramientas necesarias para lograr resultados exitosos en la consecuci\u00f3n y cierre de ventas, conforme a las metas establecidas en marketing y otras estrategias espec\u00edficas del \u00e1mbito farmac\u00e9utico.<\/li>\n<li>Tambi\u00e9n se impartir\u00e1n conocimientos generales en fisiolog\u00eda, patolog\u00edas y farmacolog\u00eda, lo que permitir\u00e1 gestionar las interacciones de los medicamentos, comprender sus formas farmac\u00e9uticas y adquirir destrezas para asimilar f\u00e1cilmente la capacitaci\u00f3n sobre productos que el laboratorio desee promover.<\/li>\n<li>Adem\u00e1s, se desarrollar\u00e1 la capacidad para comunicarse con los m\u00e9dicos utilizando la terminolog\u00eda adecuada.<\/li>\n<\/ul>\n<p><strong>E<\/strong><strong>S<\/strong><strong>Q<\/strong><strong>U<\/strong><strong>E<\/strong><strong>M<\/strong><strong>A DE CONOCIMIENTOS DEL CURSO.<br \/>\n<\/strong><\/p>\n<ul>\n<li><strong>MERCADEO, COMUNICACI\u00d3N Y VENTAS<br \/>\nM\u00d3DULO 1 &#8211; Panorama general:<\/strong><br \/>\nLecci\u00f3n 1 &#8211; Nuevos conceptos generales de la visita m\u00e9dica<br \/>\nLecci\u00f3n 2 &#8211; Nuevas generaciones de m\u00e9dicos vs. Nuevas generaciones de visitadores m\u00e9dicos<br \/>\nLecci\u00f3n 3 &#8211; Perfiles m\u00e9dicos vs. Perfiles de visitadores m\u00e9dicos<br \/>\nLecci\u00f3n 4 &#8211; Las TICs aplicadas a la visita m\u00e9dica\/ventas<\/li>\n<\/ul>\n<p><b>M\u00d3DULO 2 &#8211; Mercado farmac\u00e9utico:<\/b><br \/>\nLecci\u00f3n 1 &#8211;\u00a0Productos farmac\u00e9uticos<br \/>\nLecci\u00f3n 2 &#8211; Estructuras organizacionales de las compa\u00f1\u00edas farmac\u00e9uticas<br \/>\nLecci\u00f3n 3 &#8211; Sistemas de Auditor\u00eda: IMS, Close up, DDD,INTE<\/p>\n<p><b>M\u00d3DULO 3 &#8211; Marketing farmac\u00e9utico:<\/b><br \/>\nLecci\u00f3n 1 &#8211;\u00a0La visita m\u00e9dica vs. Plan de marketing<br \/>\nLecci\u00f3n 2 &#8211;\u00a0Implementaci\u00f3n de estrategias de alto impacto<br \/>\nLecci\u00f3n 3 &#8211;\u00a0Optimizaci\u00f3n de recursos promocionales<br \/>\nLecci\u00f3n 4 &#8211;\u00a0La importancia de las farmacias. Pol\u00edticas comerciales<br \/>\nLecci\u00f3n 5 &#8211; Manejo y c\u00e1lculo de inventarios promedio<\/p>\n<p><b>M\u00d3DULO 4 &#8211; Comunicaci\u00f3n farmac\u00e9utica profesional:<\/b><br \/>\nLecci\u00f3n 1 &#8211; T\u00e9cnicas de comunicaci\u00f3n<br \/>\nLecci\u00f3n 2 &#8211; Comunicaci\u00f3n farmac\u00e9utica asertiva<br \/>\nLecci\u00f3n 3 &#8211; Perfiles m\u00e9dicos y su clasificaci\u00f3n<br \/>\nLecci\u00f3n 4 &#8211; Toma de decisiones<br \/>\nLecci\u00f3n 5 &#8211; Din\u00e1micas\/talleres en toma de decisiones para el visitador m\u00e9dico<\/p>\n<p><strong>M\u00d3DULO 5 &#8211; Gesti\u00f3n administrativa del visitador m\u00e9dico:<\/strong><br \/>\nLecci\u00f3n 1 &#8211; Gerenciamiento de territorios<br \/>\nLecci\u00f3n 2 &#8211; Planificaci\u00f3n de Actividades: Ruteros, paneles m\u00e9dicos<br \/>\nLecci\u00f3n 3 &#8211; Participaci\u00f3n en eventos diferentes a la visita m\u00e9dica<br \/>\nLecci\u00f3n 4 &#8211; Reportes e informes de gesti\u00f3n<\/p>\n<p><strong>M\u00d3DULO 6 &#8211; Productividad:<\/strong><br \/>\nLecci\u00f3n 1 &#8211;\u00a0Indicadores de gesti\u00f3n<br \/>\nLecci\u00f3n 2 &#8211;\u00a0Ejercicio en presentaciones de productos<br \/>\nLecci\u00f3n 4 &#8211;\u00a0Ejercicio en la b\u00fasqueda de oportunidades de negocio<\/p>\n<ul>\n<li><strong>BASES DE ANATOM\u00cdA, FISIOPATOLOG\u00cdA Y FARMACOLOG\u00cdA<br \/>\nM\u00d3DULO 7 &#8211; Farmacolog\u00eda:<br \/>\n<\/strong>Lecci\u00f3n 1 &#8211; Farmacocin\u00e9tica, farmacodinamia, farmacognosia<br \/>\nLecci\u00f3n 2 &#8211; Farmacolog\u00eda para sistemas y especial<br \/>\nLecci\u00f3n 4 &#8211; Estudios cl\u00ednicos y cient\u00edficos<\/li>\n<\/ul>\n<p><strong>M\u00d3DULO 8 &#8211; Microbiolog\u00eda e infectolog\u00eda:<br \/>\n<\/strong>Lecci\u00f3n 1 &#8211; Virus, bacterias, hongos y par\u00e1sitos<\/p>\n<p><strong>M\u00d3DULO 8 &#8211; Fisiopatolog\u00eda y farmacolog\u00eda por sistemas:<br \/>\n<\/strong>Lecci\u00f3n 1 &#8211; Sistema nervioso<br \/>\nLecci\u00f3n 2 &#8211; Sistema m\u00fasculo &#8211; esquel\u00e9tico<br \/>\nLecci\u00f3n 3 &#8211; Piel y sistema linf\u00e1tico<br \/>\nLecci\u00f3n 4 &#8211; Sistema end\u00f3crino<br \/>\nLecci\u00f3n 5 &#8211; Sistema inmune<br \/>\nLecci\u00f3n 6 &#8211; Sistema cardiovascular<br \/>\nLecci\u00f3n 7 &#8211; Sistema respiratorio<br \/>\nLecci\u00f3n 8 &#8211; Sistema digestivo<br \/>\nLecci\u00f3n 9 &#8211; Sistema urinario y reproductor<\/p>\n<p><strong>SALIDA LABORAL<\/strong><\/p>\n<p>Laboratorios farmac\u00e9uticos, comercializadoras de productos de farmacia, empresas de parafarmacia, negocios relacionados con la farmacolog\u00eda y empresas de art\u00edculos de ortopedia.<\/p>\n<p><strong>CERTIFICACI\u00d3N.<\/strong><\/p>\n<ul>\n<li>Cursos Superiores Titulaci\u00f3n Expedida y Avalada por Corporaci\u00f3n F\u00f3rum Ecuador.<\/li>\n<\/ul>\n<p><strong>FORMA DE PAGO:\u00a0 \u00a0 \u00a0<\/strong><\/p>\n<ul>\n<li><strong>P.V.P :<\/strong>\u00a0 \u00a0 \u00a0 \u00a0 \u00a0 \u00a0 \u00a0 \u00a0 \u00a0 \u00a0 \u00a0 \u00a0 \u00a0 \u00a0 \u00a0 \u00a0 \u00a0 \u00a0 \u00a0 \u00a0 \u00a0 610 usd.<\/li>\n<li><strong>Precio con Beca :\u00a0 \u00a0 \u00a0 \u00a0 \u00a0 \u00a0 \u00a0 \u00a0 \u00a0 \u00a0 \u00a0 497 usd.<\/strong>\u00a0 \u00a0 ( transferencia o dep\u00f3sito)<\/li>\n<li>Precio con tarjeta de cr\u00e9dito\u00a0 \u00a0650 USD<\/li>\n<\/ul>\n<p>Planes de pago con tarjeta de cr\u00e9dito\u00a0 a 3 y 6 meses sin intereses con tarjetas\u00a0 Visa, Mastercard, Diners, American Express, Discover, de los Bancos Pichincha, Guayaquil, Pac\u00edfico.\u00a0 Otros bancos cr\u00e9dito corriente.<\/p>\n<p><strong>Datos de cuenta para dep\u00f3sito o transferencia.<\/strong><\/p>\n<p>Dep\u00f3sito\u00a0 o transferencia Bancaria:<\/p>\n<ul>\n<li>Destinatario:\u00a0 \u00a0\u00a0\u00a0\u00a0\u00a0\u00a0\u00a0\u00a0\u00a0\u00a0\u00a0\u00a0\u00a0\u00a0\u00a0\u00a0\u00a0\u00a0\u00a0\u00a0\u00a0\u00a0\u00a0\u00a0\u00a0\u00a0\u00a0\u00a0\u00a0\u00a0\u00a0\u00a0\u00a0 \u00a0FORUM ECUADOR<\/li>\n<li>RUC: \u00a0\u00a0\u00a0\u00a0\u00a0\u00a0\u00a0\u00a0\u00a0\u00a0\u00a0\u00a0\u00a0\u00a0\u00a0\u00a0\u00a0\u00a0\u00a0\u00a0\u00a0\u00a0\u00a0\u00a0\u00a0\u00a0\u00a0\u00a0\u00a0\u00a0\u00a0\u00a0\u00a0\u00a0\u00a0\u00a0\u00a0\u00a0\u00a0\u00a0\u00a0\u00a0\u00a0\u00a0\u00a0\u00a0\u00a0\u00a0\u00a0 1792122201001<\/li>\n<li>BANCO: \u00a0\u00a0\u00a0\u00a0\u00a0\u00a0\u00a0\u00a0\u00a0\u00a0\u00a0\u00a0\u00a0\u00a0\u00a0\u00a0\u00a0\u00a0\u00a0\u00a0\u00a0\u00a0\u00a0\u00a0\u00a0\u00a0\u00a0\u00a0\u00a0\u00a0\u00a0\u00a0\u00a0\u00a0\u00a0\u00a0\u00a0\u00a0\u00a0\u00a0\u00a0\u00a0\u00a0 PICHINCHA<\/li>\n<li>Cuenta corriente: \u00a0\u00a0\u00a0\u00a0\u00a0\u00a0\u00a0\u00a0\u00a0\u00a0\u00a0\u00a0\u00a0\u00a0\u00a0\u00a0\u00a0\u00a0\u00a0\u00a0\u00a0\u00a0\u00a0\u00a0\u00a0 #3386334304<\/li>\n<li>E mail:\u00a0 \u00a0 \u00a0 \u00a0 \u00a0 \u00a0 \u00a0 \u00a0 \u00a0 \u00a0 \u00a0 \u00a0 \u00a0 \u00a0 \u00a0 \u00a0 \u00a0 \u00a0 \u00a0 \u00a0 \u00a0 \u00a0\u00a0 \u00a0<a style=\"color: #000000;\" href=\"mailto:forumecuador@gmail.com\">forumecuador@gmail.com<\/a><\/li>\n<\/ul>\n<p><b>CONOCE NUESTRO CLAUSTRO ACAD\u00c9MICO<\/b><\/p>\n<p><a href=\"https:\/\/forumecuador.com\/wp-content\/uploads\/2025\/07\/PDF-VISITADOR-MEDICO-AGOSTO-2025.pdf\" target=\"_blank\" rel=\"noopener\"><br \/>\nDESCARGA BROCHURE<br \/>\n<\/a><\/p>","protected":false},"excerpt":{"rendered":"<p>DIPLOMADO EN VISITA M\u00c9DICA Modalidad: Online con profesor en vivo Horario: Lunes a mi\u00e9rcoles de 19:00 a 21:30 Inicio de clases:25 de agosto del 2025 Duraci\u00f3n:\u00a0 8 semanas IMPORTANCIA DEL DIPLOMADO El diplomado de visitador m\u00e9dico es esencial para quienes desean destacarse en la industria farmac\u00e9utica. Este programa proporciona una formaci\u00f3n acad\u00e9mica s\u00f3lida y habilidades [&hellip;]<\/p>\n","protected":false},"featured_media":27767,"comment_status":"open","ping_status":"closed","template":"","meta":{"_acf_changed":false,"site-sidebar-layout":"default","site-content-layout":"","ast-site-content-layout":"default","site-content-style":"default","site-sidebar-style":"default","ast-global-header-display":"","ast-banner-title-visibility":"","ast-main-header-display":"","ast-hfb-above-header-display":"","ast-hfb-below-header-display":"","ast-hfb-mobile-header-display":"","site-post-title":"","ast-breadcrumbs-content":"","ast-featured-img":"","footer-sml-layout":"","ast-disable-related-posts":"","theme-transparent-header-meta":"default","adv-header-id-meta":"","stick-header-meta":"","header-above-stick-meta":"","header-main-stick-meta":"","header-below-stick-meta":"","astra-migrate-meta-layouts":"set","ast-page-background-enabled":"default","ast-page-background-meta":{"desktop":{"background-color":"","background-image":"","background-repeat":"repeat","background-position":"center center","background-size":"auto","background-attachment":"scroll","background-type":"","background-media":"","overlay-type":"","overlay-color":"","overlay-opacity":"","overlay-gradient":""},"tablet":{"background-color":"","background-image":"","background-repeat":"repeat","background-position":"center center","background-size":"auto","background-attachment":"scroll","background-type":"","background-media":"","overlay-type":"","overlay-color":"","overlay-opacity":"","overlay-gradient":""},"mobile":{"background-color":"","background-image":"","background-repeat":"repeat","background-position":"center center","background-size":"auto","background-attachment":"scroll","background-type":"","background-media":"","overlay-type":"","overlay-color":"","overlay-opacity":"","overlay-gradient":""}},"ast-content-background-meta":{"desktop":{"background-color":"var(--ast-global-color-5)","background-image":"","background-repeat":"repeat","background-position":"center center","background-size":"auto","background-attachment":"scroll","background-type":"","background-media":"","overlay-type":"","overlay-color":"","overlay-opacity":"","overlay-gradient":""},"tablet":{"background-color":"var(--ast-global-color-5)","background-image":"","background-repeat":"repeat","background-position":"center center","background-size":"auto","background-attachment":"scroll","background-type":"","background-media":"","overlay-type":"","overlay-color":"","overlay-opacity":"","overlay-gradient":""},"mobile":{"background-color":"var(--ast-global-color-5)","background-image":"","background-repeat":"repeat","background-position":"center center","background-size":"auto","background-attachment":"scroll","background-type":"","background-media":"","overlay-type":"","overlay-color":"","overlay-opacity":"","overlay-gradient":""}}},"product_brand":[],"product_cat":[15],"product_tag":[],"class_list":{"0":"post-26498","1":"product","2":"type-product","3":"status-publish","4":"has-post-thumbnail","6":"product_cat-uncategorized","7":"desktop-align-left","8":"tablet-align-left","9":"mobile-align-left","11":"first","12":"instock","13":"sale","14":"sold-individually","15":"shipping-taxable","16":"purchasable","17":"product-type-simple"},"acf":[],"yoast_head":"<!-- This site is optimized with the Yoast SEO plugin v27.1.1 - https:\/\/yoast.com\/product\/yoast-seo-wordpress\/ -->\n<title>Diplomado Visitador M\u00e9dico NO - FORUM ECUADOR<\/title>\n<meta name=\"robots\" content=\"index, follow, max-snippet:-1, max-image-preview:large, max-video-preview:-1\" \/>\n<link rel=\"canonical\" href=\"https:\/\/forumecuador.com\/es\/product\/diplomado-visitador-medico\/\" \/>\n<meta property=\"og:locale\" content=\"es_ES\" \/>\n<meta property=\"og:type\" content=\"article\" \/>\n<meta property=\"og:title\" content=\"Diplomado Visitador M\u00e9dico NO - FORUM ECUADOR\" \/>\n<meta property=\"og:description\" content=\"DIPLOMADO EN VISITA M\u00c9DICA Modalidad: Online con profesor en vivo Horario: Lunes a mi\u00e9rcoles de 19:00 a 21:30 Inicio de clases:25 de agosto del 2025 Duraci\u00f3n:\u00a0 8 semanas IMPORTANCIA DEL DIPLOMADO El diplomado de visitador m\u00e9dico es esencial para quienes desean destacarse en la industria farmac\u00e9utica. Este programa proporciona una formaci\u00f3n acad\u00e9mica s\u00f3lida y habilidades [&hellip;]\" \/>\n<meta property=\"og:url\" content=\"https:\/\/forumecuador.com\/es\/product\/diplomado-visitador-medico\/\" \/>\n<meta property=\"og:site_name\" content=\"FORUM ECUADOR\" \/>\n<meta property=\"article:modified_time\" content=\"2025-10-06T22:12:03+00:00\" \/>\n<meta property=\"og:image\" content=\"https:\/\/forumecuador.com\/wp-content\/uploads\/2025\/09\/Vistador-medico_Mesa-de-trabajo-1-copia-5-scaled.jpg\" \/>\n\t<meta property=\"og:image:width\" content=\"2560\" \/>\n\t<meta property=\"og:image:height\" content=\"1440\" \/>\n\t<meta property=\"og:image:type\" content=\"image\/jpeg\" \/>\n<meta name=\"twitter:card\" content=\"summary_large_image\" \/>\n<meta name=\"twitter:label1\" content=\"Tiempo de lectura\" \/>\n\t<meta name=\"twitter:data1\" content=\"5 minutos\" \/>\n<script type=\"application\/ld+json\" class=\"yoast-schema-graph\">{\"@context\":\"https:\/\/schema.org\",\"@graph\":[{\"@type\":\"WebPage\",\"@id\":\"https:\/\/forumecuador.com\/product\/diplomado-visitador-medico\/\",\"url\":\"https:\/\/forumecuador.com\/product\/diplomado-visitador-medico\/\",\"name\":\"Diplomado Visitador M\u00e9dico NO - FORUM ECUADOR\",\"isPartOf\":{\"@id\":\"https:\/\/forumecuador.com\/#website\"},\"primaryImageOfPage\":{\"@id\":\"https:\/\/forumecuador.com\/product\/diplomado-visitador-medico\/#primaryimage\"},\"image\":{\"@id\":\"https:\/\/forumecuador.com\/product\/diplomado-visitador-medico\/#primaryimage\"},\"thumbnailUrl\":\"https:\/\/forumecuador.com\/wp-content\/uploads\/2025\/09\/Vistador-medico_Mesa-de-trabajo-1-copia-5-scaled.jpg\",\"datePublished\":\"2025-08-12T22:03:21+00:00\",\"dateModified\":\"2025-10-06T22:12:03+00:00\",\"breadcrumb\":{\"@id\":\"https:\/\/forumecuador.com\/product\/diplomado-visitador-medico\/#breadcrumb\"},\"inLanguage\":\"es\",\"potentialAction\":[{\"@type\":\"ReadAction\",\"target\":[\"https:\/\/forumecuador.com\/product\/diplomado-visitador-medico\/\"]}]},{\"@type\":\"ImageObject\",\"inLanguage\":\"es\",\"@id\":\"https:\/\/forumecuador.com\/product\/diplomado-visitador-medico\/#primaryimage\",\"url\":\"https:\/\/forumecuador.com\/wp-content\/uploads\/2025\/09\/Vistador-medico_Mesa-de-trabajo-1-copia-5-scaled.jpg\",\"contentUrl\":\"https:\/\/forumecuador.com\/wp-content\/uploads\/2025\/09\/Vistador-medico_Mesa-de-trabajo-1-copia-5-scaled.jpg\",\"width\":2560,\"height\":1440},{\"@type\":\"BreadcrumbList\",\"@id\":\"https:\/\/forumecuador.com\/product\/diplomado-visitador-medico\/#breadcrumb\",\"itemListElement\":[{\"@type\":\"ListItem\",\"position\":1,\"name\":\"Portada\",\"item\":\"https:\/\/forumecuador.com\/\"},{\"@type\":\"ListItem\",\"position\":2,\"name\":\"Productos\",\"item\":\"https:\/\/forumecuador.com\/shop\/\"},{\"@type\":\"ListItem\",\"position\":3,\"name\":\"Diplomado Visitador M\u00e9dico NO\"}]},{\"@type\":\"WebSite\",\"@id\":\"https:\/\/forumecuador.com\/#website\",\"url\":\"https:\/\/forumecuador.com\/\",\"name\":\"FORUM ECUADOR\",\"description\":\"FORMACI\u00d3N CONTINUA DIPLOMADOS\",\"publisher\":{\"@id\":\"https:\/\/forumecuador.com\/#organization\"},\"potentialAction\":[{\"@type\":\"SearchAction\",\"target\":{\"@type\":\"EntryPoint\",\"urlTemplate\":\"https:\/\/forumecuador.com\/?s={search_term_string}\"},\"query-input\":{\"@type\":\"PropertyValueSpecification\",\"valueRequired\":true,\"valueName\":\"search_term_string\"}}],\"inLanguage\":\"es\"},{\"@type\":\"Organization\",\"@id\":\"https:\/\/forumecuador.com\/#organization\",\"name\":\"FORUM ECUADOR\",\"url\":\"https:\/\/forumecuador.com\/\",\"logo\":{\"@type\":\"ImageObject\",\"inLanguage\":\"es\",\"@id\":\"https:\/\/forumecuador.com\/#\/schema\/logo\/image\/\",\"url\":\"https:\/\/forumecuador.com\/wp-content\/uploads\/2025\/08\/cropped-logo-horizontal-fondo-blanco.png\",\"contentUrl\":\"https:\/\/forumecuador.com\/wp-content\/uploads\/2025\/08\/cropped-logo-horizontal-fondo-blanco.png\",\"width\":900,\"height\":151,\"caption\":\"FORUM ECUADOR\"},\"image\":{\"@id\":\"https:\/\/forumecuador.com\/#\/schema\/logo\/image\/\"}}]}<\/script>\n<!-- \/ Yoast SEO plugin. -->","yoast_head_json":{"title":"Diplomado Visitador M\u00e9dico NO - FORUM ECUADOR","robots":{"index":"index","follow":"follow","max-snippet":"max-snippet:-1","max-image-preview":"max-image-preview:large","max-video-preview":"max-video-preview:-1"},"canonical":"https:\/\/forumecuador.com\/es\/product\/diplomado-visitador-medico\/","og_locale":"es_ES","og_type":"article","og_title":"Diplomado Visitador M\u00e9dico NO - FORUM ECUADOR","og_description":"DIPLOMADO EN VISITA M\u00c9DICA Modalidad: Online con profesor en vivo Horario: Lunes a mi\u00e9rcoles de 19:00 a 21:30 Inicio de clases:25 de agosto del 2025 Duraci\u00f3n:\u00a0 8 semanas IMPORTANCIA DEL DIPLOMADO El diplomado de visitador m\u00e9dico es esencial para quienes desean destacarse en la industria farmac\u00e9utica. Este programa proporciona una formaci\u00f3n acad\u00e9mica s\u00f3lida y habilidades [&hellip;]","og_url":"https:\/\/forumecuador.com\/es\/product\/diplomado-visitador-medico\/","og_site_name":"FORUM ECUADOR","article_modified_time":"2025-10-06T22:12:03+00:00","og_image":[{"width":2560,"height":1440,"url":"https:\/\/forumecuador.com\/wp-content\/uploads\/2025\/09\/Vistador-medico_Mesa-de-trabajo-1-copia-5-scaled.jpg","type":"image\/jpeg"}],"twitter_card":"summary_large_image","twitter_misc":{"Tiempo de lectura":"5 minutos"},"schema":{"@context":"https:\/\/schema.org","@graph":[{"@type":"WebPage","@id":"https:\/\/forumecuador.com\/product\/diplomado-visitador-medico\/","url":"https:\/\/forumecuador.com\/product\/diplomado-visitador-medico\/","name":"Diplomado Visitador M\u00e9dico NO - FORUM ECUADOR","isPartOf":{"@id":"https:\/\/forumecuador.com\/#website"},"primaryImageOfPage":{"@id":"https:\/\/forumecuador.com\/product\/diplomado-visitador-medico\/#primaryimage"},"image":{"@id":"https:\/\/forumecuador.com\/product\/diplomado-visitador-medico\/#primaryimage"},"thumbnailUrl":"https:\/\/forumecuador.com\/wp-content\/uploads\/2025\/09\/Vistador-medico_Mesa-de-trabajo-1-copia-5-scaled.jpg","datePublished":"2025-08-12T22:03:21+00:00","dateModified":"2025-10-06T22:12:03+00:00","breadcrumb":{"@id":"https:\/\/forumecuador.com\/product\/diplomado-visitador-medico\/#breadcrumb"},"inLanguage":"es","potentialAction":[{"@type":"ReadAction","target":["https:\/\/forumecuador.com\/product\/diplomado-visitador-medico\/"]}]},{"@type":"ImageObject","inLanguage":"es","@id":"https:\/\/forumecuador.com\/product\/diplomado-visitador-medico\/#primaryimage","url":"https:\/\/forumecuador.com\/wp-content\/uploads\/2025\/09\/Vistador-medico_Mesa-de-trabajo-1-copia-5-scaled.jpg","contentUrl":"https:\/\/forumecuador.com\/wp-content\/uploads\/2025\/09\/Vistador-medico_Mesa-de-trabajo-1-copia-5-scaled.jpg","width":2560,"height":1440},{"@type":"BreadcrumbList","@id":"https:\/\/forumecuador.com\/product\/diplomado-visitador-medico\/#breadcrumb","itemListElement":[{"@type":"ListItem","position":1,"name":"Portada","item":"https:\/\/forumecuador.com\/"},{"@type":"ListItem","position":2,"name":"Productos","item":"https:\/\/forumecuador.com\/shop\/"},{"@type":"ListItem","position":3,"name":"Diplomado Visitador M\u00e9dico NO"}]},{"@type":"WebSite","@id":"https:\/\/forumecuador.com\/#website","url":"https:\/\/forumecuador.com\/","name":"FORUM ECUADOR","description":"FORMACI\u00d3N CONTINUA DIPLOMADOS","publisher":{"@id":"https:\/\/forumecuador.com\/#organization"},"potentialAction":[{"@type":"SearchAction","target":{"@type":"EntryPoint","urlTemplate":"https:\/\/forumecuador.com\/?s={search_term_string}"},"query-input":{"@type":"PropertyValueSpecification","valueRequired":true,"valueName":"search_term_string"}}],"inLanguage":"es"},{"@type":"Organization","@id":"https:\/\/forumecuador.com\/#organization","name":"FORUM ECUADOR","url":"https:\/\/forumecuador.com\/","logo":{"@type":"ImageObject","inLanguage":"es","@id":"https:\/\/forumecuador.com\/#\/schema\/logo\/image\/","url":"https:\/\/forumecuador.com\/wp-content\/uploads\/2025\/08\/cropped-logo-horizontal-fondo-blanco.png","contentUrl":"https:\/\/forumecuador.com\/wp-content\/uploads\/2025\/08\/cropped-logo-horizontal-fondo-blanco.png","width":900,"height":151,"caption":"FORUM ECUADOR"},"image":{"@id":"https:\/\/forumecuador.com\/#\/schema\/logo\/image\/"}}]}},"_links":{"self":[{"href":"https:\/\/forumecuador.com\/es\/wp-json\/wp\/v2\/product\/26498","targetHints":{"allow":["GET"]}}],"collection":[{"href":"https:\/\/forumecuador.com\/es\/wp-json\/wp\/v2\/product"}],"about":[{"href":"https:\/\/forumecuador.com\/es\/wp-json\/wp\/v2\/types\/product"}],"replies":[{"embeddable":true,"href":"https:\/\/forumecuador.com\/es\/wp-json\/wp\/v2\/comments?post=26498"}],"version-history":[{"count":0,"href":"https:\/\/forumecuador.com\/es\/wp-json\/wp\/v2\/product\/26498\/revisions"}],"wp:featuredmedia":[{"embeddable":true,"href":"https:\/\/forumecuador.com\/es\/wp-json\/wp\/v2\/media\/27767"}],"wp:attachment":[{"href":"https:\/\/forumecuador.com\/es\/wp-json\/wp\/v2\/media?parent=26498"}],"wp:term":[{"taxonomy":"product_brand","embeddable":true,"href":"https:\/\/forumecuador.com\/es\/wp-json\/wp\/v2\/product_brand?post=26498"},{"taxonomy":"product_cat","embeddable":true,"href":"https:\/\/forumecuador.com\/es\/wp-json\/wp\/v2\/product_cat?post=26498"},{"taxonomy":"product_tag","embeddable":true,"href":"https:\/\/forumecuador.com\/es\/wp-json\/wp\/v2\/product_tag?post=26498"}],"curies":[{"name":"wp","href":"https:\/\/api.w.org\/{rel}","templated":true}]}}