{"id":29448,"date":"2026-01-29T12:13:23","date_gmt":"2026-01-29T17:13:23","guid":{"rendered":"https:\/\/forumecuador.com\/product\/programa-de-formacion-enfermeria-en-hemodialisis\/"},"modified":"2026-03-16T09:22:18","modified_gmt":"2026-03-16T14:22:18","slug":"programa-de-formacion-enfermeria-en-hemodialisis","status":"publish","type":"product","link":"https:\/\/forumecuador.com\/es\/product\/programa-de-formacion-enfermeria-en-hemodialisis\/","title":{"rendered":"Enfermer\u00eda en Nefrolog\u00eda, Hemodi\u00e1lisis y Di\u00e1lisis Peritoneal."},"content":{"rendered":"","protected":false},"excerpt":{"rendered":"","protected":false},"featured_media":69107,"comment_status":"open","ping_status":"closed","template":"","meta":{"_acf_changed":false,"site-sidebar-layout":"default","site-content-layout":"","ast-site-content-layout":"default","site-content-style":"default","site-sidebar-style":"default","ast-global-header-display":"","ast-banner-title-visibility":"","ast-main-header-display":"","ast-hfb-above-header-display":"","ast-hfb-below-header-display":"","ast-hfb-mobile-header-display":"","site-post-title":"","ast-breadcrumbs-content":"","ast-featured-img":"","footer-sml-layout":"","ast-disable-related-posts":"","theme-transparent-header-meta":"","adv-header-id-meta":"","stick-header-meta":"","header-above-stick-meta":"","header-main-stick-meta":"","header-below-stick-meta":"","astra-migrate-meta-layouts":"default","ast-page-background-enabled":"default","ast-page-background-meta":{"desktop":{"background-color":"","background-image":"","background-repeat":"repeat","background-position":"center center","background-size":"auto","background-attachment":"scroll","background-type":"","background-media":"","overlay-type":"","overlay-color":"","overlay-opacity":"","overlay-gradient":""},"tablet":{"background-color":"","background-image":"","background-repeat":"repeat","background-position":"center center","background-size":"auto","background-attachment":"scroll","background-type":"","background-media":"","overlay-type":"","overlay-color":"","overlay-opacity":"","overlay-gradient":""},"mobile":{"background-color":"","background-image":"","background-repeat":"repeat","background-position":"center center","background-size":"auto","background-attachment":"scroll","background-type":"","background-media":"","overlay-type":"","overlay-color":"","overlay-opacity":"","overlay-gradient":""}},"ast-content-background-meta":{"desktop":{"background-color":"var(--ast-global-color-5)","background-image":"","background-repeat":"repeat","background-position":"center center","background-size":"auto","background-attachment":"scroll","background-type":"","background-media":"","overlay-type":"","overlay-color":"","overlay-opacity":"","overlay-gradient":""},"tablet":{"background-color":"var(--ast-global-color-5)","background-image":"","background-repeat":"repeat","background-position":"center center","background-size":"auto","background-attachment":"scroll","background-type":"","background-media":"","overlay-type":"","overlay-color":"","overlay-opacity":"","overlay-gradient":""},"mobile":{"background-color":"var(--ast-global-color-5)","background-image":"","background-repeat":"repeat","background-position":"center center","background-size":"auto","background-attachment":"scroll","background-type":"","background-media":"","overlay-type":"","overlay-color":"","overlay-opacity":"","overlay-gradient":""}}},"product_brand":[],"product_cat":[15],"product_tag":[],"class_list":{"0":"post-29448","1":"product","2":"type-product","3":"status-publish","4":"has-post-thumbnail","6":"product_cat-uncategorized","7":"desktop-align-left","8":"tablet-align-left","9":"mobile-align-left","11":"first","12":"instock","13":"sale","14":"virtual","15":"sold-individually","16":"purchasable","17":"product-type-simple"},"acf":[],"yoast_head":"<!-- This site is optimized with the Yoast SEO plugin v27.1.1 - https:\/\/yoast.com\/product\/yoast-seo-wordpress\/ -->\n<title>Enfermer\u00eda en Nefrolog\u00eda, Hemodi\u00e1lisis y Di\u00e1lisis Peritoneal. - FORUM ECUADOR<\/title>\n<meta name=\"robots\" content=\"index, follow, max-snippet:-1, max-image-preview:large, max-video-preview:-1\" \/>\n<link rel=\"canonical\" href=\"https:\/\/forumecuador.com\/es\/product\/programa-de-formacion-enfermeria-en-hemodialisis\/\" \/>\n<meta property=\"og:locale\" content=\"es_ES\" \/>\n<meta property=\"og:type\" content=\"article\" \/>\n<meta property=\"og:title\" content=\"Enfermer\u00eda en Nefrolog\u00eda, Hemodi\u00e1lisis y Di\u00e1lisis Peritoneal. - FORUM ECUADOR\" \/>\n<meta property=\"og:url\" content=\"https:\/\/forumecuador.com\/es\/product\/programa-de-formacion-enfermeria-en-hemodialisis\/\" \/>\n<meta property=\"og:site_name\" content=\"FORUM ECUADOR\" \/>\n<meta property=\"article:modified_time\" content=\"2026-03-16T14:22:18+00:00\" \/>\n<meta name=\"twitter:card\" content=\"summary_large_image\" \/>\n<script type=\"application\/ld+json\" class=\"yoast-schema-graph\">{\"@context\":\"https:\/\/schema.org\",\"@graph\":[{\"@type\":\"WebPage\",\"@id\":\"https:\/\/forumecuador.com\/product\/programa-de-formacion-enfermeria-en-hemodialisis\/\",\"url\":\"https:\/\/forumecuador.com\/product\/programa-de-formacion-enfermeria-en-hemodialisis\/\",\"name\":\"Enfermer\u00eda en Nefrolog\u00eda, Hemodi\u00e1lisis y Di\u00e1lisis Peritoneal. - FORUM ECUADOR\",\"isPartOf\":{\"@id\":\"https:\/\/forumecuador.com\/#website\"},\"primaryImageOfPage\":{\"@id\":\"https:\/\/forumecuador.com\/product\/programa-de-formacion-enfermeria-en-hemodialisis\/#primaryimage\"},\"image\":{\"@id\":\"https:\/\/forumecuador.com\/product\/programa-de-formacion-enfermeria-en-hemodialisis\/#primaryimage\"},\"thumbnailUrl\":\"https:\/\/forumecuador.com\/wp-content\/uploads\/2026\/03\/HM_PortadaWeb@2x-100.jpg\",\"datePublished\":\"2026-01-29T17:13:23+00:00\",\"dateModified\":\"2026-03-16T14:22:18+00:00\",\"breadcrumb\":{\"@id\":\"https:\/\/forumecuador.com\/product\/programa-de-formacion-enfermeria-en-hemodialisis\/#breadcrumb\"},\"inLanguage\":\"es\",\"potentialAction\":[{\"@type\":\"ReadAction\",\"target\":[\"https:\/\/forumecuador.com\/product\/programa-de-formacion-enfermeria-en-hemodialisis\/\"]}]},{\"@type\":\"ImageObject\",\"inLanguage\":\"es\",\"@id\":\"https:\/\/forumecuador.com\/product\/programa-de-formacion-enfermeria-en-hemodialisis\/#primaryimage\",\"url\":\"https:\/\/forumecuador.com\/wp-content\/uploads\/2026\/03\/HM_PortadaWeb@2x-100.jpg\",\"contentUrl\":\"https:\/\/forumecuador.com\/wp-content\/uploads\/2026\/03\/HM_PortadaWeb@2x-100.jpg\",\"width\":1600,\"height\":900},{\"@type\":\"BreadcrumbList\",\"@id\":\"https:\/\/forumecuador.com\/product\/programa-de-formacion-enfermeria-en-hemodialisis\/#breadcrumb\",\"itemListElement\":[{\"@type\":\"ListItem\",\"position\":1,\"name\":\"Portada\",\"item\":\"https:\/\/forumecuador.com\/\"},{\"@type\":\"ListItem\",\"position\":2,\"name\":\"Productos\",\"item\":\"https:\/\/forumecuador.com\/shop\/\"},{\"@type\":\"ListItem\",\"position\":3,\"name\":\"Enfermer\u00eda en Nefrolog\u00eda, Hemodi\u00e1lisis y Di\u00e1lisis Peritoneal.\"}]},{\"@type\":\"WebSite\",\"@id\":\"https:\/\/forumecuador.com\/#website\",\"url\":\"https:\/\/forumecuador.com\/\",\"name\":\"FORUM ECUADOR\",\"description\":\"FORMACI\u00d3N CONTINUA DIPLOMADOS\",\"publisher\":{\"@id\":\"https:\/\/forumecuador.com\/#organization\"},\"potentialAction\":[{\"@type\":\"SearchAction\",\"target\":{\"@type\":\"EntryPoint\",\"urlTemplate\":\"https:\/\/forumecuador.com\/?s={search_term_string}\"},\"query-input\":{\"@type\":\"PropertyValueSpecification\",\"valueRequired\":true,\"valueName\":\"search_term_string\"}}],\"inLanguage\":\"es\"},{\"@type\":\"Organization\",\"@id\":\"https:\/\/forumecuador.com\/#organization\",\"name\":\"FORUM ECUADOR\",\"url\":\"https:\/\/forumecuador.com\/\",\"logo\":{\"@type\":\"ImageObject\",\"inLanguage\":\"es\",\"@id\":\"https:\/\/forumecuador.com\/#\/schema\/logo\/image\/\",\"url\":\"https:\/\/forumecuador.com\/wp-content\/uploads\/2025\/08\/cropped-logo-horizontal-fondo-blanco.png\",\"contentUrl\":\"https:\/\/forumecuador.com\/wp-content\/uploads\/2025\/08\/cropped-logo-horizontal-fondo-blanco.png\",\"width\":900,\"height\":151,\"caption\":\"FORUM ECUADOR\"},\"image\":{\"@id\":\"https:\/\/forumecuador.com\/#\/schema\/logo\/image\/\"}}]}<\/script>\n<!-- \/ Yoast SEO plugin. -->","yoast_head_json":{"title":"Enfermer\u00eda en Nefrolog\u00eda, Hemodi\u00e1lisis y Di\u00e1lisis Peritoneal. - FORUM ECUADOR","robots":{"index":"index","follow":"follow","max-snippet":"max-snippet:-1","max-image-preview":"max-image-preview:large","max-video-preview":"max-video-preview:-1"},"canonical":"https:\/\/forumecuador.com\/es\/product\/programa-de-formacion-enfermeria-en-hemodialisis\/","og_locale":"es_ES","og_type":"article","og_title":"Enfermer\u00eda en Nefrolog\u00eda, Hemodi\u00e1lisis y Di\u00e1lisis Peritoneal. - FORUM ECUADOR","og_url":"https:\/\/forumecuador.com\/es\/product\/programa-de-formacion-enfermeria-en-hemodialisis\/","og_site_name":"FORUM ECUADOR","article_modified_time":"2026-03-16T14:22:18+00:00","twitter_card":"summary_large_image","schema":{"@context":"https:\/\/schema.org","@graph":[{"@type":"WebPage","@id":"https:\/\/forumecuador.com\/product\/programa-de-formacion-enfermeria-en-hemodialisis\/","url":"https:\/\/forumecuador.com\/product\/programa-de-formacion-enfermeria-en-hemodialisis\/","name":"Enfermer\u00eda en Nefrolog\u00eda, Hemodi\u00e1lisis y Di\u00e1lisis Peritoneal. - FORUM ECUADOR","isPartOf":{"@id":"https:\/\/forumecuador.com\/#website"},"primaryImageOfPage":{"@id":"https:\/\/forumecuador.com\/product\/programa-de-formacion-enfermeria-en-hemodialisis\/#primaryimage"},"image":{"@id":"https:\/\/forumecuador.com\/product\/programa-de-formacion-enfermeria-en-hemodialisis\/#primaryimage"},"thumbnailUrl":"https:\/\/forumecuador.com\/wp-content\/uploads\/2026\/03\/HM_PortadaWeb@2x-100.jpg","datePublished":"2026-01-29T17:13:23+00:00","dateModified":"2026-03-16T14:22:18+00:00","breadcrumb":{"@id":"https:\/\/forumecuador.com\/product\/programa-de-formacion-enfermeria-en-hemodialisis\/#breadcrumb"},"inLanguage":"es","potentialAction":[{"@type":"ReadAction","target":["https:\/\/forumecuador.com\/product\/programa-de-formacion-enfermeria-en-hemodialisis\/"]}]},{"@type":"ImageObject","inLanguage":"es","@id":"https:\/\/forumecuador.com\/product\/programa-de-formacion-enfermeria-en-hemodialisis\/#primaryimage","url":"https:\/\/forumecuador.com\/wp-content\/uploads\/2026\/03\/HM_PortadaWeb@2x-100.jpg","contentUrl":"https:\/\/forumecuador.com\/wp-content\/uploads\/2026\/03\/HM_PortadaWeb@2x-100.jpg","width":1600,"height":900},{"@type":"BreadcrumbList","@id":"https:\/\/forumecuador.com\/product\/programa-de-formacion-enfermeria-en-hemodialisis\/#breadcrumb","itemListElement":[{"@type":"ListItem","position":1,"name":"Portada","item":"https:\/\/forumecuador.com\/"},{"@type":"ListItem","position":2,"name":"Productos","item":"https:\/\/forumecuador.com\/shop\/"},{"@type":"ListItem","position":3,"name":"Enfermer\u00eda en Nefrolog\u00eda, Hemodi\u00e1lisis y Di\u00e1lisis Peritoneal."}]},{"@type":"WebSite","@id":"https:\/\/forumecuador.com\/#website","url":"https:\/\/forumecuador.com\/","name":"FORUM ECUADOR","description":"FORMACI\u00d3N CONTINUA DIPLOMADOS","publisher":{"@id":"https:\/\/forumecuador.com\/#organization"},"potentialAction":[{"@type":"SearchAction","target":{"@type":"EntryPoint","urlTemplate":"https:\/\/forumecuador.com\/?s={search_term_string}"},"query-input":{"@type":"PropertyValueSpecification","valueRequired":true,"valueName":"search_term_string"}}],"inLanguage":"es"},{"@type":"Organization","@id":"https:\/\/forumecuador.com\/#organization","name":"FORUM ECUADOR","url":"https:\/\/forumecuador.com\/","logo":{"@type":"ImageObject","inLanguage":"es","@id":"https:\/\/forumecuador.com\/#\/schema\/logo\/image\/","url":"https:\/\/forumecuador.com\/wp-content\/uploads\/2025\/08\/cropped-logo-horizontal-fondo-blanco.png","contentUrl":"https:\/\/forumecuador.com\/wp-content\/uploads\/2025\/08\/cropped-logo-horizontal-fondo-blanco.png","width":900,"height":151,"caption":"FORUM ECUADOR"},"image":{"@id":"https:\/\/forumecuador.com\/#\/schema\/logo\/image\/"}}]}},"_links":{"self":[{"href":"https:\/\/forumecuador.com\/es\/wp-json\/wp\/v2\/product\/29448","targetHints":{"allow":["GET"]}}],"collection":[{"href":"https:\/\/forumecuador.com\/es\/wp-json\/wp\/v2\/product"}],"about":[{"href":"https:\/\/forumecuador.com\/es\/wp-json\/wp\/v2\/types\/product"}],"replies":[{"embeddable":true,"href":"https:\/\/forumecuador.com\/es\/wp-json\/wp\/v2\/comments?post=29448"}],"version-history":[{"count":4,"href":"https:\/\/forumecuador.com\/es\/wp-json\/wp\/v2\/product\/29448\/revisions"}],"predecessor-version":[{"id":69127,"href":"https:\/\/forumecuador.com\/es\/wp-json\/wp\/v2\/product\/29448\/revisions\/69127"}],"wp:featuredmedia":[{"embeddable":true,"href":"https:\/\/forumecuador.com\/es\/wp-json\/wp\/v2\/media\/69107"}],"wp:attachment":[{"href":"https:\/\/forumecuador.com\/es\/wp-json\/wp\/v2\/media?parent=29448"}],"wp:term":[{"taxonomy":"product_brand","embeddable":true,"href":"https:\/\/forumecuador.com\/es\/wp-json\/wp\/v2\/product_brand?post=29448"},{"taxonomy":"product_cat","embeddable":true,"href":"https:\/\/forumecuador.com\/es\/wp-json\/wp\/v2\/product_cat?post=29448"},{"taxonomy":"product_tag","embeddable":true,"href":"https:\/\/forumecuador.com\/es\/wp-json\/wp\/v2\/product_tag?post=29448"}],"curies":[{"name":"wp","href":"https:\/\/api.w.org\/{rel}","templated":true}]}}